{"id":156949,"date":"2025-12-18T23:14:04","date_gmt":"2025-12-18T20:14:04","guid":{"rendered":"https:\/\/baldumarket.lt\/product\/szafka-kuchenna-gorna-witryna-1-drzwiowa-lewa-g30s-l-prowansja-sosna-andersen-bialy-mat\/"},"modified":"2026-02-06T13:09:04","modified_gmt":"2026-02-06T10:09:04","slug":"szafka-kuchenna-gorna-witryna-1-drzwiowa-lewa-g30s-l-prowansja-sosna-andersen-bialy-mat","status":"publish","type":"product","link":"https:\/\/baldumarket.lt\/lt\/product\/szafka-kuchenna-gorna-witryna-1-drzwiowa-lewa-g30s-l-prowansja-sosna-andersen-bialy-mat\/","title":{"rendered":"Vir\u0161utin\u0117 virtuv\u0117s spintel\u0117, 1 dur\u0173, kair\u0117, G30S-L, provanso pu\u0161is, Anderseno balta matin\u0117"},"content":{"rendered":"<p>\u012ene\u0161kite Provanso virtuv\u0117s dvasi\u0105 \u012f savo namus su eleganti\u0161ka vir\u0161utine spintele \u201cGa\u0142a Meble\u201d. \u0160i unikali, kair\u0117s pus\u0117s G30S-L spintel\u0117 i\u0161 \u201cProvence\u201d kolekcijos derina stili\u0173 ir funkcionalum\u0105, neabejotinai suteikdama j\u016bs\u0173 virtuvei unikalaus \u017eavesio. I\u0161 MDF su \u201eAndersen Pine\u201c apdaila pagaminti fasadai gra\u017eiai kontrastuoja su matin\u0117s baltos spalvos korpusu, sukurdami harmoning\u0105, esteti\u0161kai patraukli\u0105 visum\u0105. Sukurta atsi\u017evelgiant \u012f kasdienius kulinarinius i\u0161\u0161\u016bkius, \u0161i vir\u0161utin\u0117 spintel\u0117 \u017eavi ne tik savo i\u0161vaizda, bet ir prakti\u0161kumu. D\u0117l kompakti\u0161k\u0173 matmen\u0173 (plotis 30 cm, auk\u0161tis 72 cm) ji puikiai tiks bet kurioje virtuv\u0117je, o tai leis maksimaliai i\u0161naudoti turim\u0105 erdv\u0119. Idealiai tinka stalo \u012frankiams, prieskoniams ir smulkiems virtuv\u0117s reikmenims laikyti, ji taip pat palaiko tvark\u0105 ir organizuotum\u0105 virtuv\u0117je. Juoda metalin\u0117 rankena \u2013 detal\u0117, suteikianti spintelei elegancijos ir modernumo. Spintel\u0119 atidaryti ne\u012ftik\u0117tinai lengva d\u0117l savaime u\u017esidaran\u010di\u0173 vyri\u0173, u\u017etikrinan\u010di\u0173 patog\u0173 kasdien\u012f naudojim\u0105. D\u0117mesys detal\u0117ms ir geriausi\u0173 med\u017eiag\u0173 naudojimas paver\u010dia \u0161i\u0105 spintel\u0119 patvariu j\u016bs\u0173 virtuv\u0117s papildymu ilgus metus.<\/p>","protected":false},"excerpt":{"rendered":"<p>Plotis (cm): 30<br \/>\n\u016agis (cm): 72<br \/>\nGylis (cm): 32<\/p>","protected":false},"featured_media":156950,"comment_status":"open","ping_status":"open","template":"","meta":[],"product_brand":[],"product_cat":[9444,9441,4106,9118],"product_tag":[],"class_list":{"0":"post-156949","1":"product","2":"type-product","3":"status-publish","4":"has-post-thumbnail","6":"product_cat-kitchen-system-prowansja-sosna-andersen","7":"product_cat-white","8":"product_cat-gala-meble","9":"product_cat-kitchen-cabinets","11":"first","12":"instock","13":"purchasable","14":"product-type-simple"},"_links":{"self":[{"href":"https:\/\/baldumarket.lt\/lt\/wp-json\/wp\/v2\/product\/156949","targetHints":{"allow":["GET"]}}],"collection":[{"href":"https:\/\/baldumarket.lt\/lt\/wp-json\/wp\/v2\/product"}],"about":[{"href":"https:\/\/baldumarket.lt\/lt\/wp-json\/wp\/v2\/types\/product"}],"replies":[{"embeddable":true,"href":"https:\/\/baldumarket.lt\/lt\/wp-json\/wp\/v2\/comments?post=156949"}],"wp:featuredmedia":[{"embeddable":true,"href":"https:\/\/baldumarket.lt\/lt\/wp-json\/wp\/v2\/media\/156950"}],"wp:attachment":[{"href":"https:\/\/baldumarket.lt\/lt\/wp-json\/wp\/v2\/media?parent=156949"}],"wp:term":[{"taxonomy":"product_brand","embeddable":true,"href":"https:\/\/baldumarket.lt\/lt\/wp-json\/wp\/v2\/product_brand?post=156949"},{"taxonomy":"product_cat","embeddable":true,"href":"https:\/\/baldumarket.lt\/lt\/wp-json\/wp\/v2\/product_cat?post=156949"},{"taxonomy":"product_tag","embeddable":true,"href":"https:\/\/baldumarket.lt\/lt\/wp-json\/wp\/v2\/product_tag?post=156949"}],"curies":[{"name":"wp","href":"https:\/\/api.w.org\/{rel}","templated":true}]}}