{"id":156945,"date":"2025-12-18T23:13:56","date_gmt":"2025-12-18T20:13:56","guid":{"rendered":"https:\/\/baldumarket.lt\/product\/szafka-kuchenna-gorna-witryna-1-drzwiowa-lewa-g30s-l-sycylia-andersen\/"},"modified":"2026-02-06T12:47:21","modified_gmt":"2026-02-06T09:47:21","slug":"szafka-kuchenna-gorna-witryna-1-drzwiowa-lewa-g30s-l-sycylia-andersen","status":"publish","type":"product","link":"https:\/\/baldumarket.lt\/lt\/product\/szafka-kuchenna-gorna-witryna-1-drzwiowa-lewa-g30s-l-sycylia-andersen\/","title":{"rendered":"Vir\u0161utin\u0117 virtuv\u0117s spintel\u0117, vienv\u0117r\u0117, kair\u0117, G30S-L, Sicily Andersen"},"content":{"rendered":"<p>Suteikite savo virtuvei elegancijos ir funkcionalumo su vir\u0161utine vitrina i\u0161 \u201eSycylia Andersen\u201c kolekcijos, kuri\u0105 suk\u016br\u0117 \u201eGa\u0142a Meble\u201c. \u0160i unikali spintel\u0117 derina modern\u0173 dizain\u0105 su klasikine apdaila, puikiai papildan\u010dia dabartines interjero dizaino tendencijas. Tai suteikia bet kuriai virtuvei mading\u0105 ir jauki\u0105 i\u0161vaizd\u0105.<\/p>\n<p>Stilingas Anderseno pu\u0161ies priekin\u0117s dalies ir matin\u0117s baltos spalvos korpuso spalv\u0173 derinys daro \u0161i\u0105 spintel\u0119 puikiai tinkan\u010di\u0105 \u012fvairiems virtuv\u0117s dizainams. Jos estetika ne tik traukia ak\u012f, bet ir sukuria ramyb\u0117s bei harmonijos atmosfer\u0105. Eleganti\u0161ka sidabrin\u0117 plastikin\u0117 rankena suteikia subtilaus pra\u0161matnumo ir patogumo naudoti.<\/p>\n<p>Nors ir subtilios formos, \u201eSycylia Andersen G30S-L\u201c spintel\u0117 si\u016blo prakti\u0161kus sprendimus kasdieniam naudojimui. D\u0117l gerai apgalvoto dizaino tai puiki vieta laikyti svarbiausius virtuv\u0117s reikmenis. Galite lengvai susitvarkyti savo virtuv\u0117s erdv\u0119, kad viskas, ko jums reikia, b\u016bt\u0173 po ranka.<\/p>\n<p>Spintel\u0117s surinkimas patiems ne tik leid\u017eia suasmeninti erdv\u0119, bet ir yra naudinga u\u017eduotis, priartinanti prie tobulo virtuv\u0117s dizaino. Auk\u0161tos kokyb\u0117s med\u017eiagos, tokios kaip MDF priekin\u0117 dalis ir laminuota plok\u0161t\u0117 korpuse, garantuoja spintel\u0117s patvarum\u0105 ir gro\u017e\u012f ilgus metus. Rinkit\u0117s nesenstant\u012f dizain\u0105 ir funkcionalum\u0105 su \u201eGa\u0142a Meble\u201c.<\/p>","protected":false},"excerpt":{"rendered":"<p>Plotis (cm): 30<br \/>\n\u016agis (cm): 72<br \/>\nGylis (cm): 32<\/p>","protected":false},"featured_media":156946,"comment_status":"open","ping_status":"open","template":"","meta":[],"product_brand":[],"product_cat":[9440,9441,4106,9118],"product_tag":[],"class_list":{"0":"post-156945","1":"product","2":"type-product","3":"status-publish","4":"has-post-thumbnail","6":"product_cat-kitchen-system-sycylia-sosna-andersen","7":"product_cat-white","8":"product_cat-gala-meble","9":"product_cat-kitchen-cabinets","11":"first","12":"instock","13":"purchasable","14":"product-type-simple"},"_links":{"self":[{"href":"https:\/\/baldumarket.lt\/lt\/wp-json\/wp\/v2\/product\/156945","targetHints":{"allow":["GET"]}}],"collection":[{"href":"https:\/\/baldumarket.lt\/lt\/wp-json\/wp\/v2\/product"}],"about":[{"href":"https:\/\/baldumarket.lt\/lt\/wp-json\/wp\/v2\/types\/product"}],"replies":[{"embeddable":true,"href":"https:\/\/baldumarket.lt\/lt\/wp-json\/wp\/v2\/comments?post=156945"}],"wp:featuredmedia":[{"embeddable":true,"href":"https:\/\/baldumarket.lt\/lt\/wp-json\/wp\/v2\/media\/156946"}],"wp:attachment":[{"href":"https:\/\/baldumarket.lt\/lt\/wp-json\/wp\/v2\/media?parent=156945"}],"wp:term":[{"taxonomy":"product_brand","embeddable":true,"href":"https:\/\/baldumarket.lt\/lt\/wp-json\/wp\/v2\/product_brand?post=156945"},{"taxonomy":"product_cat","embeddable":true,"href":"https:\/\/baldumarket.lt\/lt\/wp-json\/wp\/v2\/product_cat?post=156945"},{"taxonomy":"product_tag","embeddable":true,"href":"https:\/\/baldumarket.lt\/lt\/wp-json\/wp\/v2\/product_tag?post=156945"}],"curies":[{"name":"wp","href":"https:\/\/api.w.org\/{rel}","templated":true}]}}