{"id":156941,"date":"2025-12-18T23:13:48","date_gmt":"2025-12-18T20:13:48","guid":{"rendered":"https:\/\/baldumarket.lt\/product\/szafka-kuchenna-gorna-witryna-1-drzwiowa-lewa-g30s-l-sycylia-orzech\/"},"modified":"2026-02-06T14:33:03","modified_gmt":"2026-02-06T11:33:03","slug":"szafka-kuchenna-gorna-witryna-1-drzwiowa-lewa-g30s-l-sycylia-orzech","status":"publish","type":"product","link":"https:\/\/baldumarket.lt\/lt\/product\/szafka-kuchenna-gorna-witryna-1-drzwiowa-lewa-g30s-l-sycylia-orzech\/","title":{"rendered":"Vir\u0161utin\u0117 virtuv\u0117s spintel\u0117, 1 dur\u0173, kair\u0117, G30S-L, Sicily Walnut"},"content":{"rendered":"<p>\u0160i eleganti\u0161ka, kair\u0117je pus\u0117je atidaroma, vien\u0173 dureli\u0173 virtuv\u0117s spintel\u0117 yra ne tik baldas, bet ir detal\u0117, suteiksianti j\u016bs\u0173 virtuvei unikalaus charakterio. \u201eGa\u0142a Meble\u201c \u201eSicylia Walnut\u201c serija derina klasikin\u012f stili\u0173 su modernia apdaila, tod\u0117l tai puikus pasirinkimas tiems, kurie vertina harmoning\u0105 interjer\u0105. \u201eMilano Walnut\u201c spalva sukuria \u0161ilt\u0105 ir jauk\u0173 poj\u016bt\u012f, kuris tinka bet kuriai virtuvei.<\/p>\n<p>Pastatyta aki\u0173 lygyje, \u0161i spintel\u0117 s\u0117kmingai i\u0161ry\u0161kins j\u016bs\u0173 m\u0117gstamiausius virtuv\u0117s daiktus \u2013 nuo eleganti\u0161k\u0173 tauri\u0173 iki stiling\u0173 porcelianini\u0173 puodeli\u0173. Funkcionalumas dera su estetika, tod\u0117l \u0161ios spintel\u0117s \u012fsigijimas bus i\u0161mintingas pasirinkimas. 72 cm auk\u0161tis suteikia daug vietos daiktams susid\u0117ti, o spintel\u0117 skland\u017eiai dera su likusia virtuv\u0117s erdve.<\/p>\n<p>Tvirta MDF ir laminuotos plok\u0161t\u0117s konstrukcija u\u017etikrina ilgaam\u017ei\u0161kum\u0105 ir nepriekai\u0161ting\u0105 i\u0161vaizd\u0105 ilgus metus. Vienoda Milano Walnut fasado ir korpuso spalva dera prie \u012fvairi\u0173 virtuv\u0117s dizain\u0173 \u2013 nuo klasikinio iki modernaus. \u0160i virtuv\u0117s spintel\u0117 gali tapti universaliu j\u016bs\u0173 virtuv\u0117s elementu, derinan\u010diu funkcionalum\u0105 su estetiniu rafinuotumu.<\/p>\n<p>Paprastas surinkimas patiems rei\u0161kia, kad greitai gal\u0117site m\u0117gautis savo nauju virtuv\u0117s priedu. Sidabrin\u0117s plastikin\u0117s ranken\u0117l\u0117s suteikia \u0161iai spintelei subtil\u0173 modernum\u0105, kuris subtiliai kontrastuoja su klasikine apdailos i\u0161vaizda. Sicilieti\u0161kas stilius \u2013 puikus sprendimas tiems, kurie ie\u0161ko nesenstan\u010dios elegancijos su modernumo prieskoniu.<\/p>","protected":false},"excerpt":{"rendered":"<p>Plotis (cm): 30<br \/>\n\u016agis (cm): 72<br \/>\nGylis (cm): 32<\/p>","protected":false},"featured_media":156942,"comment_status":"open","ping_status":"open","template":"","meta":[],"product_brand":[],"product_cat":[9450,4106,9118],"product_tag":[],"class_list":{"0":"post-156941","1":"product","2":"type-product","3":"status-publish","4":"has-post-thumbnail","6":"product_cat-kitchen-system-sycylia-orzech-milano","7":"product_cat-gala-meble","8":"product_cat-kitchen-cabinets","10":"first","11":"instock","12":"purchasable","13":"product-type-simple"},"_links":{"self":[{"href":"https:\/\/baldumarket.lt\/lt\/wp-json\/wp\/v2\/product\/156941","targetHints":{"allow":["GET"]}}],"collection":[{"href":"https:\/\/baldumarket.lt\/lt\/wp-json\/wp\/v2\/product"}],"about":[{"href":"https:\/\/baldumarket.lt\/lt\/wp-json\/wp\/v2\/types\/product"}],"replies":[{"embeddable":true,"href":"https:\/\/baldumarket.lt\/lt\/wp-json\/wp\/v2\/comments?post=156941"}],"wp:featuredmedia":[{"embeddable":true,"href":"https:\/\/baldumarket.lt\/lt\/wp-json\/wp\/v2\/media\/156942"}],"wp:attachment":[{"href":"https:\/\/baldumarket.lt\/lt\/wp-json\/wp\/v2\/media?parent=156941"}],"wp:term":[{"taxonomy":"product_brand","embeddable":true,"href":"https:\/\/baldumarket.lt\/lt\/wp-json\/wp\/v2\/product_brand?post=156941"},{"taxonomy":"product_cat","embeddable":true,"href":"https:\/\/baldumarket.lt\/lt\/wp-json\/wp\/v2\/product_cat?post=156941"},{"taxonomy":"product_tag","embeddable":true,"href":"https:\/\/baldumarket.lt\/lt\/wp-json\/wp\/v2\/product_tag?post=156941"}],"curies":[{"name":"wp","href":"https:\/\/api.w.org\/{rel}","templated":true}]}}