{"id":156936,"date":"2025-12-18T23:13:37","date_gmt":"2025-12-18T20:13:37","guid":{"rendered":"https:\/\/baldumarket.lt\/product\/szafka-kuchenna-gorna-witryna-1-drzwiowa-lewa-g40s-l-prowansja-sosna-andersen-bialy-mat\/"},"modified":"2026-02-06T13:09:04","modified_gmt":"2026-02-06T10:09:04","slug":"szafka-kuchenna-gorna-witryna-1-drzwiowa-lewa-g40s-l-prowansja-sosna-andersen-bialy-mat","status":"publish","type":"product","link":"https:\/\/baldumarket.lt\/lt\/product\/szafka-kuchenna-gorna-witryna-1-drzwiowa-lewa-g40s-l-prowansja-sosna-andersen-bialy-mat\/","title":{"rendered":"Vir\u0161utin\u0117 virtuv\u0117s spintel\u0117, 1 dur\u0173, kair\u0117, G40S-L, provanso pu\u0161is, Anderseno balta matin\u0117"},"content":{"rendered":"<p>Sukurta galvojant apie eleganti\u0161k\u0105 ir funkcional\u0173 Provanso interjero \u017eaves\u012f, kair\u0117je pus\u0117je atidaroma vir\u0161utin\u0117 vitrina i\u0161 \u201eGa\u0142a Meble\u201c tampa tikru bet kurios virtuv\u0117s centru. Klasikinio stiliaus derinimas su moderniais sprendimais, tokiais kaip matin\u0117 apdaila ir subtil\u016bs akcentai, yra paprastas b\u016bdas sukurti erdv\u0119, kuri d\u017eiugina ir \u012fkvepia. Anderseno pu\u0161ies fasadas suteikia spintelei \u0161ilt\u0105 ir jauk\u0173 charakter\u012f \u2013 tai Provanso stiliaus po\u017eymis. Subtilus medienos ra\u0161tas papildo matin\u0117s baltos spalvos korpus\u0105, sukurdamas harmoning\u0105 ir darni\u0105 kompozicij\u0105. Tai puikus sprendimas tiems, kurie vertina nat\u016bral\u0173 gro\u017e\u012f ir ramyb\u0119 savo namuose. \u012erengus savo virtuv\u0119 \u0161ia unikalia vitrina, ne tik pager\u0117ja jos estetinis patrauklumas, bet ir suteikiama prakti\u0161ka daikt\u0173 laikymo vieta. Kontrastingos juodos spalvos metalin\u0117 rankena suteikia modernumo, o savaime u\u017esidarantys vyriai u\u017etikrina komfort\u0105 ir ilgaam\u017ei\u0161kum\u0105.<\/p>","protected":false},"excerpt":{"rendered":"<p>Plotis (cm): 40<br \/>\n\u016agis (cm): 72<br \/>\nGylis (cm): 32<\/p>","protected":false},"featured_media":156937,"comment_status":"open","ping_status":"open","template":"","meta":[],"product_brand":[],"product_cat":[9444,9441,4106,9118],"product_tag":[],"class_list":{"0":"post-156936","1":"product","2":"type-product","3":"status-publish","4":"has-post-thumbnail","6":"product_cat-kitchen-system-prowansja-sosna-andersen","7":"product_cat-white","8":"product_cat-gala-meble","9":"product_cat-kitchen-cabinets","11":"first","12":"instock","13":"purchasable","14":"product-type-simple"},"_links":{"self":[{"href":"https:\/\/baldumarket.lt\/lt\/wp-json\/wp\/v2\/product\/156936","targetHints":{"allow":["GET"]}}],"collection":[{"href":"https:\/\/baldumarket.lt\/lt\/wp-json\/wp\/v2\/product"}],"about":[{"href":"https:\/\/baldumarket.lt\/lt\/wp-json\/wp\/v2\/types\/product"}],"replies":[{"embeddable":true,"href":"https:\/\/baldumarket.lt\/lt\/wp-json\/wp\/v2\/comments?post=156936"}],"wp:featuredmedia":[{"embeddable":true,"href":"https:\/\/baldumarket.lt\/lt\/wp-json\/wp\/v2\/media\/156937"}],"wp:attachment":[{"href":"https:\/\/baldumarket.lt\/lt\/wp-json\/wp\/v2\/media?parent=156936"}],"wp:term":[{"taxonomy":"product_brand","embeddable":true,"href":"https:\/\/baldumarket.lt\/lt\/wp-json\/wp\/v2\/product_brand?post=156936"},{"taxonomy":"product_cat","embeddable":true,"href":"https:\/\/baldumarket.lt\/lt\/wp-json\/wp\/v2\/product_cat?post=156936"},{"taxonomy":"product_tag","embeddable":true,"href":"https:\/\/baldumarket.lt\/lt\/wp-json\/wp\/v2\/product_tag?post=156936"}],"curies":[{"name":"wp","href":"https:\/\/api.w.org\/{rel}","templated":true}]}}