{"id":156932,"date":"2025-12-18T23:13:30","date_gmt":"2025-12-18T20:13:30","guid":{"rendered":"https:\/\/baldumarket.lt\/product\/szafka-kuchenna-gorna-witryna-1-drzwiowa-lewa-g40s-l-sycylia-andersen\/"},"modified":"2026-02-06T12:47:21","modified_gmt":"2026-02-06T09:47:21","slug":"szafka-kuchenna-gorna-witryna-1-drzwiowa-lewa-g40s-l-sycylia-andersen","status":"publish","type":"product","link":"https:\/\/baldumarket.lt\/lt\/product\/szafka-kuchenna-gorna-witryna-1-drzwiowa-lewa-g40s-l-sycylia-andersen\/","title":{"rendered":"Vir\u0161utin\u0117 virtuv\u0117s spintel\u0117, vienv\u0117r\u0117, kair\u0117, G40S-L, Sicily Andersen"},"content":{"rendered":"<p>Pristatome vir\u0161utin\u0119 virtuv\u0117s spintel\u0119 i\u0161 garsaus \u201eGa\u0142a Meble\u201c prek\u0117s \u017eenklo \u201eAndersen Sycylia\u201c kolekcijos \u2013 ji neabejotinai suteiks j\u016bs\u0173 virtuvei unikalaus \u017eavesio. \u0160i dizainerio spintel\u0117, kuri\u0105 galima \u012fsigyti kair\u0117s rankos versijoje, derina modern\u0173 minimalizm\u0105 su klasikin\u0117s elegancijos prisilietimu. \u201eAndersen\u201c pu\u0161ies priekin\u0117 dalis ir matin\u0117s baltos spalvos korpusas sukuria harmoning\u0105 visum\u0105, kuri puikiai papildo \u0161iuolaikines interjero tendencijas.<\/p>\n<p>\u0160i kruop\u0161\u010diai suprojektuota spintel\u0117 pasi\u017eymi ne tik estetiniu patrauklumu, bet ir funkcionalumu, puikiai tinkan\u010dia kasdieniam naudojimui. Tai puiki vieta eksponuoti m\u0117gstamiausius porceliano servizus ar stilingus stiklinius indus, kuriuos norite visada tur\u0117ti po ranka ir gerai matomoje vietoje. Lygios linijos ir subtili apdaila suteikia visai konstrukcijai lengvumo, tod\u0117l \u0161i spintel\u0117 puikiai tinka tiek moderniam, tiek klasikiniam interjerui.<\/p>\n<p>Vir\u0161utin\u0117 vitrina \u2013 paprastumo ir subtilumo simbolis. D\u0117l MDF panaudojimo priekin\u0117je dalyje ir laminuotos plok\u0161t\u0117s korpuse \u0161is baldas yra patvarus ir atsparus kasdieniams \u012fbr\u0117\u017eimams. D\u0117l \u0161i\u0173 savybi\u0173 jo gro\u017eiu gal\u0117site d\u017eiaugtis ilgus metus. Sidabrin\u0117s plastikin\u0117s rankenos suteikia modernumo, pabr\u0117\u017eia dizaino modernum\u0105 ir palengvina dureli\u0173 atidarym\u0105.<\/p>\n<p>\u0160i prakti\u0161ka, ta\u010diau ne\u012ftik\u0117tinai eleganti\u0161ka spintel\u0117 sukurta savaranki\u0161kam surinkimui, suteikdama jums pasitenkinim\u0105, kad galite pasistengti kurdami savo interjer\u0105. \u201eAndersen Sicily\u201c vitrina yra ry\u0161kus bet kurios virtuv\u0117s papildymas, padedantis unikaliai organizuoti erdv\u0119. Jos dizainas tikrai pelnys tiek \u0161eimos nari\u0173, tiek sve\u010di\u0173 susi\u017eav\u0117jim\u0105.<\/p>","protected":false},"excerpt":{"rendered":"<p>Plotis (cm): 40<br \/>\n\u016agis (cm): 72<br \/>\nGylis (cm): 32<\/p>","protected":false},"featured_media":156933,"comment_status":"open","ping_status":"open","template":"","meta":[],"product_brand":[],"product_cat":[9440,9441,4106,9118],"product_tag":[],"class_list":{"0":"post-156932","1":"product","2":"type-product","3":"status-publish","4":"has-post-thumbnail","6":"product_cat-kitchen-system-sycylia-sosna-andersen","7":"product_cat-white","8":"product_cat-gala-meble","9":"product_cat-kitchen-cabinets","11":"first","12":"instock","13":"purchasable","14":"product-type-simple"},"_links":{"self":[{"href":"https:\/\/baldumarket.lt\/lt\/wp-json\/wp\/v2\/product\/156932","targetHints":{"allow":["GET"]}}],"collection":[{"href":"https:\/\/baldumarket.lt\/lt\/wp-json\/wp\/v2\/product"}],"about":[{"href":"https:\/\/baldumarket.lt\/lt\/wp-json\/wp\/v2\/types\/product"}],"replies":[{"embeddable":true,"href":"https:\/\/baldumarket.lt\/lt\/wp-json\/wp\/v2\/comments?post=156932"}],"wp:featuredmedia":[{"embeddable":true,"href":"https:\/\/baldumarket.lt\/lt\/wp-json\/wp\/v2\/media\/156933"}],"wp:attachment":[{"href":"https:\/\/baldumarket.lt\/lt\/wp-json\/wp\/v2\/media?parent=156932"}],"wp:term":[{"taxonomy":"product_brand","embeddable":true,"href":"https:\/\/baldumarket.lt\/lt\/wp-json\/wp\/v2\/product_brand?post=156932"},{"taxonomy":"product_cat","embeddable":true,"href":"https:\/\/baldumarket.lt\/lt\/wp-json\/wp\/v2\/product_cat?post=156932"},{"taxonomy":"product_tag","embeddable":true,"href":"https:\/\/baldumarket.lt\/lt\/wp-json\/wp\/v2\/product_tag?post=156932"}],"curies":[{"name":"wp","href":"https:\/\/api.w.org\/{rel}","templated":true}]}}