{"id":156928,"date":"2025-12-18T23:13:22","date_gmt":"2025-12-18T20:13:22","guid":{"rendered":"https:\/\/baldumarket.lt\/product\/szafka-kuchenna-gorna-witryna-1-drzwiowa-lewa-g40s-l-sycylia-orzech\/"},"modified":"2026-02-06T14:33:03","modified_gmt":"2026-02-06T11:33:03","slug":"szafka-kuchenna-gorna-witryna-1-drzwiowa-lewa-g40s-l-sycylia-orzech","status":"publish","type":"product","link":"https:\/\/baldumarket.lt\/lt\/product\/szafka-kuchenna-gorna-witryna-1-drzwiowa-lewa-g40s-l-sycylia-orzech\/","title":{"rendered":"Vir\u0161utin\u0117 virtuv\u0117s spintel\u0117, 1 dur\u0173, kair\u0117, G40S-L, Sicily Walnut"},"content":{"rendered":"<p>Atraskite virtuv\u0117s spintel\u0119, kuri j\u016bs\u0173 virtuvei suteiks ne tik elegancijos, bet ir prakti\u0161kumo. \u0160i vienpus\u0117 vir\u0161utin\u0117 vitrina puikiai dera prie bet kokio estetinio interjero, o Milano rie\u0161utmed\u017eio atspalvis suteikia interjerui \u0161ilumos ir jaukumo. Tamsios medienos ir subtilios sidabrin\u0117s rankenos derinys paver\u010dia \u0161\u012f bald\u0105 unikaliu bet kurio virtuv\u0117s dizaino elementu.<\/p>\n<p>\u201eSycylia\u201c kolekcijos virtuv\u0117s spintel\u0117 G40S-L pagaminta i\u0161 auk\u0161tos kokyb\u0117s med\u017eiag\u0173, u\u017etikrinan\u010di\u0173 jos patvarum\u0105 ir ilgaam\u017ei\u0161kum\u0105. MDF ir laminuotos plok\u0161t\u0117s, naudojamos fasadams ir korpusui, garantuoja patvarum\u0105 ir suteikia modernumo. Tai rei\u0161kia, kad \u0161is baldas ne tik atrodo stilingai, bet ir puikiai veikia, i\u0161lieka atsparus kasdieniam naudojimui.<\/p>\n<p>\u0160ios spintel\u0117s funkcionalumas leid\u017eia lengviau ir intuityviau organizuoti virtuv\u0117s erdv\u0119. Kruop\u0161\u010diai suprojektuotas interjeras leid\u017eia idealiai valdyti erdv\u0119, o tai ypa\u010d svarbu ma\u017eesn\u0117se virtuv\u0117se. Vien\u0173 dureli\u0173 vitrina leid\u017eia greitai pasiekti b\u016btiniausius daiktus, o stiklin\u0117s plok\u0161t\u0117s suteikia interjerui lengvumo.<\/p>\n<p>Spintel\u0119 greitai ir lengvai surenkama, tod\u0117l tai puikus pasirinkimas tiems, kurie vertina komfort\u0105 ir nepriklausomyb\u0119. Visi komponentai buvo tiksliai suprojektuoti taip, kad b\u016bt\u0173 lengva surinkti ir kartu b\u016bt\u0173 malonu kurti savo nam\u0173 interjer\u0105. Investuokite \u012f virtuv\u0117s spintel\u0119, kuri pakeis j\u016bs\u0173 erdv\u0119, derindama estetik\u0105 su prakti\u0161kumu.<\/p>","protected":false},"excerpt":{"rendered":"<p>Plotis (cm): 40<br \/>\n\u016agis (cm): 72<br \/>\nGylis (cm): 32<\/p>","protected":false},"featured_media":156929,"comment_status":"open","ping_status":"open","template":"","meta":[],"product_brand":[],"product_cat":[9450,4106,9118],"product_tag":[],"class_list":{"0":"post-156928","1":"product","2":"type-product","3":"status-publish","4":"has-post-thumbnail","6":"product_cat-kitchen-system-sycylia-orzech-milano","7":"product_cat-gala-meble","8":"product_cat-kitchen-cabinets","10":"first","11":"instock","12":"purchasable","13":"product-type-simple"},"_links":{"self":[{"href":"https:\/\/baldumarket.lt\/lt\/wp-json\/wp\/v2\/product\/156928","targetHints":{"allow":["GET"]}}],"collection":[{"href":"https:\/\/baldumarket.lt\/lt\/wp-json\/wp\/v2\/product"}],"about":[{"href":"https:\/\/baldumarket.lt\/lt\/wp-json\/wp\/v2\/types\/product"}],"replies":[{"embeddable":true,"href":"https:\/\/baldumarket.lt\/lt\/wp-json\/wp\/v2\/comments?post=156928"}],"wp:featuredmedia":[{"embeddable":true,"href":"https:\/\/baldumarket.lt\/lt\/wp-json\/wp\/v2\/media\/156929"}],"wp:attachment":[{"href":"https:\/\/baldumarket.lt\/lt\/wp-json\/wp\/v2\/media?parent=156928"}],"wp:term":[{"taxonomy":"product_brand","embeddable":true,"href":"https:\/\/baldumarket.lt\/lt\/wp-json\/wp\/v2\/product_brand?post=156928"},{"taxonomy":"product_cat","embeddable":true,"href":"https:\/\/baldumarket.lt\/lt\/wp-json\/wp\/v2\/product_cat?post=156928"},{"taxonomy":"product_tag","embeddable":true,"href":"https:\/\/baldumarket.lt\/lt\/wp-json\/wp\/v2\/product_tag?post=156928"}],"curies":[{"name":"wp","href":"https:\/\/api.w.org\/{rel}","templated":true}]}}