{"id":156922,"date":"2025-12-18T23:13:09","date_gmt":"2025-12-18T20:13:09","guid":{"rendered":"https:\/\/baldumarket.lt\/product\/szafka-kuchenna-gorna-witryna-1-drzwiowa-prawa-g30s-p-prowansja-sosna-andersen-bialy-mat\/"},"modified":"2026-02-06T13:09:04","modified_gmt":"2026-02-06T10:09:04","slug":"szafka-kuchenna-gorna-witryna-1-drzwiowa-prawa-g30s-p-prowansja-sosna-andersen-bialy-mat","status":"publish","type":"product","link":"https:\/\/baldumarket.lt\/lt\/product\/szafka-kuchenna-gorna-witryna-1-drzwiowa-prawa-g30s-p-prowansja-sosna-andersen-bialy-mat\/","title":{"rendered":"Vir\u0161utin\u0117 virtuv\u0117s spintel\u0117, 1 dur\u0173, de\u0161inin\u0117, G30S-P, provanso pu\u0161is, Anderseno balta matin\u0117"},"content":{"rendered":"<p>Atgaivinkite savo virtuv\u0119 su \u0161ia eleganti\u0161ka vir\u0161utine vitrina. Sukurta tiems, kurie vertina stili\u0173 ir funkcionalum\u0105, ji puikiai papildo interjer\u0105 su modernios klasikos prisilietimu. Subtilus Anderseno pu\u0161ies atspalvis priekin\u0117je pus\u0117je kartu su subtilia matine balta korpusu sukuria harmoning\u0105 kompozicij\u0105, suteikian\u010di\u0105 kambariui \u0161viesumo ir erdv\u0117s poj\u016bt\u012f. Spintel\u0117s dizainas atspindi Provanso stiliaus \u012fkv\u0117pt\u0105 estetik\u0105, kur gamta susitinka su paprastumu. Pagaminta i\u0161 MDF, ji yra patvari ir lengvai valoma. Kontrastingos juodos metalin\u0117s rankenos suteikia modernumo, traukia ak\u012f ir pabr\u0117\u017eia interjero charakter\u012f. \u0160ios spintel\u0117s funkcionalumas slypi tame, kad ji puikiai dera prie bet kokios virtuv\u0117s erdv\u0117s, padidina jos prakti\u0161kum\u0105 ir organizuotum\u0105. Idealiai tinka indams, stiklin\u0117ms ar prieskoniams laikyti, ji paver\u010dia kasdienius virtuv\u0117s darbus paprastais ir maloniais. Savaime u\u017esidarantys vyriai u\u017etikrina skland\u0173 ir tyl\u0173 u\u017edarym\u0105, padidindami komfort\u0105.<\/p>","protected":false},"excerpt":{"rendered":"<p>Plotis (cm): 30<br \/>\n\u016agis (cm): 72<br \/>\nGylis (cm): 32<\/p>","protected":false},"featured_media":156923,"comment_status":"open","ping_status":"open","template":"","meta":[],"product_brand":[],"product_cat":[9444,9441,4106,9118],"product_tag":[],"class_list":{"0":"post-156922","1":"product","2":"type-product","3":"status-publish","4":"has-post-thumbnail","6":"product_cat-kitchen-system-prowansja-sosna-andersen","7":"product_cat-white","8":"product_cat-gala-meble","9":"product_cat-kitchen-cabinets","11":"first","12":"instock","13":"purchasable","14":"product-type-simple"},"_links":{"self":[{"href":"https:\/\/baldumarket.lt\/lt\/wp-json\/wp\/v2\/product\/156922","targetHints":{"allow":["GET"]}}],"collection":[{"href":"https:\/\/baldumarket.lt\/lt\/wp-json\/wp\/v2\/product"}],"about":[{"href":"https:\/\/baldumarket.lt\/lt\/wp-json\/wp\/v2\/types\/product"}],"replies":[{"embeddable":true,"href":"https:\/\/baldumarket.lt\/lt\/wp-json\/wp\/v2\/comments?post=156922"}],"wp:featuredmedia":[{"embeddable":true,"href":"https:\/\/baldumarket.lt\/lt\/wp-json\/wp\/v2\/media\/156923"}],"wp:attachment":[{"href":"https:\/\/baldumarket.lt\/lt\/wp-json\/wp\/v2\/media?parent=156922"}],"wp:term":[{"taxonomy":"product_brand","embeddable":true,"href":"https:\/\/baldumarket.lt\/lt\/wp-json\/wp\/v2\/product_brand?post=156922"},{"taxonomy":"product_cat","embeddable":true,"href":"https:\/\/baldumarket.lt\/lt\/wp-json\/wp\/v2\/product_cat?post=156922"},{"taxonomy":"product_tag","embeddable":true,"href":"https:\/\/baldumarket.lt\/lt\/wp-json\/wp\/v2\/product_tag?post=156922"}],"curies":[{"name":"wp","href":"https:\/\/api.w.org\/{rel}","templated":true}]}}