{"id":156917,"date":"2025-12-18T23:12:59","date_gmt":"2025-12-18T20:12:59","guid":{"rendered":"https:\/\/baldumarket.lt\/product\/szafka-kuchenna-gorna-witryna-1-drzwiowa-prawa-g30s-p-sycylia-andersen\/"},"modified":"2026-02-06T12:47:21","modified_gmt":"2026-02-06T09:47:21","slug":"szafka-kuchenna-gorna-witryna-1-drzwiowa-prawa-g30s-p-sycylia-andersen","status":"publish","type":"product","link":"https:\/\/baldumarket.lt\/lt\/product\/szafka-kuchenna-gorna-witryna-1-drzwiowa-prawa-g30s-p-sycylia-andersen\/","title":{"rendered":"Vir\u0161utin\u0117 virtuv\u0117s spintel\u0117, vienv\u0117r\u0117, de\u0161inin\u0117, G30S-P, Sicily Andersen"},"content":{"rendered":"<p>\u012egyvendinkite savo virtuv\u0117s svajones su m\u016bs\u0173 eleganti\u0161ka, vienos lapo vir\u0161utine spintele i\u0161 \u201eAndersen Sycylia\u201c serijos. I\u0161skirtinis \u0161ios spintel\u0117s dizainas ir stilingas paprastumas suteiks j\u016bs\u0173 virtuvei unikalaus charakterio, sukurdami tobul\u0105 modernumo ir klasikos stiliaus derin\u012f. \u201eAndersen\u201c pu\u0161ies fasadas dera su matin\u0117s baltos spalvos korpusu, sukurdamas \u0161ilum\u0105 ir jaukum\u0105 alsuojan\u010di\u0105 erdv\u0119. D\u0117l funkcionalaus dizaino spintel\u0117je patogu laikyti b\u016btiniausius virtuv\u0117s reikmenis, o viskas, ko jums reikia, yra lengvai pasiekiama. Gerai apgalvotas vidaus i\u0161d\u0117stymas yra puikus sprendimas norint palaikyti tvarking\u0105 virtuv\u0119. Subtilus, sidabrinis plastikinis ranken\u0117lis suteikia modernumo, pabr\u0117\u017eiant unikal\u0173 bald\u0173 stili\u0173. Kokyb\u0117s, stiliaus ir funkcionalumo d\u0117ka \u201eAndersen Sycylia\u201c spintel\u0117 yra ne tik dekoratyvinis elementas, bet ir, svarbiausia, prakti\u0161kas j\u016bs\u0173 virtuv\u0117s papildymas. Priekin\u0117je dalyje naudojama MDF plok\u0161t\u0117 u\u017etikrina patvarum\u0105 ir stiling\u0105 i\u0161vaizd\u0105, kuri d\u017eiugins ak\u012f daugel\u012f met\u0173. Laminuotas korpusas suteikia papildomos garantijos, kad spintel\u0117 puikiai atlaikys kasdienio naudojimo sunkumus.<\/p>","protected":false},"excerpt":{"rendered":"<p>Plotis (cm): 30<br \/>\n\u016agis (cm): 72<br \/>\nGylis (cm): 32<\/p>","protected":false},"featured_media":156918,"comment_status":"open","ping_status":"open","template":"","meta":[],"product_brand":[],"product_cat":[9440,9441,4106,9118],"product_tag":[],"class_list":{"0":"post-156917","1":"product","2":"type-product","3":"status-publish","4":"has-post-thumbnail","6":"product_cat-kitchen-system-sycylia-sosna-andersen","7":"product_cat-white","8":"product_cat-gala-meble","9":"product_cat-kitchen-cabinets","11":"first","12":"instock","13":"purchasable","14":"product-type-simple"},"_links":{"self":[{"href":"https:\/\/baldumarket.lt\/lt\/wp-json\/wp\/v2\/product\/156917","targetHints":{"allow":["GET"]}}],"collection":[{"href":"https:\/\/baldumarket.lt\/lt\/wp-json\/wp\/v2\/product"}],"about":[{"href":"https:\/\/baldumarket.lt\/lt\/wp-json\/wp\/v2\/types\/product"}],"replies":[{"embeddable":true,"href":"https:\/\/baldumarket.lt\/lt\/wp-json\/wp\/v2\/comments?post=156917"}],"wp:featuredmedia":[{"embeddable":true,"href":"https:\/\/baldumarket.lt\/lt\/wp-json\/wp\/v2\/media\/156918"}],"wp:attachment":[{"href":"https:\/\/baldumarket.lt\/lt\/wp-json\/wp\/v2\/media?parent=156917"}],"wp:term":[{"taxonomy":"product_brand","embeddable":true,"href":"https:\/\/baldumarket.lt\/lt\/wp-json\/wp\/v2\/product_brand?post=156917"},{"taxonomy":"product_cat","embeddable":true,"href":"https:\/\/baldumarket.lt\/lt\/wp-json\/wp\/v2\/product_cat?post=156917"},{"taxonomy":"product_tag","embeddable":true,"href":"https:\/\/baldumarket.lt\/lt\/wp-json\/wp\/v2\/product_tag?post=156917"}],"curies":[{"name":"wp","href":"https:\/\/api.w.org\/{rel}","templated":true}]}}