{"id":156912,"date":"2025-12-18T23:12:48","date_gmt":"2025-12-18T20:12:48","guid":{"rendered":"https:\/\/baldumarket.lt\/product\/szafka-kuchenna-gorna-witryna-1-drzwiowa-prawa-g30s-p-sycylia-orzech\/"},"modified":"2026-02-06T14:33:03","modified_gmt":"2026-02-06T11:33:03","slug":"szafka-kuchenna-gorna-witryna-1-drzwiowa-prawa-g30s-p-sycylia-orzech","status":"publish","type":"product","link":"https:\/\/baldumarket.lt\/lt\/product\/szafka-kuchenna-gorna-witryna-1-drzwiowa-prawa-g30s-p-sycylia-orzech\/","title":{"rendered":"Vir\u0161utin\u0117 virtuv\u0117s spintel\u0117, vienv\u0117r\u0117, de\u0161inin\u0117, G30S-P, Sicily Walnut"},"content":{"rendered":"<p>Suteikite savo virtuvei elegancijos ir funkcionalumo su m\u016bs\u0173 vir\u0161utine vitrina stilingo Milano rie\u0161uto atspalvio virtuv\u0117s spintele. \u0160is dizainas derina klasikin\u012f \u017eaves\u012f su moderniu dizainu, skland\u017eiai \u012fsiliedamas \u012f bet kok\u012f interjer\u0105. Unikali rie\u0161uto spalva suteikia \u0161ilumos ir jaukumo, sukurdama jauki\u0105 ir jauki\u0105 atmosfer\u0105. Pasirinkite \u0161i\u0105 spintel\u0119, kad pagerintum\u0117te savo virtuv\u0117s erdv\u0119 esteti\u0161kai patraukliu akcentu. Vien\u0173 dureli\u0173 dizainas i\u0161siskiria subtilumu, leid\u017eian\u010diu eleganti\u0161kai eksponuoti m\u0117gstamus patiekalus ar dekoracijas. Skaidr\u016bs vitrinos elementai tikrai pritrauks sve\u010di\u0173 d\u0117mes\u012f, suteikdami j\u016bs\u0173 virtuvei unikalaus stiliaus ir charakterio. \u0160i spintel\u0117 ne tik atrodo eleganti\u0161kai, bet ir yra prakti\u0161ka naudoti. D\u0117l tvirt\u0173 med\u017eiag\u0173, toki\u0173 kaip MDF ir laminatas, ji garantuoja patvarum\u0105 ir atsparum\u0105 kasdieniam d\u0117v\u0117jimuisi. Tai puikus pasirinkimas tiems, kurie vertina ir i\u0161vaizd\u0105, ir funkcionalum\u0105 viename gaminyje.<\/p>","protected":false},"excerpt":{"rendered":"<p>Plotis (cm): 30<br \/>\n\u016agis (cm): 72<br \/>\nGylis (cm): 32<\/p>","protected":false},"featured_media":156913,"comment_status":"open","ping_status":"open","template":"","meta":[],"product_brand":[],"product_cat":[9450,4106,9118],"product_tag":[],"class_list":{"0":"post-156912","1":"product","2":"type-product","3":"status-publish","4":"has-post-thumbnail","6":"product_cat-kitchen-system-sycylia-orzech-milano","7":"product_cat-gala-meble","8":"product_cat-kitchen-cabinets","10":"first","11":"instock","12":"purchasable","13":"product-type-simple"},"_links":{"self":[{"href":"https:\/\/baldumarket.lt\/lt\/wp-json\/wp\/v2\/product\/156912","targetHints":{"allow":["GET"]}}],"collection":[{"href":"https:\/\/baldumarket.lt\/lt\/wp-json\/wp\/v2\/product"}],"about":[{"href":"https:\/\/baldumarket.lt\/lt\/wp-json\/wp\/v2\/types\/product"}],"replies":[{"embeddable":true,"href":"https:\/\/baldumarket.lt\/lt\/wp-json\/wp\/v2\/comments?post=156912"}],"wp:featuredmedia":[{"embeddable":true,"href":"https:\/\/baldumarket.lt\/lt\/wp-json\/wp\/v2\/media\/156913"}],"wp:attachment":[{"href":"https:\/\/baldumarket.lt\/lt\/wp-json\/wp\/v2\/media?parent=156912"}],"wp:term":[{"taxonomy":"product_brand","embeddable":true,"href":"https:\/\/baldumarket.lt\/lt\/wp-json\/wp\/v2\/product_brand?post=156912"},{"taxonomy":"product_cat","embeddable":true,"href":"https:\/\/baldumarket.lt\/lt\/wp-json\/wp\/v2\/product_cat?post=156912"},{"taxonomy":"product_tag","embeddable":true,"href":"https:\/\/baldumarket.lt\/lt\/wp-json\/wp\/v2\/product_tag?post=156912"}],"curies":[{"name":"wp","href":"https:\/\/api.w.org\/{rel}","templated":true}]}}