{"id":156906,"date":"2025-12-18T23:12:35","date_gmt":"2025-12-18T20:12:35","guid":{"rendered":"https:\/\/baldumarket.lt\/product\/szafka-kuchenna-gorna-witryna-1-drzwiowa-prawa-g40s-p-prowansja-sosna-andersen-bialy-mat\/"},"modified":"2026-02-06T13:09:04","modified_gmt":"2026-02-06T10:09:04","slug":"szafka-kuchenna-gorna-witryna-1-drzwiowa-prawa-g40s-p-prowansja-sosna-andersen-bialy-mat","status":"publish","type":"product","link":"https:\/\/baldumarket.lt\/lt\/product\/szafka-kuchenna-gorna-witryna-1-drzwiowa-prawa-g40s-p-prowansja-sosna-andersen-bialy-mat\/","title":{"rendered":"Vir\u0161utin\u0117 virtuv\u0117s spintel\u0117, 1 dur\u0173, de\u0161inin\u0117, G40S-P, provanso pu\u0161is, Anderseno balta matin\u0117"},"content":{"rendered":"<p>Atraskite elegancij\u0105 ir funkcionalum\u0105, kur\u012f si\u016blo m\u016bs\u0173 de\u0161inini\u0173 vien\u0173 dureli\u0173 vir\u0161utin\u0117 vitrina virtuv\u0117s spintel\u0117 i\u0161 \u201eProvence\u201c kolekcijos. D\u0117l unikalaus dizaino ir gerai apgalvotos konstrukcijos \u0161is baldas puikiai papildys bet kuri\u0105 moderni\u0105 virtuv\u0119. Anderseno pu\u0161ies fasadas suteikia subtil\u0173 nat\u016bralumo prisilietim\u0105, o matin\u0117s baltos spalvos korpusas \u2013 \u0161varos ir erdv\u0117s poj\u016bt\u012f. \u0160i spintel\u0117 yra ne tik esteti\u0161kai patraukli, bet ir prakti\u0161ka, tod\u0117l tai puikus pasirinkimas tiems, kurie vertina funkcionalius sprendimus. Surinkimas patiems leid\u017eia greitai ir lengvai prid\u0117ti \u0161\u012f stiling\u0105 element\u0105 prie savo virtuv\u0117s, puikiai priderinant\u012f j\u012f prie j\u016bs\u0173 erdv\u0117s. Eleganti\u0161ka juoda metalin\u0117 rankena gra\u017eiai kontrastuoja su \u0161viesiais fasadais, pabr\u0117\u017edama j\u0173 modern\u0173 charakter\u012f. Be to, savaime u\u017esidarantys vyriai leid\u017eia patogiai ir tyliai naudotis kasdieniu spintele, tod\u0117l gaminant maist\u0105 ar valant maist\u0105 yra patogiau.<\/p>","protected":false},"excerpt":{"rendered":"<p>Plotis (cm): 30<br \/>\n\u016agis (cm): 82<br \/>\nGylis (cm): 47<\/p>","protected":false},"featured_media":156907,"comment_status":"open","ping_status":"open","template":"","meta":[],"product_brand":[],"product_cat":[9444,9441,4106,9118],"product_tag":[],"class_list":{"0":"post-156906","1":"product","2":"type-product","3":"status-publish","4":"has-post-thumbnail","6":"product_cat-kitchen-system-prowansja-sosna-andersen","7":"product_cat-white","8":"product_cat-gala-meble","9":"product_cat-kitchen-cabinets","11":"first","12":"instock","13":"purchasable","14":"product-type-simple"},"_links":{"self":[{"href":"https:\/\/baldumarket.lt\/lt\/wp-json\/wp\/v2\/product\/156906","targetHints":{"allow":["GET"]}}],"collection":[{"href":"https:\/\/baldumarket.lt\/lt\/wp-json\/wp\/v2\/product"}],"about":[{"href":"https:\/\/baldumarket.lt\/lt\/wp-json\/wp\/v2\/types\/product"}],"replies":[{"embeddable":true,"href":"https:\/\/baldumarket.lt\/lt\/wp-json\/wp\/v2\/comments?post=156906"}],"wp:featuredmedia":[{"embeddable":true,"href":"https:\/\/baldumarket.lt\/lt\/wp-json\/wp\/v2\/media\/156907"}],"wp:attachment":[{"href":"https:\/\/baldumarket.lt\/lt\/wp-json\/wp\/v2\/media?parent=156906"}],"wp:term":[{"taxonomy":"product_brand","embeddable":true,"href":"https:\/\/baldumarket.lt\/lt\/wp-json\/wp\/v2\/product_brand?post=156906"},{"taxonomy":"product_cat","embeddable":true,"href":"https:\/\/baldumarket.lt\/lt\/wp-json\/wp\/v2\/product_cat?post=156906"},{"taxonomy":"product_tag","embeddable":true,"href":"https:\/\/baldumarket.lt\/lt\/wp-json\/wp\/v2\/product_tag?post=156906"}],"curies":[{"name":"wp","href":"https:\/\/api.w.org\/{rel}","templated":true}]}}