{"id":156901,"date":"2025-12-18T23:12:24","date_gmt":"2025-12-18T20:12:24","guid":{"rendered":"https:\/\/baldumarket.lt\/product\/szafka-kuchenna-gorna-witryna-1-drzwiowa-prawa-g40s-p-sycylia-andersen\/"},"modified":"2026-02-06T12:47:21","modified_gmt":"2026-02-06T09:47:21","slug":"szafka-kuchenna-gorna-witryna-1-drzwiowa-prawa-g40s-p-sycylia-andersen","status":"publish","type":"product","link":"https:\/\/baldumarket.lt\/lt\/product\/szafka-kuchenna-gorna-witryna-1-drzwiowa-prawa-g40s-p-sycylia-andersen\/","title":{"rendered":"Vir\u0161utin\u0117 virtuv\u0117s spintel\u0117, vienv\u0117r\u0117, de\u0161inin\u0117, G40S-P, Sicily Andersen"},"content":{"rendered":"<p>\u201eAndersen G40S-P Sicily\u201c vir\u0161utin\u0117 vitrina virtuv\u0117s spintel\u0117, vieneri\u0173 dur\u0173, de\u0161inin\u0117, yra puikus pasirinkimas tiems, kurie ie\u0161ko funkcionalumo ir eleganti\u0161ko dizaino derinio. \u0160i unikali spintel\u0117 i\u0161 garsaus \u201eGa\u0142a Meble\u201c prek\u0117s \u017eenklo \u012f virtuv\u0119 atne\u0161 modernaus paprastumo atmosfer\u0105, \u012fkv\u0117pta nat\u016bralaus \u201eAndersen\u201c pu\u0161ies gro\u017eio. Subtilus spalv\u0173 derinys, derinantis matin\u0119 balt\u0105 spalv\u0105 su pu\u0161ies fasado ry\u0161kumu, sukuria lengvumo ir gaivumo efekt\u0105 bet kuriame interjere. I\u0161siskiriantis stilingu fasadu, pagamintu i\u0161 auk\u0161tos kokyb\u0117s MDF, spintel\u0117 stebina estetiniu tobulumu ir patvarumu. Minimalistin\u0119 form\u0105 pary\u0161kina subtil\u016bs akcentai \u2013 eleganti\u0161kos sidabrin\u0117s plastikin\u0117s ranken\u0117l\u0117s, suteikian\u010dios bendram dizainui modernumo. D\u0117l to spintel\u0117 puikiai tinka tiek klasikiniam, tiek avangardiniam interjerui, suteikdama subtil\u0173, ta\u010diau i\u0161skirtin\u012f dekoratyvin\u012f element\u0105. Virtuv\u0117s spintel\u0117, atliekanti praktinio baldo funkcij\u0105, puikiai tinka vis\u0173 r\u016b\u0161i\u0173 virtuv\u0117s reikmenims laikyti. Kompakti\u0161ki matmenys ne tik leid\u017eia efektyviai i\u0161naudoti erdv\u0119, bet ir patogiai laikyti neu\u017egriozdinus virtuv\u0117s pavir\u0161iaus. 40 cm plo\u010dio, 72 cm auk\u0161\u010dio ir 32 cm gylio, jis si\u016blo funkcional\u0173 sprendim\u0105, kuris pagerins j\u016bs\u0173 virtuv\u0117s tvark\u0105.<\/p>","protected":false},"excerpt":{"rendered":"<p>Plotis (cm): 40<br \/>\n\u016agis (cm): 72<br \/>\nGylis (cm): 32<\/p>","protected":false},"featured_media":156902,"comment_status":"open","ping_status":"open","template":"","meta":[],"product_brand":[],"product_cat":[9440,9441,4106,9118],"product_tag":[],"class_list":{"0":"post-156901","1":"product","2":"type-product","3":"status-publish","4":"has-post-thumbnail","6":"product_cat-kitchen-system-sycylia-sosna-andersen","7":"product_cat-white","8":"product_cat-gala-meble","9":"product_cat-kitchen-cabinets","11":"first","12":"instock","13":"purchasable","14":"product-type-simple"},"_links":{"self":[{"href":"https:\/\/baldumarket.lt\/lt\/wp-json\/wp\/v2\/product\/156901","targetHints":{"allow":["GET"]}}],"collection":[{"href":"https:\/\/baldumarket.lt\/lt\/wp-json\/wp\/v2\/product"}],"about":[{"href":"https:\/\/baldumarket.lt\/lt\/wp-json\/wp\/v2\/types\/product"}],"replies":[{"embeddable":true,"href":"https:\/\/baldumarket.lt\/lt\/wp-json\/wp\/v2\/comments?post=156901"}],"wp:featuredmedia":[{"embeddable":true,"href":"https:\/\/baldumarket.lt\/lt\/wp-json\/wp\/v2\/media\/156902"}],"wp:attachment":[{"href":"https:\/\/baldumarket.lt\/lt\/wp-json\/wp\/v2\/media?parent=156901"}],"wp:term":[{"taxonomy":"product_brand","embeddable":true,"href":"https:\/\/baldumarket.lt\/lt\/wp-json\/wp\/v2\/product_brand?post=156901"},{"taxonomy":"product_cat","embeddable":true,"href":"https:\/\/baldumarket.lt\/lt\/wp-json\/wp\/v2\/product_cat?post=156901"},{"taxonomy":"product_tag","embeddable":true,"href":"https:\/\/baldumarket.lt\/lt\/wp-json\/wp\/v2\/product_tag?post=156901"}],"curies":[{"name":"wp","href":"https:\/\/api.w.org\/{rel}","templated":true}]}}