{"id":156896,"date":"2025-12-18T23:12:13","date_gmt":"2025-12-18T20:12:13","guid":{"rendered":"https:\/\/baldumarket.lt\/product\/szafka-kuchenna-gorna-witryna-1-drzwiowa-prawa-g40s-p-sycylia-orzech\/"},"modified":"2026-02-06T14:33:03","modified_gmt":"2026-02-06T11:33:03","slug":"szafka-kuchenna-gorna-witryna-1-drzwiowa-prawa-g40s-p-sycylia-orzech","status":"publish","type":"product","link":"https:\/\/baldumarket.lt\/lt\/produktas\/szafka-kuchenna-gorna-witryna-1-drzwiowa-prawa-g40s-p-sycylia-orzech\/","title":{"rendered":"Vir\u0161utin\u0117 virtuv\u0117s spintel\u0117, 1 dur\u0173, de\u0161in\u0117, G40S-P, Sicily Walnut"},"content":{"rendered":"<p>De\u0161in\u0117 vir\u0161utin\u0117 vitrina i\u0161 \u201eSicylia Walnut\u201c kolekcijos, kuri\u0105 suk\u016br\u0117 \u201eGa\u0142a Meble\u201c, puikiai papildo eleganti\u0161k\u0105 ir funkcionali\u0105 virtuv\u0119. Klasikinis, nesud\u0117tingas stilius dera su \u0161iltu Milano rie\u0161uto atspalviu, sukurdamas harmonijos ir rafinuotumo atmosfer\u0105. Lyg\u016bs pavir\u0161iai ir subtilios dizaino linijos suteikia interjerui unikal\u0173 charakter\u012f, kuris tikrai patrauks vis\u0173 virtuv\u0117s lankytoj\u0173 ak\u012f. \u0160ios spintel\u0117s patrauklumas slypi ne tik estetikoje, bet ir prakti\u0161ku po\u017ei\u016briu \u012f kasdien\u012f naudojim\u0105. Idealiai tinka stalo \u012frankiams, stiklin\u0117ms ir dekoratyviniams virtuv\u0117s daiktams laikyti, ji leid\u017eia palaikyti tvark\u0105 neprarandant eleganti\u0161ko stiliaus. D\u0117l tvirt\u0173 med\u017eiag\u0173, toki\u0173 kaip MDF ir laminuota plok\u0161t\u0117, \u0161i spintel\u0117 derina patvarum\u0105 ir elegancij\u0105, u\u017etikrindama ilgaam\u017ei\u0161kum\u0105. Milano rie\u0161uto spalvos priekin\u0117 dalis ir korpusas kartu su sidabrine plastikine rankena suteikia virtuvei modernumo ir jaukumo. \u0160i universali spalv\u0173 schema puikiai der\u0117s prie \u012fvairi\u0173 interjero dizain\u0173 ir pad\u0117s sukurti darni\u0105, gerai apgalvot\u0105 estetik\u0105 visoje virtuv\u0117je.<\/p>","protected":false},"excerpt":{"rendered":"<p>Plotis (cm): 40<br \/>\n\u016agis (cm): 72<br \/>\nGylis (cm): 32<\/p>","protected":false},"featured_media":156897,"comment_status":"open","ping_status":"open","template":"","meta":[],"product_brand":[],"product_cat":[9450,4106,9118],"product_tag":[],"class_list":{"0":"post-156896","1":"product","2":"type-product","3":"status-publish","4":"has-post-thumbnail","6":"product_cat-kitchen-system-sycylia-orzech-milano","7":"product_cat-gala-meble","8":"product_cat-kitchen-cabinets","10":"first","11":"instock","12":"purchasable","13":"product-type-simple"},"_links":{"self":[{"href":"https:\/\/baldumarket.lt\/lt\/wp-json\/wp\/v2\/product\/156896","targetHints":{"allow":["GET"]}}],"collection":[{"href":"https:\/\/baldumarket.lt\/lt\/wp-json\/wp\/v2\/product"}],"about":[{"href":"https:\/\/baldumarket.lt\/lt\/wp-json\/wp\/v2\/types\/product"}],"replies":[{"embeddable":true,"href":"https:\/\/baldumarket.lt\/lt\/wp-json\/wp\/v2\/comments?post=156896"}],"wp:featuredmedia":[{"embeddable":true,"href":"https:\/\/baldumarket.lt\/lt\/wp-json\/wp\/v2\/media\/156897"}],"wp:attachment":[{"href":"https:\/\/baldumarket.lt\/lt\/wp-json\/wp\/v2\/media?parent=156896"}],"wp:term":[{"taxonomy":"product_brand","embeddable":true,"href":"https:\/\/baldumarket.lt\/lt\/wp-json\/wp\/v2\/product_brand?post=156896"},{"taxonomy":"product_cat","embeddable":true,"href":"https:\/\/baldumarket.lt\/lt\/wp-json\/wp\/v2\/product_cat?post=156896"},{"taxonomy":"product_tag","embeddable":true,"href":"https:\/\/baldumarket.lt\/lt\/wp-json\/wp\/v2\/product_tag?post=156896"}],"curies":[{"name":"wp","href":"https:\/\/api.w.org\/{rel}","templated":true}]}}