{"id":156890,"date":"2025-12-18T23:12:00","date_gmt":"2025-12-18T20:12:00","guid":{"rendered":"https:\/\/baldumarket.lt\/product\/szafka-kuchenna-gorna-witryna-1-drzwiowa-prawa-w40s-p-prowansja-bialy-mat\/"},"modified":"2026-02-08T10:06:28","modified_gmt":"2026-02-08T07:06:28","slug":"szafka-kuchenna-gorna-witryna-1-drzwiowa-prawa-w40s-p-prowansja-bialy-mat","status":"publish","type":"product","link":"https:\/\/baldumarket.lt\/lt\/product\/szafka-kuchenna-gorna-witryna-1-drzwiowa-prawa-w40s-p-prowansja-bialy-mat\/","title":{"rendered":"Virtuv\u0117s spintel\u0117s vir\u0161us, 1 dur\u0173, de\u0161ininis, W40S-P, Provanso balta matin\u0117"},"content":{"rendered":"<p>Pasinerkite \u012f unikal\u0173 Provanso stiliaus \u017eaves\u012f su m\u016bs\u0173 eleganti\u0161ka vir\u0161utine vitrina. Sukurta su ypatingu d\u0117mesiu detal\u0117ms, ji puikiai dera su estetika ir prakti\u0161kumu, suteikdama j\u016bs\u0173 virtuvei ne tik funkcionalumo, bet ir i\u0161skirtinio Provanso stiliaus. Subtili Anderseno pu\u0161ies spalva kartu su matiniu baltu korpusu sukuria \u0161viesos ir ramyb\u0117s kupin\u0105 erdv\u0119. \u0160i vien\u0173 dur\u0173 vitrina, kurios plotis yra 40 cm, auk\u0161tis 127 cm, o gylis \u2013 32 cm, sukurta siekiant optimizuoti turim\u0105 virtuv\u0117s erdv\u0119. Jos lygios linijos ir subtilus matinis baltas korpusas puikiai tinka tiek moderniam, tiek klasikiniam interjerui. Paprasta, bet eleganti\u0161ka juodo metalo rankena suteikia rafinuoto elegancijos akcent\u0105. D\u0117l MDF fasad\u0173 \u0161i spintel\u0117 ne tik atrodo \u012fsp\u016bdingai, bet ir yra patvari bei lengvai valoma. Lyg\u016bs pavir\u0161iai u\u017etikrina, kad kasdien\u0117 veikla virtuv\u0117je nepaliks \u017eymi\u0173. Savaime u\u017esidarantys vyriai u\u017etikrina skland\u0173 ir tyl\u0173 dureli\u0173 u\u017edarym\u0105, dar labiau padidindami komfort\u0105.<\/p>","protected":false},"excerpt":{"rendered":"<p>Plotis (cm): 40<br \/>\n\u016agis (cm): 127<br \/>\nGylis (cm): 32<\/p>","protected":false},"featured_media":156891,"comment_status":"open","ping_status":"open","template":"","meta":[],"product_brand":[],"product_cat":[9444,4106,9118],"product_tag":[],"class_list":{"0":"post-156890","1":"product","2":"type-product","3":"status-publish","4":"has-post-thumbnail","6":"product_cat-kitchen-system-prowansja-sosna-andersen","7":"product_cat-gala-meble","8":"product_cat-kitchen-cabinets","10":"first","11":"instock","12":"purchasable","13":"product-type-simple"},"_links":{"self":[{"href":"https:\/\/baldumarket.lt\/lt\/wp-json\/wp\/v2\/product\/156890","targetHints":{"allow":["GET"]}}],"collection":[{"href":"https:\/\/baldumarket.lt\/lt\/wp-json\/wp\/v2\/product"}],"about":[{"href":"https:\/\/baldumarket.lt\/lt\/wp-json\/wp\/v2\/types\/product"}],"replies":[{"embeddable":true,"href":"https:\/\/baldumarket.lt\/lt\/wp-json\/wp\/v2\/comments?post=156890"}],"wp:featuredmedia":[{"embeddable":true,"href":"https:\/\/baldumarket.lt\/lt\/wp-json\/wp\/v2\/media\/156891"}],"wp:attachment":[{"href":"https:\/\/baldumarket.lt\/lt\/wp-json\/wp\/v2\/media?parent=156890"}],"wp:term":[{"taxonomy":"product_brand","embeddable":true,"href":"https:\/\/baldumarket.lt\/lt\/wp-json\/wp\/v2\/product_brand?post=156890"},{"taxonomy":"product_cat","embeddable":true,"href":"https:\/\/baldumarket.lt\/lt\/wp-json\/wp\/v2\/product_cat?post=156890"},{"taxonomy":"product_tag","embeddable":true,"href":"https:\/\/baldumarket.lt\/lt\/wp-json\/wp\/v2\/product_tag?post=156890"}],"curies":[{"name":"wp","href":"https:\/\/api.w.org\/{rel}","templated":true}]}}