{"id":156885,"date":"2025-12-18T23:11:49","date_gmt":"2025-12-18T20:11:49","guid":{"rendered":"https:\/\/baldumarket.lt\/product\/szafka-kuchenna-gorna-witryna-1-drzwiowa-w40s-linea-white-bialy-mat\/"},"modified":"2026-02-18T11:32:59","modified_gmt":"2026-02-18T08:32:59","slug":"szafka-kuchenna-gorna-witryna-1-drzwiowa-w40s-linea-white-bialy-mat","status":"publish","type":"product","link":"https:\/\/baldumarket.lt\/lt\/produktas\/szafka-kuchenna-gorna-witryna-1-drzwiowa-w40s-linea-white-bialy-mat\/","title":{"rendered":"Vir\u0161utin\u0117 virtuv\u0117s spintel\u0117, 1 dur\u0173 vitrina, W40S Linea White, matin\u0117 balta"},"content":{"rendered":"<p>Atraskite i\u0161skirtin\u0119 \u201eGa\u0142a Meble\u201c \u201eLinea White\u201c vir\u0161utin\u0117s vitrinos elegancij\u0105 ir funkcionalum\u0105. Matin\u0117s baltos spalvos \u0161i vienos spintel\u0117s spintel\u0117 yra puikus bet kurios virtuv\u0117s akcentas, suteikiantis modernaus stiliaus ir \u0161varos. J\u016bs\u0173 jaukus virtuv\u0117s kampelis \u012fgaus gaivumo ir pritrauks d\u0117mes\u012f paprastu, ta\u010diau prabangiu dizainu. \u201eLinea White W40S\u201c \u2013 puikus sprendimas tiems, kurie vertina ne tik estetik\u0105, bet ir prakti\u0161kum\u0105. 126 cm auk\u0161\u010dio vitrina leid\u017eia lengvai susitvarkyti daiktus, suteikia daug vietos \u012fvairiems virtuv\u0117s priedams laikyti. D\u0117l gerai apgalvoto dizaino kasdienis maisto gaminimas taps dar patogesnis ir malonesnis. Pagaminta i\u0161 auk\u0161\u010diausios kokyb\u0117s med\u017eiag\u0173, toki\u0173 kaip MDF ir laminuota plok\u0161t\u0117, spintel\u0117 garantuoja patvarum\u0105 ir tvirtum\u0105. Baltas korpusas ir matinis priekis suteikia elegancijos, o aukso spalvos metalin\u0117s rankenos pabr\u0117\u017eia modern\u0173 stili\u0173 ir suteikia j\u016bs\u0173 virtuvei prabangos. Be to, tylaus u\u017edarymo mechanizmas leid\u017eia naudotis spintele ne tik maloniai, bet ir tyliai.<\/p>","protected":false},"excerpt":{"rendered":"<p>Plotis (cm): 40<br \/>\n\u016agis (cm): 126<br \/>\nGylis (cm): 32<\/p>","protected":false},"featured_media":156886,"comment_status":"open","ping_status":"open","template":"","meta":[],"product_brand":[],"product_cat":[9446,4106],"product_tag":[],"class_list":{"0":"post-156885","1":"product","2":"type-product","3":"status-publish","4":"has-post-thumbnail","6":"product_cat-kitchen-system-linea-white","7":"product_cat-gala-meble","9":"first","10":"instock","11":"purchasable","12":"product-type-simple"},"_links":{"self":[{"href":"https:\/\/baldumarket.lt\/lt\/wp-json\/wp\/v2\/product\/156885","targetHints":{"allow":["GET"]}}],"collection":[{"href":"https:\/\/baldumarket.lt\/lt\/wp-json\/wp\/v2\/product"}],"about":[{"href":"https:\/\/baldumarket.lt\/lt\/wp-json\/wp\/v2\/types\/product"}],"replies":[{"embeddable":true,"href":"https:\/\/baldumarket.lt\/lt\/wp-json\/wp\/v2\/comments?post=156885"}],"wp:featuredmedia":[{"embeddable":true,"href":"https:\/\/baldumarket.lt\/lt\/wp-json\/wp\/v2\/media\/156886"}],"wp:attachment":[{"href":"https:\/\/baldumarket.lt\/lt\/wp-json\/wp\/v2\/media?parent=156885"}],"wp:term":[{"taxonomy":"product_brand","embeddable":true,"href":"https:\/\/baldumarket.lt\/lt\/wp-json\/wp\/v2\/product_brand?post=156885"},{"taxonomy":"product_cat","embeddable":true,"href":"https:\/\/baldumarket.lt\/lt\/wp-json\/wp\/v2\/product_cat?post=156885"},{"taxonomy":"product_tag","embeddable":true,"href":"https:\/\/baldumarket.lt\/lt\/wp-json\/wp\/v2\/product_tag?post=156885"}],"curies":[{"name":"wp","href":"https:\/\/api.w.org\/{rel}","templated":true}]}}