{"id":156880,"date":"2025-12-18T23:11:39","date_gmt":"2025-12-18T20:11:39","guid":{"rendered":"https:\/\/baldumarket.lt\/product\/szafka-kuchenna-gorna-witryna-1-drzwiowa-w40s-p-l-linea-grey-szary-mat\/"},"modified":"2026-02-18T11:32:59","modified_gmt":"2026-02-18T08:32:59","slug":"szafka-kuchenna-gorna-witryna-1-drzwiowa-w40s-p-l-linea-grey-szary-mat","status":"publish","type":"product","link":"https:\/\/baldumarket.lt\/lt\/produktas\/szafka-kuchenna-gorna-witryna-1-drzwiowa-w40s-p-l-linea-grey-szary-mat\/","title":{"rendered":"Vir\u0161utin\u0117 virtuv\u0117s spintel\u0117, 1 dur\u0173 vitrina, W40S P\/L, \u201eLinea Grey\u201c, matin\u0117 pilka"},"content":{"rendered":"<p>Atraskite tobul\u0105 b\u016bd\u0105 sutvarkyti savo virtuv\u0119 su eleganti\u0161ka \u201eLinea Grey\u201c vir\u0161utine spintele. Jos modernus dizainas \u017eavi kiekviena detale, suteikdamas j\u016bs\u0173 interjerui prabangos. I\u0161maniai suprojektuota, kad idealiai atitikt\u0173 j\u016bs\u0173 poreikius, si\u016blanti estetin\u012f gro\u017e\u012f ir kasdien\u012f prakti\u0161kum\u0105, stilinga pilka priekin\u0117 dalis su blizgia apdaila sukuria \u0161varos ir erdv\u0117s poj\u016bt\u012f, puikiai tinkant\u012f bet kuriai \u0161iuolaikinei virtuvei. Funkcionalumas ir estetika yra neatsiejamai susij\u0119. Pagaminta i\u0161 auk\u0161tos kokyb\u0117s MDF, priekin\u0117 dalis u\u017etikrina patvarum\u0105 ir tvirtum\u0105, leisdama jums m\u0117gautis unikalia spintel\u0117s i\u0161vaizda ilgus metus. Matin\u0117 balta korpuso apdaila suteikia subtilaus \u017eavesio, \u012fne\u0161dama j\u016bs\u0173 virtuvei harmonijos ir darnos. Su \u0161ia spintele j\u016bs\u0173 kambarys \u012fgis ne tik prakti\u0161kos daikt\u0173 laikymo vietos, bet ir unikal\u0173 dekoratyvin\u012f element\u0105. Su savaime u\u017esidaran\u010diais vyriais \u201eLinea Grey\u201c spintel\u0117 u\u017etikrina skland\u0173 ir tyl\u0173 dureli\u0173 atidarym\u0105 ir u\u017edarym\u0105, o tai labai svarbu erdv\u0117se, kuriose svarbiausia yra komfortas ir tyla. Kompakti\u0161ki matmenys leid\u017eia j\u0105 lengvai pritaikyti bet kokiam interjerui, u\u017etikrinant, kad j\u016bs\u0173 indai ir virtuv\u0117s reikmenys visada b\u016bt\u0173 po ranka.<\/p>","protected":false},"excerpt":{"rendered":"<p>Plotis (cm): 40<br \/>\n\u016agis (cm): 127<br \/>\nGylis (cm): 32<\/p>","protected":false},"featured_media":156881,"comment_status":"open","ping_status":"open","template":"","meta":[],"product_brand":[],"product_cat":[9446,4106],"product_tag":[],"class_list":{"0":"post-156880","1":"product","2":"type-product","3":"status-publish","4":"has-post-thumbnail","6":"product_cat-kitchen-system-linea-white","7":"product_cat-gala-meble","9":"first","10":"instock","11":"purchasable","12":"product-type-simple"},"_links":{"self":[{"href":"https:\/\/baldumarket.lt\/lt\/wp-json\/wp\/v2\/product\/156880","targetHints":{"allow":["GET"]}}],"collection":[{"href":"https:\/\/baldumarket.lt\/lt\/wp-json\/wp\/v2\/product"}],"about":[{"href":"https:\/\/baldumarket.lt\/lt\/wp-json\/wp\/v2\/types\/product"}],"replies":[{"embeddable":true,"href":"https:\/\/baldumarket.lt\/lt\/wp-json\/wp\/v2\/comments?post=156880"}],"wp:featuredmedia":[{"embeddable":true,"href":"https:\/\/baldumarket.lt\/lt\/wp-json\/wp\/v2\/media\/156881"}],"wp:attachment":[{"href":"https:\/\/baldumarket.lt\/lt\/wp-json\/wp\/v2\/media?parent=156880"}],"wp:term":[{"taxonomy":"product_brand","embeddable":true,"href":"https:\/\/baldumarket.lt\/lt\/wp-json\/wp\/v2\/product_brand?post=156880"},{"taxonomy":"product_cat","embeddable":true,"href":"https:\/\/baldumarket.lt\/lt\/wp-json\/wp\/v2\/product_cat?post=156880"},{"taxonomy":"product_tag","embeddable":true,"href":"https:\/\/baldumarket.lt\/lt\/wp-json\/wp\/v2\/product_tag?post=156880"}],"curies":[{"name":"wp","href":"https:\/\/api.w.org\/{rel}","templated":true}]}}