{"id":156875,"date":"2025-12-18T23:11:29","date_gmt":"2025-12-18T20:11:29","guid":{"rendered":"https:\/\/baldumarket.lt\/product\/szafka-kuchenna-gorna-witryna-2-drzwiowa-g60s-linea-grey-szary-mat\/"},"modified":"2026-02-08T13:01:32","modified_gmt":"2026-02-08T10:01:32","slug":"szafka-kuchenna-gorna-witryna-2-drzwiowa-g60s-linea-grey-szary-mat","status":"publish","type":"product","link":"https:\/\/baldumarket.lt\/lt\/product\/szafka-kuchenna-gorna-witryna-2-drzwiowa-g60s-linea-grey-szary-mat\/","title":{"rendered":"Vir\u0161utin\u0117 virtuv\u0117s spintel\u0117, 2 dur\u0173, vitrina, G60S, pilka, matin\u0117"},"content":{"rendered":"<p>Suteikite savo virtuvei unikal\u0173 stili\u0173 su \u201eLinea Grey\u201c vir\u0161utine vitrina. Blizgios pilkos priekin\u0117s dalies ir eleganti\u0161ko matin\u0117s baltos spalvos korpuso derinys paver\u010dia \u0161i\u0105 spintel\u0119 puikiu sprendimu visiems, ie\u0161kantiems modernaus apdailos. Minimalistinis dizainas gra\u017eiai dera tiek su klasikiniu, tiek su moderniu dekoru, suteikdamas bet kuriai virtuv\u0117s erdvei harmoning\u0105 charakter\u012f. Esteti\u0161ka \u0161ios spintel\u0117s apdaila n\u0117ra vienintelis jos privalumas. D\u0117l apgalvoto dizaino \u201eG60S Linea Grey\u201c spintel\u0117 pasi\u017eymi funkcionalumu ir stiliumi. Ji puikiai tinka eleganti\u0161kiems stalo \u012frankiams ar m\u0117gstamoms stiklin\u0117ms laikyti. Permatomi elementai suteikia vizualinio lengvumo ir sukuria jauk\u0173 interjer\u0105, leid\u017eiant\u012f matyti vid\u0173. Tai puikus sprendimas tiems, kurie vertina ir prakti\u0161kum\u0105, ir estetik\u0105. D\u0117l savaime u\u017esidaran\u010di\u0173 vyri\u0173 durel\u0117s u\u017esidaro tyliai ir skland\u017eiai, tod\u0117l kasdien naudojant yra patogiau. Spintel\u0117 pagaminta i\u0161 patvari\u0173 med\u017eiag\u0173: MDF priekin\u0117s dalies ir laminuotos plok\u0161t\u0117s korpuso, u\u017etikrinan\u010dio jos patvarum\u0105 ir atsparum\u0105 \u012fbr\u0117\u017eimams bei d\u0117m\u0117ms. Tai taip pat garantuoja, kad spintel\u0117 i\u0161laikys gra\u017ei\u0105 i\u0161vaizd\u0105 daugel\u012f met\u0173 intensyviai naudojant.<\/p>","protected":false},"excerpt":{"rendered":"<p>Plotis (cm): 60<br \/>\n\u016agis (cm): 72<br \/>\nGylis (cm): 32<\/p>","protected":false},"featured_media":156876,"comment_status":"open","ping_status":"open","template":"","meta":[],"product_brand":[],"product_cat":[9448,9441,4106,9118],"product_tag":[],"class_list":{"0":"post-156875","1":"product","2":"type-product","3":"status-publish","4":"has-post-thumbnail","6":"product_cat-kitchen-system-linea-grey","7":"product_cat-white","8":"product_cat-gala-meble","9":"product_cat-kitchen-cabinets","11":"first","12":"instock","13":"purchasable","14":"product-type-simple"},"_links":{"self":[{"href":"https:\/\/baldumarket.lt\/lt\/wp-json\/wp\/v2\/product\/156875","targetHints":{"allow":["GET"]}}],"collection":[{"href":"https:\/\/baldumarket.lt\/lt\/wp-json\/wp\/v2\/product"}],"about":[{"href":"https:\/\/baldumarket.lt\/lt\/wp-json\/wp\/v2\/types\/product"}],"replies":[{"embeddable":true,"href":"https:\/\/baldumarket.lt\/lt\/wp-json\/wp\/v2\/comments?post=156875"}],"wp:featuredmedia":[{"embeddable":true,"href":"https:\/\/baldumarket.lt\/lt\/wp-json\/wp\/v2\/media\/156876"}],"wp:attachment":[{"href":"https:\/\/baldumarket.lt\/lt\/wp-json\/wp\/v2\/media?parent=156875"}],"wp:term":[{"taxonomy":"product_brand","embeddable":true,"href":"https:\/\/baldumarket.lt\/lt\/wp-json\/wp\/v2\/product_brand?post=156875"},{"taxonomy":"product_cat","embeddable":true,"href":"https:\/\/baldumarket.lt\/lt\/wp-json\/wp\/v2\/product_cat?post=156875"},{"taxonomy":"product_tag","embeddable":true,"href":"https:\/\/baldumarket.lt\/lt\/wp-json\/wp\/v2\/product_tag?post=156875"}],"curies":[{"name":"wp","href":"https:\/\/api.w.org\/{rel}","templated":true}]}}