{"id":156870,"date":"2025-12-18T23:11:19","date_gmt":"2025-12-18T20:11:19","guid":{"rendered":"https:\/\/baldumarket.lt\/product\/szafka-kuchenna-gorna-witryna-2-drzwiowa-g60s-linea-white-bialy-mat\/"},"modified":"2026-02-18T11:32:59","modified_gmt":"2026-02-18T08:32:59","slug":"szafka-kuchenna-gorna-witryna-2-drzwiowa-g60s-linea-white-bialy-mat","status":"publish","type":"product","link":"https:\/\/baldumarket.lt\/lt\/product\/szafka-kuchenna-gorna-witryna-2-drzwiowa-g60s-linea-white-bialy-mat\/","title":{"rendered":"Virtuv\u0117s spintel\u0117s vir\u0161utin\u0117 vitrina, 2 dur\u0173, G60S, \u201eLinea\u201c, balta, matin\u0117, balta"},"content":{"rendered":"<p>Atraskite minimalizmo gro\u017e\u012f su eleganti\u0161ka \u201eLinea White G60S\u201c 2 dur\u0173 vir\u0161utine vitrina virtuv\u0117s spintele. Matin\u0117 balta spalva suteikia j\u016bs\u0173 interjerui i\u0161skirtinai lengvumo ir modernumo poj\u016bt\u012f, puikiai papildydama \u012fvairius virtuv\u0117s dizaino stilius. Tai ne tik prakti\u0161kas baldas, bet ir estetinis papildymas, suteiksiantis j\u016bs\u0173 virtuvei unikalaus \u017eavesio. \u201eLinea White G60S\u201c spintel\u0117 \u017eavi gerai apgalvotu dizainu ir tvirta apdaila. Matin\u0117s MDF plok\u0161t\u0117s fasadai suteikia elegancijos, kartu u\u017etikrindami patvarum\u0105 ir atsparum\u0105 kasdieniam naudojimui. Matin\u0117s baltos laminuotos plok\u0161t\u0117s korpusas yra atsparus \u012fbr\u0117\u017eimams ir lengvai valomas. \u0160is med\u017eiag\u0173 derinys daro spintel\u0119 ne tik gra\u017ei\u0105, bet ir funkcionali\u0105. Unikali \u0161ios spintel\u0117s savyb\u0117 \u2013 auksin\u0117s metalin\u0117s rankenos, kurios suteikia eleganti\u0161k\u0105 ir modern\u0173 akcent\u0105. \u0160velniai u\u017esidarantys vyriai u\u017etikrina patog\u0173 naudojim\u0105, pa\u0161alina nemalonius girg\u017ed\u0117jimo garsus ir prailgina spintel\u0117s tarnavimo laik\u0105. Tai ma\u017eos, bet reik\u0161mingos detal\u0117s, kurios kasdien\u012f spintel\u0117s naudojim\u0105 paver\u010dia malonumu.<\/p>","protected":false},"excerpt":{"rendered":"<p>Plotis (cm): 60<br \/>\n\u016agis (cm): 72<br \/>\nGylis (cm): 32<\/p>","protected":false},"featured_media":156871,"comment_status":"open","ping_status":"open","template":"","meta":[],"product_brand":[],"product_cat":[9446,4106],"product_tag":[],"class_list":{"0":"post-156870","1":"product","2":"type-product","3":"status-publish","4":"has-post-thumbnail","6":"product_cat-kitchen-system-linea-white","7":"product_cat-gala-meble","9":"first","10":"instock","11":"purchasable","12":"product-type-simple"},"_links":{"self":[{"href":"https:\/\/baldumarket.lt\/lt\/wp-json\/wp\/v2\/product\/156870","targetHints":{"allow":["GET"]}}],"collection":[{"href":"https:\/\/baldumarket.lt\/lt\/wp-json\/wp\/v2\/product"}],"about":[{"href":"https:\/\/baldumarket.lt\/lt\/wp-json\/wp\/v2\/types\/product"}],"replies":[{"embeddable":true,"href":"https:\/\/baldumarket.lt\/lt\/wp-json\/wp\/v2\/comments?post=156870"}],"wp:featuredmedia":[{"embeddable":true,"href":"https:\/\/baldumarket.lt\/lt\/wp-json\/wp\/v2\/media\/156871"}],"wp:attachment":[{"href":"https:\/\/baldumarket.lt\/lt\/wp-json\/wp\/v2\/media?parent=156870"}],"wp:term":[{"taxonomy":"product_brand","embeddable":true,"href":"https:\/\/baldumarket.lt\/lt\/wp-json\/wp\/v2\/product_brand?post=156870"},{"taxonomy":"product_cat","embeddable":true,"href":"https:\/\/baldumarket.lt\/lt\/wp-json\/wp\/v2\/product_cat?post=156870"},{"taxonomy":"product_tag","embeddable":true,"href":"https:\/\/baldumarket.lt\/lt\/wp-json\/wp\/v2\/product_tag?post=156870"}],"curies":[{"name":"wp","href":"https:\/\/api.w.org\/{rel}","templated":true}]}}