{"id":156864,"date":"2025-12-18T23:11:05","date_gmt":"2025-12-18T20:11:05","guid":{"rendered":"https:\/\/baldumarket.lt\/product\/szafka-kuchenna-gorna-witryna-2-drzwiowa-g60s-prowansja-sosna-andersen-bialy-mat\/"},"modified":"2026-02-08T12:00:59","modified_gmt":"2026-02-08T09:00:59","slug":"szafka-kuchenna-gorna-witryna-2-drzwiowa-g60s-prowansja-sosna-andersen-bialy-mat","status":"publish","type":"product","link":"https:\/\/baldumarket.lt\/lt\/product\/szafka-kuchenna-gorna-witryna-2-drzwiowa-g60s-prowansja-sosna-andersen-bialy-mat\/","title":{"rendered":"Vir\u0161utin\u0117 virtuv\u0117s spintel\u0117, 2 dur\u0173, G60S, provanso pu\u0161is, Andersen, matin\u0117 balta"},"content":{"rendered":"<p>Sukurkite unikali\u0105 atmosfer\u0105 savo virtuv\u0117je su \u0161ia eleganti\u0161ka vir\u0161utine virtuv\u0117s spintele su vitrina, kuri puikiai derina Provanso stili\u0173 ir modern\u0173 funkcionalum\u0105. \u201eGa\u0142a Meble\u201c \u201eProven\u00e7al\u201c kolekcijos \u201eG60S\u201c modelis yra subtilumo kvintesencija, kur Anderseno pu\u0161is fasaduose suteikia \u0161ilumos ir jaukumo, o matin\u0117s baltos spalvos korpusas suteikia neutral\u0173 pagrind\u0105 \u012fvairiems i\u0161d\u0117stymams. Idealus pasirinkimas tiems, kurie vertina harmonij\u0105 ir elegancij\u0105, derinam\u0105 su moderniu dizainu. J\u016bs\u0173 virtuv\u0117 nusipelno \u0161ios dvidur\u0117s vitrinos rafinuotumo. D\u0117l gerai apgalvoto dizaino spintel\u0117 ne tik atrodo gra\u017eiai, bet ir tampa prakti\u0161ku sprendimu laikyti indus ir smulkius daiktus, kuriuos visada norite tur\u0117ti po ranka. Juodos metalin\u0117s rankenos suteikia charakterio, sukurdamos ry\u0161k\u0173 kontrast\u0105, kuris pabr\u0117\u017eia unikal\u0173 bet kokio interjero stili\u0173. Funkcionalumas slypi kiekvienoje detal\u0117je. Savaime u\u017esidarantys vyriai u\u017etikrina skland\u0173 ir tyl\u0173 dureli\u0173 u\u017edarym\u0105, padidindami kasdien\u012f komfort\u0105. Papildomas privalumas yra savaiminio surinkimo galimyb\u0117, leid\u017eianti greitai ir lengvai pastatyti spintel\u0119 pasirinktoje vietoje. Tai leid\u017eia pritaikyti j\u0105 pagal individualius poreikius ir m\u0117gautis nauju dekoru.<\/p>","protected":false},"excerpt":{"rendered":"<p>Plotis (cm): 60<br \/>\n\u016agis (cm): 72<br \/>\nGylis (cm): 32<\/p>","protected":false},"featured_media":156865,"comment_status":"open","ping_status":"open","template":"","meta":[],"product_brand":[],"product_cat":[9444,9441,4106,9118],"product_tag":[],"class_list":{"0":"post-156864","1":"product","2":"type-product","3":"status-publish","4":"has-post-thumbnail","6":"product_cat-kitchen-system-prowansja-sosna-andersen","7":"product_cat-white","8":"product_cat-gala-meble","9":"product_cat-kitchen-cabinets","11":"first","12":"instock","13":"purchasable","14":"product-type-simple"},"_links":{"self":[{"href":"https:\/\/baldumarket.lt\/lt\/wp-json\/wp\/v2\/product\/156864","targetHints":{"allow":["GET"]}}],"collection":[{"href":"https:\/\/baldumarket.lt\/lt\/wp-json\/wp\/v2\/product"}],"about":[{"href":"https:\/\/baldumarket.lt\/lt\/wp-json\/wp\/v2\/types\/product"}],"replies":[{"embeddable":true,"href":"https:\/\/baldumarket.lt\/lt\/wp-json\/wp\/v2\/comments?post=156864"}],"wp:featuredmedia":[{"embeddable":true,"href":"https:\/\/baldumarket.lt\/lt\/wp-json\/wp\/v2\/media\/156865"}],"wp:attachment":[{"href":"https:\/\/baldumarket.lt\/lt\/wp-json\/wp\/v2\/media?parent=156864"}],"wp:term":[{"taxonomy":"product_brand","embeddable":true,"href":"https:\/\/baldumarket.lt\/lt\/wp-json\/wp\/v2\/product_brand?post=156864"},{"taxonomy":"product_cat","embeddable":true,"href":"https:\/\/baldumarket.lt\/lt\/wp-json\/wp\/v2\/product_cat?post=156864"},{"taxonomy":"product_tag","embeddable":true,"href":"https:\/\/baldumarket.lt\/lt\/wp-json\/wp\/v2\/product_tag?post=156864"}],"curies":[{"name":"wp","href":"https:\/\/api.w.org\/{rel}","templated":true}]}}