{"id":156859,"date":"2025-12-18T23:10:52","date_gmt":"2025-12-18T20:10:52","guid":{"rendered":"https:\/\/baldumarket.lt\/product\/szafka-kuchenna-gorna-witryna-2-drzwiowa-g60s-sycylia-andersen\/"},"modified":"2026-02-06T12:47:21","modified_gmt":"2026-02-06T09:47:21","slug":"szafka-kuchenna-gorna-witryna-2-drzwiowa-g60s-sycylia-andersen","status":"publish","type":"product","link":"https:\/\/baldumarket.lt\/lt\/product\/szafka-kuchenna-gorna-witryna-2-drzwiowa-g60s-sycylia-andersen\/","title":{"rendered":"G60S Sicily Andersen 2 dur\u0173 vir\u0161utin\u0117 virtuv\u0117s spintel\u0117"},"content":{"rendered":"<p>Atraskite magi\u0161k\u0105 \u201eAndersen G60S Sicily\u201c 2 dur\u0173 vir\u0161utin\u0117s vitrinos virtuv\u0117s spintel\u0117s \u017eaves\u012f, sukurtos galvojant apie harmonij\u0105 ir elegancij\u0105. \u0160i i\u0161skirtinai stilinga \u201eGa\u0142a Meble\u201c spintel\u0117 su \u012fsp\u016bdinga \u201eAndersen\u201c pu\u0161ies apdaila suteikia j\u016bs\u0173 interjerui subtilumo ir gaivumo. Jos estetika primena gamtos ramyb\u0119, sukurdama erdv\u0119, kuri \u012fkvepia ir d\u017eiugina kiekvien\u0105 dien\u0105. \u0160i spintel\u0117 yra ne tik gra\u017ei, bet ir funkcionali. Ji puikiai tinka kaip patogi vieta laikyti m\u0117gstamus puodelius, stalo \u012frankius ar prieskonius, kad jie visada b\u016bt\u0173 po ranka. Permatomos vitrinos durel\u0117s leid\u017eia lengvai ir greitai rasti reikiamus daiktus, o interjerui suteikia lengvumo ir modernumo. Kuriant interjer\u0105, labai svarbu, kad baldai papildyt\u0173 bendr\u0105 dizain\u0105. D\u0117l matin\u0117s baltos spintel\u0117s apdailos spintel\u0117 skland\u017eiai dera su \u012fvairiais interjero stiliais \u2013 nuo skandinavi\u0161ko minimalizmo iki klasikinio pra\u0161matnumo. Sidabrin\u0117s plastikin\u0117s ranken\u0117l\u0117s suteikia modernumo ir yra prakti\u0161kos kasdieniam naudojimui.<\/p>","protected":false},"excerpt":{"rendered":"<p>Plotis (cm): 60<br \/>\n\u016agis (cm): 72<br \/>\nGylis (cm): 32<\/p>","protected":false},"featured_media":156860,"comment_status":"open","ping_status":"open","template":"","meta":[],"product_brand":[],"product_cat":[9440,9441,4106,9118],"product_tag":[],"class_list":{"0":"post-156859","1":"product","2":"type-product","3":"status-publish","4":"has-post-thumbnail","6":"product_cat-kitchen-system-sycylia-sosna-andersen","7":"product_cat-white","8":"product_cat-gala-meble","9":"product_cat-kitchen-cabinets","11":"first","12":"instock","13":"purchasable","14":"product-type-simple"},"_links":{"self":[{"href":"https:\/\/baldumarket.lt\/lt\/wp-json\/wp\/v2\/product\/156859","targetHints":{"allow":["GET"]}}],"collection":[{"href":"https:\/\/baldumarket.lt\/lt\/wp-json\/wp\/v2\/product"}],"about":[{"href":"https:\/\/baldumarket.lt\/lt\/wp-json\/wp\/v2\/types\/product"}],"replies":[{"embeddable":true,"href":"https:\/\/baldumarket.lt\/lt\/wp-json\/wp\/v2\/comments?post=156859"}],"wp:featuredmedia":[{"embeddable":true,"href":"https:\/\/baldumarket.lt\/lt\/wp-json\/wp\/v2\/media\/156860"}],"wp:attachment":[{"href":"https:\/\/baldumarket.lt\/lt\/wp-json\/wp\/v2\/media?parent=156859"}],"wp:term":[{"taxonomy":"product_brand","embeddable":true,"href":"https:\/\/baldumarket.lt\/lt\/wp-json\/wp\/v2\/product_brand?post=156859"},{"taxonomy":"product_cat","embeddable":true,"href":"https:\/\/baldumarket.lt\/lt\/wp-json\/wp\/v2\/product_cat?post=156859"},{"taxonomy":"product_tag","embeddable":true,"href":"https:\/\/baldumarket.lt\/lt\/wp-json\/wp\/v2\/product_tag?post=156859"}],"curies":[{"name":"wp","href":"https:\/\/api.w.org\/{rel}","templated":true}]}}