{"id":156854,"date":"2025-12-18T23:10:41","date_gmt":"2025-12-18T20:10:41","guid":{"rendered":"https:\/\/baldumarket.lt\/product\/szafka-kuchenna-gorna-witryna-2-drzwiowa-g60s-sycylia-orzech\/"},"modified":"2026-02-06T14:33:03","modified_gmt":"2026-02-06T11:33:03","slug":"szafka-kuchenna-gorna-witryna-2-drzwiowa-g60s-sycylia-orzech","status":"publish","type":"product","link":"https:\/\/baldumarket.lt\/lt\/product\/szafka-kuchenna-gorna-witryna-2-drzwiowa-g60s-sycylia-orzech\/","title":{"rendered":"Vir\u0161utin\u0117 virtuv\u0117s spintel\u0117, 2 dur\u0173, vitrina, G60S, Sicily Walnut"},"content":{"rendered":"<p>Su m\u016bs\u0173 vir\u0161utine vitrina suteikite savo virtuvei itali\u0161ko Sicilijos elegancijos. Unikalus Milano rie\u0161utmed\u017eio dizainas suteikia \u0161ilumos ir klasikinio stiliaus bet kokiam interjerui. Tai puikus sprendimas tiems, kurie vertina estetik\u0105 ir nori, kad j\u0173 virtuv\u0117 b\u016bt\u0173 ne tik prakti\u0161ka, bet ir stilinga. \u201eGa\u0142a Meble\u201c virtuv\u0117s spintel\u0117 yra ne tik esteti\u0161kas dizaino elementas, bet ir funkcionalus sprendimas kasdieniam naudojimui. Dvigubos durys atveria erdvi\u0105 erdv\u0119, kurioje tilps viskas, ko reikia kasdieniam virtuv\u0117s \u0161urmuliui. Gal\u0117site lengvai susid\u0117ti indus, stiklines ir virtuv\u0117s priedus, tod\u0117l maisto gaminimas ir valymas taps malonesni. Rie\u0161utmed\u017eio MDF fasadai harmoningai dera su laminuotos plok\u0161t\u0117s korpusu, sukurdami patvari\u0105 ir ilgaam\u017e\u0119 konstrukcij\u0105, kuri atlaikys net ir reikliausi\u0105 naudojim\u0105. Papildomas privalumas \u2013 eleganti\u0161kos sidabrin\u0117s ranken\u0117l\u0117s, kurios pabr\u0117\u017eia modern\u0173 baldo charakter\u012f ir yra patogios kasdieniam naudojimui.<\/p>","protected":false},"excerpt":{"rendered":"<p>Plotis (cm): 60<br \/>\n\u016agis (cm): 72<br \/>\nGylis (cm): 32<\/p>","protected":false},"featured_media":156855,"comment_status":"open","ping_status":"open","template":"","meta":[],"product_brand":[],"product_cat":[9450,4106,9118],"product_tag":[],"class_list":{"0":"post-156854","1":"product","2":"type-product","3":"status-publish","4":"has-post-thumbnail","6":"product_cat-kitchen-system-sycylia-orzech-milano","7":"product_cat-gala-meble","8":"product_cat-kitchen-cabinets","10":"first","11":"instock","12":"purchasable","13":"product-type-simple"},"_links":{"self":[{"href":"https:\/\/baldumarket.lt\/lt\/wp-json\/wp\/v2\/product\/156854","targetHints":{"allow":["GET"]}}],"collection":[{"href":"https:\/\/baldumarket.lt\/lt\/wp-json\/wp\/v2\/product"}],"about":[{"href":"https:\/\/baldumarket.lt\/lt\/wp-json\/wp\/v2\/types\/product"}],"replies":[{"embeddable":true,"href":"https:\/\/baldumarket.lt\/lt\/wp-json\/wp\/v2\/comments?post=156854"}],"wp:featuredmedia":[{"embeddable":true,"href":"https:\/\/baldumarket.lt\/lt\/wp-json\/wp\/v2\/media\/156855"}],"wp:attachment":[{"href":"https:\/\/baldumarket.lt\/lt\/wp-json\/wp\/v2\/media?parent=156854"}],"wp:term":[{"taxonomy":"product_brand","embeddable":true,"href":"https:\/\/baldumarket.lt\/lt\/wp-json\/wp\/v2\/product_brand?post=156854"},{"taxonomy":"product_cat","embeddable":true,"href":"https:\/\/baldumarket.lt\/lt\/wp-json\/wp\/v2\/product_cat?post=156854"},{"taxonomy":"product_tag","embeddable":true,"href":"https:\/\/baldumarket.lt\/lt\/wp-json\/wp\/v2\/product_tag?post=156854"}],"curies":[{"name":"wp","href":"https:\/\/api.w.org\/{rel}","templated":true}]}}