{"id":156849,"date":"2025-12-18T23:10:31","date_gmt":"2025-12-18T20:10:31","guid":{"rendered":"https:\/\/baldumarket.lt\/product\/szafka-kuchenna-gorna-witryna-2-drzwiowa-g80s-linea-grey-szary-mat\/"},"modified":"2026-02-08T13:01:06","modified_gmt":"2026-02-08T10:01:06","slug":"szafka-kuchenna-gorna-witryna-2-drzwiowa-g80s-linea-grey-szary-mat","status":"publish","type":"product","link":"https:\/\/baldumarket.lt\/lt\/product\/szafka-kuchenna-gorna-witryna-2-drzwiowa-g80s-linea-grey-szary-mat\/","title":{"rendered":"Vir\u0161utin\u0117 virtuv\u0117s spintel\u0117, 2 dur\u0173, vitrina, G80S, pilka, matin\u0117"},"content":{"rendered":"<p>Atraskite G80S Linea pilkos vir\u0161utin\u0117s vitrinos virtuv\u0117s spintel\u0117s elegancij\u0105 ir modernum\u0105. \u0160i i\u0161skirtinai stilinga pilka spintel\u0117 su matiniu pavir\u0161iumi yra puikus pasirinkimas bet kuriai virtuvei, kuriai reikia atnaujinimo ir modernaus \u012fvaizd\u017eio. Subtilus blizgaus priekio akcentas subtiliai atspindi \u0161vies\u0105, sukurdamas malon\u0173 erdv\u0117s ir \u0161varos poj\u016bt\u012f j\u016bs\u0173 virtuv\u0117je. Estetika \u010dia n\u0117ra vienintelis svarbus aspektas. \u0160ios spintel\u0117s funkcionalumas puikiai atitinka virtuv\u0117s organizavimo poreikius. Dviej\u0173 dureli\u0173 dizainas su paprastomis linijomis u\u017etikrina lengv\u0105 prieig\u0105, leid\u017eian\u010di\u0105 tvarkingai laikyti indus ir virtuv\u0117s priedus. Savaime u\u017esidarantys vyriai u\u017etikrina tyl\u0173 ir skland\u0173 dureli\u0173 u\u017edarym\u0105, tod\u0117l kasdien naudojamas patogiai. MDF priekin\u0117 dalis ir laminuotos plok\u0161t\u0117s korpusas u\u017etikrina patvarum\u0105 ir atsparum\u0105 kasdieniam naudojimui. D\u0117l ergonomi\u0161ko 80 cm plo\u010dio \u0161i spintel\u0117 puikiai telpa net ir ma\u017eiausiose erdv\u0117se, kartu suteikdama daug vietos daiktams susid\u0117ti. Konstrukcijoje naudojamos med\u017eiagos garantuoja ilgalaik\u012f patvarum\u0105 ir lengv\u0105 valym\u0105.<\/p>","protected":false},"excerpt":{"rendered":"<p>Plotis (cm): 80<br \/>\n\u016agis (cm): 72<br \/>\nGylis (cm): 32<\/p>","protected":false},"featured_media":156850,"comment_status":"open","ping_status":"open","template":"","meta":[],"product_brand":[],"product_cat":[9448,9441,4106,9118],"product_tag":[],"class_list":{"0":"post-156849","1":"product","2":"type-product","3":"status-publish","4":"has-post-thumbnail","6":"product_cat-kitchen-system-linea-grey","7":"product_cat-white","8":"product_cat-gala-meble","9":"product_cat-kitchen-cabinets","11":"first","12":"instock","13":"purchasable","14":"product-type-simple"},"_links":{"self":[{"href":"https:\/\/baldumarket.lt\/lt\/wp-json\/wp\/v2\/product\/156849","targetHints":{"allow":["GET"]}}],"collection":[{"href":"https:\/\/baldumarket.lt\/lt\/wp-json\/wp\/v2\/product"}],"about":[{"href":"https:\/\/baldumarket.lt\/lt\/wp-json\/wp\/v2\/types\/product"}],"replies":[{"embeddable":true,"href":"https:\/\/baldumarket.lt\/lt\/wp-json\/wp\/v2\/comments?post=156849"}],"wp:featuredmedia":[{"embeddable":true,"href":"https:\/\/baldumarket.lt\/lt\/wp-json\/wp\/v2\/media\/156850"}],"wp:attachment":[{"href":"https:\/\/baldumarket.lt\/lt\/wp-json\/wp\/v2\/media?parent=156849"}],"wp:term":[{"taxonomy":"product_brand","embeddable":true,"href":"https:\/\/baldumarket.lt\/lt\/wp-json\/wp\/v2\/product_brand?post=156849"},{"taxonomy":"product_cat","embeddable":true,"href":"https:\/\/baldumarket.lt\/lt\/wp-json\/wp\/v2\/product_cat?post=156849"},{"taxonomy":"product_tag","embeddable":true,"href":"https:\/\/baldumarket.lt\/lt\/wp-json\/wp\/v2\/product_tag?post=156849"}],"curies":[{"name":"wp","href":"https:\/\/api.w.org\/{rel}","templated":true}]}}