{"id":156844,"date":"2025-12-18T23:10:21","date_gmt":"2025-12-18T20:10:21","guid":{"rendered":"https:\/\/baldumarket.lt\/product\/szafka-kuchenna-gorna-witryna-2-drzwiowa-g80s-linea-white-bialy-mat\/"},"modified":"2026-02-08T13:02:02","modified_gmt":"2026-02-08T10:02:02","slug":"szafka-kuchenna-gorna-witryna-2-drzwiowa-g80s-linea-white-bialy-mat","status":"publish","type":"product","link":"https:\/\/baldumarket.lt\/lt\/product\/szafka-kuchenna-gorna-witryna-2-drzwiowa-g80s-linea-white-bialy-mat\/","title":{"rendered":"Vir\u0161utin\u0117 virtuv\u0117s spintel\u0117, 2 dur\u0173, vitrina, G80S, balta, matin\u0117, balta"},"content":{"rendered":"<p>Atnaujinkite savo interjer\u0105 su eleganti\u0161ka \u201eGa\u0142a Meble\u201c \u201eLinea White G80S\u201c virtuv\u0117s vir\u0161utine spintele. Minimalistinis dizainas kartu su modernia matine balta apdaila suteikia j\u016bs\u0173 virtuvei gaivumo ir klasikinio elegancijos. \u0160i stilinga vitrinin\u0117 spintel\u0117 puikiai dera tiek prie modernaus, tiek prie tradicinio interjero. \u201eLinea White\u201c virtuv\u0117s vir\u0161utin\u0117 spintel\u0117 buvo sukurta atsi\u017evelgiant \u012f funkcional\u0173 erdv\u0117s valdym\u0105. Prakti\u0161kumas ir estetika yra neatsiejami \u2013 dviej\u0173 dureli\u0173 dizainas suteikia lengv\u0105 prieig\u0105 prie laikom\u0173 daikt\u0173, o MDF fasad\u0173 keramin\u0117 apdaila suteikia interjerui subtilios elegancijos. Auksin\u0117s metalin\u0117s rankenos suteikia rafinuotumo, pabr\u0117\u017eiant prabang\u0173 \u0161io baldo charakter\u012f. Stilinga rankenos detal\u0117 ne tik esteti\u0161kai i\u0161skiria spintel\u0119, bet ir u\u017etikrina patog\u0173 naudojim\u0105. Visa tai paver\u010dia \u201eLinea White G80S\u201c ne tik funkcionaliu, bet ir dekoratyviu bet kurios virtuv\u0117s papildymu.<\/p>","protected":false},"excerpt":{"rendered":"<p>Plotis (cm): 80<br \/>\n\u016agis (cm): 72<br \/>\nGylis (cm): 32<\/p>","protected":false},"featured_media":156845,"comment_status":"open","ping_status":"open","template":"","meta":[],"product_brand":[],"product_cat":[9446,4106,9118],"product_tag":[],"class_list":{"0":"post-156844","1":"product","2":"type-product","3":"status-publish","4":"has-post-thumbnail","6":"product_cat-kitchen-system-linea-white","7":"product_cat-gala-meble","8":"product_cat-kitchen-cabinets","10":"first","11":"instock","12":"purchasable","13":"product-type-simple"},"_links":{"self":[{"href":"https:\/\/baldumarket.lt\/lt\/wp-json\/wp\/v2\/product\/156844","targetHints":{"allow":["GET"]}}],"collection":[{"href":"https:\/\/baldumarket.lt\/lt\/wp-json\/wp\/v2\/product"}],"about":[{"href":"https:\/\/baldumarket.lt\/lt\/wp-json\/wp\/v2\/types\/product"}],"replies":[{"embeddable":true,"href":"https:\/\/baldumarket.lt\/lt\/wp-json\/wp\/v2\/comments?post=156844"}],"wp:featuredmedia":[{"embeddable":true,"href":"https:\/\/baldumarket.lt\/lt\/wp-json\/wp\/v2\/media\/156845"}],"wp:attachment":[{"href":"https:\/\/baldumarket.lt\/lt\/wp-json\/wp\/v2\/media?parent=156844"}],"wp:term":[{"taxonomy":"product_brand","embeddable":true,"href":"https:\/\/baldumarket.lt\/lt\/wp-json\/wp\/v2\/product_brand?post=156844"},{"taxonomy":"product_cat","embeddable":true,"href":"https:\/\/baldumarket.lt\/lt\/wp-json\/wp\/v2\/product_cat?post=156844"},{"taxonomy":"product_tag","embeddable":true,"href":"https:\/\/baldumarket.lt\/lt\/wp-json\/wp\/v2\/product_tag?post=156844"}],"curies":[{"name":"wp","href":"https:\/\/api.w.org\/{rel}","templated":true}]}}