{"id":156838,"date":"2025-12-18T23:10:08","date_gmt":"2025-12-18T20:10:08","guid":{"rendered":"https:\/\/baldumarket.lt\/product\/szafka-kuchenna-gorna-witryna-2-drzwiowa-g80s-prowansja-sosna-andersen-bialy-mat\/"},"modified":"2026-02-08T12:00:59","modified_gmt":"2026-02-08T09:00:59","slug":"szafka-kuchenna-gorna-witryna-2-drzwiowa-g80s-prowansja-sosna-andersen-bialy-mat","status":"publish","type":"product","link":"https:\/\/baldumarket.lt\/lt\/product\/szafka-kuchenna-gorna-witryna-2-drzwiowa-g80s-prowansja-sosna-andersen-bialy-mat\/","title":{"rendered":"Vir\u0161utin\u0117 virtuv\u0117s spintel\u0117, 2 dur\u0173, G80S, provanso pu\u0161is, Andersen, matin\u0117 balta"},"content":{"rendered":"<p>Atraskite unikal\u0173 Provanso stiliaus \u017eaves\u012f su m\u016bs\u0173 G80S 2 dur\u0173 vir\u0161utine vitrina. Subtilus elegancija kartu su specialiai parinktais tonais paver\u010dia j\u0105 puikiu bet kurios virtuv\u0117s papildymu. Anderseno pu\u0161ies fasadai ir matin\u0117 balta spalva sukuria jaukumo ir gaivumo atmosfer\u0105, puikiai papildydami tiek kaimi\u0161k\u0105, tiek modern\u0173 interjer\u0105. Stilinga estetika \u2013 tai tik \u0161ios unikalios spintel\u0117s galimybi\u0173 prad\u017eia. D\u0117l savo funkcionalumo ji leid\u017eia eleganti\u0161kai eksponuoti m\u0117gstamus stalo \u012frankius ar taures. Stikliniai fasadai sukuria gra\u017e\u0173 fon\u0105 bet kokiems stalo \u012frankiams, nepriklausomai nuo spalvos ar ra\u0161to. \u0160is dekoratyvinis elementas suteikia virtuvei lengvumo ir tuo pa\u010diu sutvarko daikt\u0173 laikymo vietas. Unikal\u0173 \u0161ios spintel\u0117s charakter\u012f pabr\u0117\u017eia juodos metalin\u0117s rankenos, kurios yra ne tik estetinis papildymas, bet ir prakti\u0161kas sprendimas kasdieniams poreikiams. Ry\u0161ki\u0173 spalv\u0173 ir eleganti\u0161k\u0173 detali\u0173 derinys suteikia interjerui klas\u0117s ir modernumo, pabr\u0117\u017eiant d\u0117mes\u012f detal\u0117ms kiekviename elemente. Minimalizmo tendencijos puikiai dera su apgalvotu funkcionalumu.<\/p>","protected":false},"excerpt":{"rendered":"<p>Plotis (cm): 80<br \/>\n\u016agis (cm): 72<br \/>\nGylis (cm): 32<\/p>","protected":false},"featured_media":156839,"comment_status":"open","ping_status":"open","template":"","meta":[],"product_brand":[],"product_cat":[9444,9441,4106,9118],"product_tag":[],"class_list":{"0":"post-156838","1":"product","2":"type-product","3":"status-publish","4":"has-post-thumbnail","6":"product_cat-kitchen-system-prowansja-sosna-andersen","7":"product_cat-white","8":"product_cat-gala-meble","9":"product_cat-kitchen-cabinets","11":"first","12":"instock","13":"purchasable","14":"product-type-simple"},"_links":{"self":[{"href":"https:\/\/baldumarket.lt\/lt\/wp-json\/wp\/v2\/product\/156838","targetHints":{"allow":["GET"]}}],"collection":[{"href":"https:\/\/baldumarket.lt\/lt\/wp-json\/wp\/v2\/product"}],"about":[{"href":"https:\/\/baldumarket.lt\/lt\/wp-json\/wp\/v2\/types\/product"}],"replies":[{"embeddable":true,"href":"https:\/\/baldumarket.lt\/lt\/wp-json\/wp\/v2\/comments?post=156838"}],"wp:featuredmedia":[{"embeddable":true,"href":"https:\/\/baldumarket.lt\/lt\/wp-json\/wp\/v2\/media\/156839"}],"wp:attachment":[{"href":"https:\/\/baldumarket.lt\/lt\/wp-json\/wp\/v2\/media?parent=156838"}],"wp:term":[{"taxonomy":"product_brand","embeddable":true,"href":"https:\/\/baldumarket.lt\/lt\/wp-json\/wp\/v2\/product_brand?post=156838"},{"taxonomy":"product_cat","embeddable":true,"href":"https:\/\/baldumarket.lt\/lt\/wp-json\/wp\/v2\/product_cat?post=156838"},{"taxonomy":"product_tag","embeddable":true,"href":"https:\/\/baldumarket.lt\/lt\/wp-json\/wp\/v2\/product_tag?post=156838"}],"curies":[{"name":"wp","href":"https:\/\/api.w.org\/{rel}","templated":true}]}}