{"id":156833,"date":"2025-12-18T23:09:57","date_gmt":"2025-12-18T20:09:57","guid":{"rendered":"https:\/\/baldumarket.lt\/product\/szafka-kuchenna-gorna-witryna-2-drzwiowa-g80s-sycylia-andersen\/"},"modified":"2026-02-06T12:47:29","modified_gmt":"2026-02-06T09:47:29","slug":"szafka-kuchenna-gorna-witryna-2-drzwiowa-g80s-sycylia-andersen","status":"publish","type":"product","link":"https:\/\/baldumarket.lt\/lt\/product\/szafka-kuchenna-gorna-witryna-2-drzwiowa-g80s-sycylia-andersen\/","title":{"rendered":"G80S Sicily Andersen 2 dur\u0173 vir\u0161utin\u0117 virtuv\u0117s spintel\u0117"},"content":{"rendered":"<p>Pristatome \u201eAndersen Sycylia\u201c vir\u0161utin\u0119 vitrin\u0105, kuri j\u016bs\u0173 virtuvei suteiks elegancijos ir funkcionalumo. Jos nesenstantis stilius, derinamas su moderniu prisilietimu, yra tobulas derinys visiems, kurie vertina estetik\u0105 ir prakti\u0161kum\u0105. Subtil\u016bs MDF fasadai \u201eAndersen\u201c pu\u0161ies atspalvio ir matin\u0117s baltos spalvos korpusas puikiai papildys bet kok\u012f virtuv\u0117s dizain\u0105. \u0160i 80 cm plo\u010dio spintel\u0117 yra pakankamai erdvi, kad joje tilpt\u0173 j\u016bs\u0173 m\u0117gstamiausi indai ir stiklin\u0117s. Dvidur\u0117 vitrina leid\u017eia lengvai eksponuoti gra\u017eius stalo \u012frankius, kartu apsaugant juos nuo dulki\u0173. Minimalistin\u0117s, sidabrin\u0117s plastikin\u0117s ranken\u0117l\u0117s suteikia subtilaus blizgesio, traukia ak\u012f ir harmoningai dera su likusia spintel\u0117s dalimi. Estetika \u2013 ne viskas \u2013 \u201eAndersen Sycylia\u201c spintel\u0117 taip pat yra i\u0161skirtinai funkcionali. Tai ne tik dekoratyvinis elementas, bet ir ne\u012ftik\u0117tinai prakti\u0161kas sprendimas, kuris supaprastins virtuv\u0117s organizavim\u0105. Ji puikiai tinka tiek didel\u0117ms, tiek ma\u017eesn\u0117ms virtuv\u0117ms, si\u016blydama optimali\u0105 daikt\u0173 laikymo viet\u0105.<\/p>","protected":false},"excerpt":{"rendered":"<p>Plotis (cm): 80<br \/>\n\u016agis (cm): 72<br \/>\nGylis (cm): 32<\/p>","protected":false},"featured_media":156834,"comment_status":"open","ping_status":"open","template":"","meta":[],"product_brand":[],"product_cat":[9440,9441,4106,9118],"product_tag":[],"class_list":{"0":"post-156833","1":"product","2":"type-product","3":"status-publish","4":"has-post-thumbnail","6":"product_cat-kitchen-system-sycylia-sosna-andersen","7":"product_cat-white","8":"product_cat-gala-meble","9":"product_cat-kitchen-cabinets","11":"first","12":"instock","13":"purchasable","14":"product-type-simple"},"_links":{"self":[{"href":"https:\/\/baldumarket.lt\/lt\/wp-json\/wp\/v2\/product\/156833","targetHints":{"allow":["GET"]}}],"collection":[{"href":"https:\/\/baldumarket.lt\/lt\/wp-json\/wp\/v2\/product"}],"about":[{"href":"https:\/\/baldumarket.lt\/lt\/wp-json\/wp\/v2\/types\/product"}],"replies":[{"embeddable":true,"href":"https:\/\/baldumarket.lt\/lt\/wp-json\/wp\/v2\/comments?post=156833"}],"wp:featuredmedia":[{"embeddable":true,"href":"https:\/\/baldumarket.lt\/lt\/wp-json\/wp\/v2\/media\/156834"}],"wp:attachment":[{"href":"https:\/\/baldumarket.lt\/lt\/wp-json\/wp\/v2\/media?parent=156833"}],"wp:term":[{"taxonomy":"product_brand","embeddable":true,"href":"https:\/\/baldumarket.lt\/lt\/wp-json\/wp\/v2\/product_brand?post=156833"},{"taxonomy":"product_cat","embeddable":true,"href":"https:\/\/baldumarket.lt\/lt\/wp-json\/wp\/v2\/product_cat?post=156833"},{"taxonomy":"product_tag","embeddable":true,"href":"https:\/\/baldumarket.lt\/lt\/wp-json\/wp\/v2\/product_tag?post=156833"}],"curies":[{"name":"wp","href":"https:\/\/api.w.org\/{rel}","templated":true}]}}