{"id":156828,"date":"2025-12-18T23:09:48","date_gmt":"2025-12-18T20:09:48","guid":{"rendered":"https:\/\/baldumarket.lt\/product\/szafka-kuchenna-gorna-witryna-2-drzwiowa-g80s-sycylia-orzech\/"},"modified":"2026-02-08T12:29:28","modified_gmt":"2026-02-08T09:29:28","slug":"szafka-kuchenna-gorna-witryna-2-drzwiowa-g80s-sycylia-orzech","status":"publish","type":"product","link":"https:\/\/baldumarket.lt\/lt\/product\/szafka-kuchenna-gorna-witryna-2-drzwiowa-g80s-sycylia-orzech\/","title":{"rendered":"Vir\u0161utin\u0117 virtuv\u0117s spintel\u0117, 2 dur\u0173, vitrina, G80S, Sicilijos rie\u0161utmedis"},"content":{"rendered":"<p>Atraskite garsaus \u201eGa\u0142a Meble\u201c prek\u0117s \u017eenklo G80S 2 dureli\u0173 vir\u0161utin\u0117s vitrinos elegancij\u0105 ir funkcionalum\u0105. \u0160is baldas puikiai dera bet kurioje virtuv\u0117je, o Milano rie\u0161uto spalva, spinduliuojanti \u0161ilum\u0105 ir stili\u0173, suteikia jai rafinuotumo. Plonas dizainas leid\u017eia stilingai eksponuoti daiktus u\u017e stiklini\u0173 fasad\u0173, derinant prakti\u0161kum\u0105 su rafinuota estetika. Harmoningas Milano rie\u0161uto medienos derinys priekin\u0117je dalyje ir spintel\u0117s korpuse sukuria darni\u0105 i\u0161vaizd\u0105, puikiai tinkan\u010di\u0105 tiek moderniam, tiek klasikiniam virtuv\u0117s interjerui. Sodraus rie\u0161uto atspalvio suteikia nesenstan\u010dio \u017eavesio, u\u017etikrindamas, kad j\u016bs\u0173 virtuv\u0117 daugel\u012f met\u0173 i\u0161likt\u0173 eleganti\u0161ka j\u016bs\u0173 nam\u0173 puo\u0161mena. Spintel\u0117s dizainas leid\u017eia skland\u017eiai integruotis \u012f \u012fvairius virtuv\u0117s i\u0161planavimus, pagerinant kambario atmosfer\u0105. \u010cia funkcionalumas dera su gro\u017eiu, tod\u0117l \u0161i spintel\u0117 yra puiki vieta laikyti ir eksponuoti daiktus. Nesvarbu, ar norite parodyti geriausius stalo \u012frankius, ar laikyti kasdienius virtuv\u0117s reikmenis, \u0161i vitrina buvo sukurta atsi\u017evelgiant \u012f j\u016bs\u0173 poreikius. Spintel\u0117s durel\u0117s skland\u017eiai atsidaro d\u0117l auk\u0161tos kokyb\u0117s plastikini\u0173 ranken\u0173 su eleganti\u0161ka sidabro apdaila, kurios suteikia modernumo.<\/p>","protected":false},"excerpt":{"rendered":"<p>Plotis (cm): 80<br \/>\n\u016agis (cm): 72<br \/>\nGylis (cm): 32<\/p>","protected":false},"featured_media":156829,"comment_status":"open","ping_status":"open","template":"","meta":[],"product_brand":[],"product_cat":[9450,1043,4106],"product_tag":[],"class_list":{"0":"post-156828","1":"product","2":"type-product","3":"status-publish","4":"has-post-thumbnail","6":"product_cat-kitchen-system-sycylia-orzech-milano","7":"product_cat-extras","8":"product_cat-gala-meble","10":"first","11":"instock","12":"purchasable","13":"product-type-simple"},"_links":{"self":[{"href":"https:\/\/baldumarket.lt\/lt\/wp-json\/wp\/v2\/product\/156828","targetHints":{"allow":["GET"]}}],"collection":[{"href":"https:\/\/baldumarket.lt\/lt\/wp-json\/wp\/v2\/product"}],"about":[{"href":"https:\/\/baldumarket.lt\/lt\/wp-json\/wp\/v2\/types\/product"}],"replies":[{"embeddable":true,"href":"https:\/\/baldumarket.lt\/lt\/wp-json\/wp\/v2\/comments?post=156828"}],"wp:featuredmedia":[{"embeddable":true,"href":"https:\/\/baldumarket.lt\/lt\/wp-json\/wp\/v2\/media\/156829"}],"wp:attachment":[{"href":"https:\/\/baldumarket.lt\/lt\/wp-json\/wp\/v2\/media?parent=156828"}],"wp:term":[{"taxonomy":"product_brand","embeddable":true,"href":"https:\/\/baldumarket.lt\/lt\/wp-json\/wp\/v2\/product_brand?post=156828"},{"taxonomy":"product_cat","embeddable":true,"href":"https:\/\/baldumarket.lt\/lt\/wp-json\/wp\/v2\/product_cat?post=156828"},{"taxonomy":"product_tag","embeddable":true,"href":"https:\/\/baldumarket.lt\/lt\/wp-json\/wp\/v2\/product_tag?post=156828"}],"curies":[{"name":"wp","href":"https:\/\/api.w.org\/{rel}","templated":true}]}}