{"id":156823,"date":"2025-12-18T23:09:38","date_gmt":"2025-12-18T20:09:38","guid":{"rendered":"https:\/\/baldumarket.lt\/product\/szafka-kuchenna-gorna-witryna-g60ksn-1-drzwiowa-linea-grey-szary-mat\/"},"modified":"2026-02-18T11:32:59","modified_gmt":"2026-02-18T08:32:59","slug":"szafka-kuchenna-gorna-witryna-g60ksn-1-drzwiowa-linea-grey-szary-mat","status":"publish","type":"product","link":"https:\/\/baldumarket.lt\/lt\/product\/szafka-kuchenna-gorna-witryna-g60ksn-1-drzwiowa-linea-grey-szary-mat\/","title":{"rendered":"Virtuv\u0117s spintel\u0117s vir\u0161utin\u0117 vitrina G60KSN, 1 dur\u0173, \u201eLinea\u201c pilka matin\u0117"},"content":{"rendered":"<p>Elegancija ir funkcionalumas j\u016bs\u0173 virtuv\u0117je su \u201eGa\u0142a Meble\u201c \u201eLinea Grey\u201c vir\u0161utine vitrina. I\u0161skirtin\u0117 pilka spalva su matiniu priekio pavir\u0161iumi atrodo ne\u012ftik\u0117tinai stilingai, puikiai papildydama \u0161iuolaikines interjero dizaino tendencijas. Tai pasirinkimas tiems, kurie nori savo virtuvei suteikti rafinuoto skonio ir elegancijos. Unikalus \u0161ios spintel\u0117s dizainas derina estetik\u0105 ir prakti\u0161kum\u0105. Blizgi pilka MDF priekin\u0117 dalis harmoningai kontrastuoja su matiniu baltu korpusu, sukurdama atpalaiduojan\u010di\u0105 atmosfer\u0105, kuri skatina leisti laik\u0105 virtuv\u0117je. Minimalistin\u0117 i\u0161vaizda yra ir rafinuota, ir subtili, pabr\u0117\u017eianti individual\u0173 virtuv\u0117s erdv\u0117s charakter\u012f. Kasdien naudojant \u201eLinea Grey\u201c spintel\u0117 stebina savo funkcionalumu. Optimal\u016bs matmenys, leid\u017eiantys lengvai montuoti bet kurioje vietoje, paver\u010dia j\u0105 i\u0161skirtinai prakti\u0161ku bet kokio virtuv\u0117s dizaino elementu. Spintel\u0117s viduje yra daug vietos daiktams susid\u0117ti, o tai labai svarbu norint palaikyti tvark\u0105 ir organizuotum\u0105 j\u016bs\u0173 virtuv\u0117je.<\/p>","protected":false},"excerpt":{"rendered":"<p>Plotis (cm): 60<br \/>\n\u016agis (cm): 36<br \/>\nGylis (cm): 32<\/p>","protected":false},"featured_media":156824,"comment_status":"open","ping_status":"open","template":"","meta":[],"product_brand":[],"product_cat":[9446,4106],"product_tag":[],"class_list":{"0":"post-156823","1":"product","2":"type-product","3":"status-publish","4":"has-post-thumbnail","6":"product_cat-kitchen-system-linea-white","7":"product_cat-gala-meble","9":"first","10":"instock","11":"purchasable","12":"product-type-simple"},"_links":{"self":[{"href":"https:\/\/baldumarket.lt\/lt\/wp-json\/wp\/v2\/product\/156823","targetHints":{"allow":["GET"]}}],"collection":[{"href":"https:\/\/baldumarket.lt\/lt\/wp-json\/wp\/v2\/product"}],"about":[{"href":"https:\/\/baldumarket.lt\/lt\/wp-json\/wp\/v2\/types\/product"}],"replies":[{"embeddable":true,"href":"https:\/\/baldumarket.lt\/lt\/wp-json\/wp\/v2\/comments?post=156823"}],"wp:featuredmedia":[{"embeddable":true,"href":"https:\/\/baldumarket.lt\/lt\/wp-json\/wp\/v2\/media\/156824"}],"wp:attachment":[{"href":"https:\/\/baldumarket.lt\/lt\/wp-json\/wp\/v2\/media?parent=156823"}],"wp:term":[{"taxonomy":"product_brand","embeddable":true,"href":"https:\/\/baldumarket.lt\/lt\/wp-json\/wp\/v2\/product_brand?post=156823"},{"taxonomy":"product_cat","embeddable":true,"href":"https:\/\/baldumarket.lt\/lt\/wp-json\/wp\/v2\/product_cat?post=156823"},{"taxonomy":"product_tag","embeddable":true,"href":"https:\/\/baldumarket.lt\/lt\/wp-json\/wp\/v2\/product_tag?post=156823"}],"curies":[{"name":"wp","href":"https:\/\/api.w.org\/{rel}","templated":true}]}}