{"id":156815,"date":"2025-12-18T23:09:22","date_gmt":"2025-12-18T20:09:22","guid":{"rendered":"https:\/\/baldumarket.lt\/product\/zestaw-kuchni-aspen-grey-g80-g60kn-g60-p-d80z-d60s1\/"},"modified":"2026-02-18T11:30:34","modified_gmt":"2026-02-18T08:30:34","slug":"zestaw-kuchni-aspen-grey-g80-g60kn-g60-p-d80z-d60s1","status":"publish","type":"product","link":"https:\/\/baldumarket.lt\/lt\/product\/zestaw-kuchni-aspen-grey-g80-g60kn-g60-p-d80z-d60s1\/","title":{"rendered":"Pilkos spalvos virtuv\u0117s komplektas \u201eAspen Gray\u201c G80 G60KN G60-P D80Z D60S1"},"content":{"rendered":"<p>Sveiki atvyk\u0119 \u012f moderni\u0173 virtuvi\u0173 pasaul\u012f su \u201eGa\u0142a Meble\u201c \u201eAspen Grey\u201c komplektu, kuris stebina savo elegancija ir funkcionalumu. Tai pasi\u016blymas tiems, kurie vertina stiling\u0105 interjer\u0105, kuriame minimalistinis dizainas dera su prakti\u0161kumu. \u201eAspen Grey\u201c i\u0161siskiria eleganti\u0161ka pilka apdaila, suteikian\u010dia virtuvei unikal\u0173 charakter\u012f ir ramyb\u0117s bei rafinuoto skonio poj\u016bt\u012f. Vir\u0161utin\u0117s ir apatin\u0117s \u201eAspen Grey\u201c serijos spintel\u0117s yra elegancijos ir prakti\u0161kumo sinonimai. Blizgiai lakuotos MDF fasadai ne tik sukuria vizualin\u012f erdv\u0117s \u012fsp\u016bd\u012f, bet ir atspindi \u0161vies\u0105, suteikdami virtuvei unikalaus blizgesio. Sistema be ranken\u0117li\u0173 su frezavimu u\u017etikrina, kad bald\u0173 pavir\u0161iai i\u0161likt\u0173 lyg\u016bs ir lengvai valomi, o tai idealus sprendimas modernioms ir erdv\u0119 taupan\u010dioms virtuv\u0117s erdv\u0117ms. Virtuv\u0117 yra nam\u0173 \u0161irdis, o su \u201eAspen Grey\u201c komplektu ji taps i\u0161skirtinio stiliaus \u0161irdimi. Spintel\u0117s sukurtos taip, kad maksimaliai padidint\u0173 erdv\u0119 daiktams susid\u0117ti, u\u017etikrindamos tvark\u0105 ir harmonij\u0105 j\u016bs\u0173 virtuv\u0117je. Reguliuojamos kojel\u0117s leid\u017eia reguliuoti bald\u0173 auk\u0161t\u012f pagal individualius poreikius, tod\u0117l \u0161is komplektas dar funkcionalesnis ir tinka bet kokio tipo interjerui.<\/p>","protected":false},"excerpt":{"rendered":"<p>Komplekt\u0105 sudaro: vir\u0161utin\u0117 virtuv\u0117s spintel\u0117 \u201eAspen Grey G80\u201c (80 | 32 | 72), vir\u0161utin\u0117 virtuv\u0117s spintel\u0117 \u201eAspen Grey G60KN\u201c (60 | 32 | 36), vir\u0161utin\u0117 virtuv\u0117s spintel\u0117 \u201eAspen Grey G60-P\u201c (60 | 32 | 72), apatin\u0117 virtuv\u0117s spintel\u0117 \u201eAspen Grey D80Z\u201c (80 | 47 | 82), apatin\u0117 virtuv\u0117s spintel\u0117 \u201eAspen Grey D60S1\u201c (60 | 47 | 82)<br \/>\nReguliuojama kojel\u0117: 10 cm \u2013 12,5 cm<br \/>\nPriekin\u0117 dalis: blizgi lakuota MDF plok\u0161t\u0117<br \/>\nVyriai: savaime u\u017esidarantys<br \/>\nSistema: be ranken\u0117l\u0117s su frezavimu<\/p>","protected":false},"featured_media":156816,"comment_status":"open","ping_status":"open","template":"","meta":[],"product_brand":[],"product_cat":[9445,4106],"product_tag":[],"class_list":{"0":"post-156815","1":"product","2":"type-product","3":"status-publish","4":"has-post-thumbnail","6":"product_cat-kitchen-system-aspen-white","7":"product_cat-gala-meble","9":"first","10":"instock","11":"purchasable","12":"product-type-simple"},"_links":{"self":[{"href":"https:\/\/baldumarket.lt\/lt\/wp-json\/wp\/v2\/product\/156815","targetHints":{"allow":["GET"]}}],"collection":[{"href":"https:\/\/baldumarket.lt\/lt\/wp-json\/wp\/v2\/product"}],"about":[{"href":"https:\/\/baldumarket.lt\/lt\/wp-json\/wp\/v2\/types\/product"}],"replies":[{"embeddable":true,"href":"https:\/\/baldumarket.lt\/lt\/wp-json\/wp\/v2\/comments?post=156815"}],"wp:featuredmedia":[{"embeddable":true,"href":"https:\/\/baldumarket.lt\/lt\/wp-json\/wp\/v2\/media\/156816"}],"wp:attachment":[{"href":"https:\/\/baldumarket.lt\/lt\/wp-json\/wp\/v2\/media?parent=156815"}],"wp:term":[{"taxonomy":"product_brand","embeddable":true,"href":"https:\/\/baldumarket.lt\/lt\/wp-json\/wp\/v2\/product_brand?post=156815"},{"taxonomy":"product_cat","embeddable":true,"href":"https:\/\/baldumarket.lt\/lt\/wp-json\/wp\/v2\/product_cat?post=156815"},{"taxonomy":"product_tag","embeddable":true,"href":"https:\/\/baldumarket.lt\/lt\/wp-json\/wp\/v2\/product_tag?post=156815"}],"curies":[{"name":"wp","href":"https:\/\/api.w.org\/{rel}","templated":true}]}}