{"id":156810,"date":"2025-12-18T23:09:11","date_gmt":"2025-12-18T20:09:11","guid":{"rendered":"https:\/\/baldumarket.lt\/product\/zestaw-kuchni-langen-beige-artisan-g40-g80-g60kn-g60-d40s3-d80-d60z\/"},"modified":"2026-02-18T11:24:22","modified_gmt":"2026-02-18T08:24:22","slug":"zestaw-kuchni-langen-beige-artisan-g40-g80-g60kn-g60-d40s3-d80-d60z","status":"publish","type":"product","link":"https:\/\/baldumarket.lt\/lt\/product\/zestaw-kuchni-langen-beige-artisan-g40-g80-g60kn-g60-d40s3-d80-d60z\/","title":{"rendered":"Langen Beige\/Artisan virtuv\u0117s komplektas G40 G80 G60KN G60 D40S3 D80 D60Z"},"content":{"rendered":"<p>Paverskite savo virtuv\u0119 tikra elegancijos ir funkcionalumo oaze su \u201eGa\u0142a Meble\u201c \u201eLangen Beige\/Artisan\u201c virtuv\u0117s komplektu. Unikalus \u0161io komplekto dizainas derina subtilius sm\u0117lio spalvos atspalvius su klasikine meni\u0161ka mediena, sukurdamas harmoning\u0105 erdv\u0119, kuri kvie\u010dia praleisti vis daugiau laiko namuose. \u0160ie baldai suteikia \u0161ilumos ir \u017eavesio bet kokiam virtuv\u0117s dizainui.<\/p>\n<p>Virtuv\u0117 \u2013 kiekvien\u0173 nam\u0173 \u0161irdis, o su \u201eLangen Beige\/Artisan\u201c komplektu ji taps ir gra\u017eiausiu j\u0173 kampeliu. Minimalistin\u0117s linijos ir tobulai deran\u010dios spalvos \u0161\u012f komplekt\u0105 daro tinkam\u0105 tiek moderniam, tiek klasikiniam interjerui. \u0160io komplekto gro\u017eis ir elegancija dera su prakti\u0161ku erdv\u0117s i\u0161naudojimu, tod\u0117l kasdienis maisto ruo\u0161imas tampa lengvesnis.<\/p>\n<p>Vienas i\u0161 pagrindini\u0173 komplekto savybi\u0173 \u2013 galimyb\u0117 rinktis tarp klasikin\u0117s juodo metalo ranken\u0173 sistemos arba be ranken\u0117li\u0173 veikian\u010dios \u201cspustel\u0117jimo b\u016bdu atidaromos\u201d sistemos. Abu sprendimai pabr\u0117\u017eia modern\u0173 virtuv\u0117s charakter\u012f ir leid\u017eia suasmeninti baldus pagal j\u016bs\u0173 pageidavimus. Be to, reguliuojam\u0173 kojeli\u0173 d\u0117ka galite lengvai reguliuoti baldo auk\u0161t\u012f pagal savo poreikius, suteikdami virtuvei papildomo ergonomi\u0161kumo.<\/p>\n<p>Bald\u0173 komplekto surinkimas \u2013 u\u017eduotis kiekvienam, vertinan\u010diam pasitenkinim\u0105 atliekant tai savaranki\u0161kai. Savaranki\u0161kai surenkami baldai ne tik leid\u017eia visi\u0161kai kontroliuoti erdv\u0117s i\u0161d\u0117stym\u0105, bet ir suteikia galimyb\u0119 \u0161eimai dirbti kartu. Su \u201eLangen Beige\/Artisan\u201c komplektu j\u016bs\u0173 virtuv\u0117 taps vieta, kuri ne tik d\u017eiugins savo i\u0161vaizda, bet ir \u012fkv\u0117ps kulinariniams eksperimentams.<\/p>","protected":false},"excerpt":{"rendered":"<p>Reguliuojama kojel\u0117: 10 cm \u2013 12,5 cm<br \/>\nSistema: klasikin\u0117 juodo metalo rankena arba atidarymo spustel\u0117jus sistema \u2013 be ranken\u0117l\u0117s<\/p>","protected":false},"featured_media":156811,"comment_status":"open","ping_status":"open","template":"","meta":[],"product_brand":[],"product_cat":[9442,4106],"product_tag":[],"class_list":{"0":"post-156810","1":"product","2":"type-product","3":"status-publish","4":"has-post-thumbnail","6":"product_cat-kitchen-system-langen-dab-artisan","7":"product_cat-gala-meble","9":"first","10":"instock","11":"purchasable","12":"product-type-simple"},"_links":{"self":[{"href":"https:\/\/baldumarket.lt\/lt\/wp-json\/wp\/v2\/product\/156810","targetHints":{"allow":["GET"]}}],"collection":[{"href":"https:\/\/baldumarket.lt\/lt\/wp-json\/wp\/v2\/product"}],"about":[{"href":"https:\/\/baldumarket.lt\/lt\/wp-json\/wp\/v2\/types\/product"}],"replies":[{"embeddable":true,"href":"https:\/\/baldumarket.lt\/lt\/wp-json\/wp\/v2\/comments?post=156810"}],"wp:featuredmedia":[{"embeddable":true,"href":"https:\/\/baldumarket.lt\/lt\/wp-json\/wp\/v2\/media\/156811"}],"wp:attachment":[{"href":"https:\/\/baldumarket.lt\/lt\/wp-json\/wp\/v2\/media?parent=156810"}],"wp:term":[{"taxonomy":"product_brand","embeddable":true,"href":"https:\/\/baldumarket.lt\/lt\/wp-json\/wp\/v2\/product_brand?post=156810"},{"taxonomy":"product_cat","embeddable":true,"href":"https:\/\/baldumarket.lt\/lt\/wp-json\/wp\/v2\/product_cat?post=156810"},{"taxonomy":"product_tag","embeddable":true,"href":"https:\/\/baldumarket.lt\/lt\/wp-json\/wp\/v2\/product_tag?post=156810"}],"curies":[{"name":"wp","href":"https:\/\/api.w.org\/{rel}","templated":true}]}}