{"id":156802,"date":"2025-12-18T23:08:55","date_gmt":"2025-12-18T20:08:55","guid":{"rendered":"https:\/\/baldumarket.lt\/product\/zestaw-kuchni-langen-beige-artisan-g60-g60kn-g80-d60z-d80\/"},"modified":"2026-02-18T11:24:22","modified_gmt":"2026-02-18T08:24:22","slug":"zestaw-kuchni-langen-beige-artisan-g60-g60kn-g80-d60z-d80","status":"publish","type":"product","link":"https:\/\/baldumarket.lt\/lt\/product\/zestaw-kuchni-langen-beige-artisan-g60-g60kn-g80-d60z-d80\/","title":{"rendered":"Langen Beige\/Artisan virtuv\u0117s komplektas G60 G60KN G80 D60Z D80"},"content":{"rendered":"<p>Suteikite savo virtuvei elegancijos ir modernumo su garsaus \u201eGa\u0142a Meble\u201c prek\u0117s \u017eenklo \u201eLangen Beige\/Artisan\u201c virtuv\u0117s komplektu. \u0160i kolekcija derina rafinuot\u0105 estetik\u0105 ir auk\u0161t\u0105 funkcionalum\u0105, tod\u0117l tai puikus pasirinkimas tiems, kurie vertina stili\u0173 ir prakti\u0161kum\u0105. Subtilus sm\u0117lio spalvos derinys su meni\u0161ka apdaila sukuria harmoning\u0105 kompozicij\u0105, kuri skland\u017eiai dera prie bet kokio interjero.<\/p>\n<p>Vienas pagrindini\u0173 \u0161io komplekto privalum\u0173 \u2013 jo universalumas. \u201eLangen Beige\u201c vir\u0161utin\u0117s virtuv\u0117s spintel\u0117s garantuoja ne tik erdv\u0119, bet ir vizual\u0173 lengvum\u0105, kur\u012f pabr\u0117\u017eia subtilios spalvos. Nesvarbu, ar pasirinksite tradicines juodas ranken\u0117les, ar atidarymo spustel\u0117jus sistem\u0105 be ranken\u0117li\u0173, j\u016bs\u0173 pasirinkimas pabr\u0117\u0161 individual\u0173 j\u016bs\u0173 virtuv\u0117s charakter\u012f.<\/p>\n<p>\u201eLangen Artisan\u201c apatin\u0117s spintel\u0117s suteikia daug vietos daiktams susid\u0117ti, tod\u0117l idealiai tinka didesniems virtuv\u0117s daiktams. Reguliuojamos kojel\u0117s leid\u017eia reguliuoti auk\u0161t\u012f, taip dar labiau padidindamos komfort\u0105. \u201eArtisan\u201c suteikia \u0161ilumos ir jaukumo, tod\u0117l virtuv\u0117 tampa kiekvien\u0173 nam\u0173 \u0161irdimi.<\/p>\n<p>Savaranki\u0161kai surinkti baldai \u2013 puiki galimyb\u0117 tiksliai pritaikyti vis\u0105 komplekt\u0105 pagal savo poreikius ir erdv\u0117s specifikacijas. Funkcionalumas neatsiejamas nuo modernaus po\u017ei\u016brio \u012f interjero dizain\u0105, leid\u017eian\u010dio susikurti svajoni\u0173 virtuv\u0119, kuri b\u016bt\u0173 ir prakti\u0161ka, ir \u012fkvepianti kasdieniam naudojimui.<\/p>","protected":false},"excerpt":{"rendered":"<p>Komplekt\u0105 sudaro: Langen Beige G60 vir\u0161utin\u0117 virtuv\u0117s spintel\u0117 P\/L (60 | 32 | 72), Langen Beige G60KN vir\u0161utin\u0117 virtuv\u0117s spintel\u0117 (60 | 32 | 36), Langen Beige G80 vir\u0161utin\u0117 virtuv\u0117s spintel\u0117 (80 | 32 | 72), Langen Artisan D60Z-P\/L 4 apatin\u0117 virtuv\u0117s spinta (6 | Langen 8 | 2 Apatin\u0117 virtuv\u0117s spintel\u0117 Artisan D80 (80 | 47 | 82)<br \/>\nReguliuojama kojel\u0117: 10 cm \u2013 12,5 cm<br \/>\nSistema: klasikin\u0117 juodo metalo rankena arba atidarymo spustel\u0117jus sistema \u2013 be ranken\u0117l\u0117s<\/p>","protected":false},"featured_media":156803,"comment_status":"open","ping_status":"open","template":"","meta":[],"product_brand":[],"product_cat":[9442,4106],"product_tag":[],"class_list":{"0":"post-156802","1":"product","2":"type-product","3":"status-publish","4":"has-post-thumbnail","6":"product_cat-kitchen-system-langen-dab-artisan","7":"product_cat-gala-meble","9":"first","10":"instock","11":"purchasable","12":"product-type-simple"},"_links":{"self":[{"href":"https:\/\/baldumarket.lt\/lt\/wp-json\/wp\/v2\/product\/156802","targetHints":{"allow":["GET"]}}],"collection":[{"href":"https:\/\/baldumarket.lt\/lt\/wp-json\/wp\/v2\/product"}],"about":[{"href":"https:\/\/baldumarket.lt\/lt\/wp-json\/wp\/v2\/types\/product"}],"replies":[{"embeddable":true,"href":"https:\/\/baldumarket.lt\/lt\/wp-json\/wp\/v2\/comments?post=156802"}],"wp:featuredmedia":[{"embeddable":true,"href":"https:\/\/baldumarket.lt\/lt\/wp-json\/wp\/v2\/media\/156803"}],"wp:attachment":[{"href":"https:\/\/baldumarket.lt\/lt\/wp-json\/wp\/v2\/media?parent=156802"}],"wp:term":[{"taxonomy":"product_brand","embeddable":true,"href":"https:\/\/baldumarket.lt\/lt\/wp-json\/wp\/v2\/product_brand?post=156802"},{"taxonomy":"product_cat","embeddable":true,"href":"https:\/\/baldumarket.lt\/lt\/wp-json\/wp\/v2\/product_cat?post=156802"},{"taxonomy":"product_tag","embeddable":true,"href":"https:\/\/baldumarket.lt\/lt\/wp-json\/wp\/v2\/product_tag?post=156802"}],"curies":[{"name":"wp","href":"https:\/\/api.w.org\/{rel}","templated":true}]}}