{"id":156794,"date":"2025-12-18T23:08:37","date_gmt":"2025-12-18T20:08:37","guid":{"rendered":"https:\/\/baldumarket.lt\/product\/zestaw-kuchnia-aspen-white-g80-g60kn-g60-p-d80z-d60s1\/"},"modified":"2026-02-18T11:30:34","modified_gmt":"2026-02-18T08:30:34","slug":"zestaw-kuchnia-aspen-white-g80-g60kn-g60-p-d80z-d60s1","status":"publish","type":"product","link":"https:\/\/baldumarket.lt\/lt\/product\/zestaw-kuchnia-aspen-white-g80-g60kn-g60-p-d80z-d60s1\/","title":{"rendered":"Aspen White virtuv\u0117s komplektas G80 G60KN G60-P D80Z D60S1"},"content":{"rendered":"<p>Atraskite nauj\u0105 elegancijos lyg\u012f savo virtuv\u0117je su \u201eAspen White\u201c virtuv\u0117s komplektu i\u0161 \u201eGa\u0142a Meble\u201c. \u0160is komplektas, sukurtas galvojant apie modern\u0173 interjer\u0105, derina minimalizm\u0105 ir funkcionalum\u0105, tod\u0117l yra ne tik prakti\u0161kas, bet ir i\u0161skirtinai stilingas. Balta blizgiai lakuot\u0173 fasad\u0173 spalva suteikia bet kokiam kambariui gaivumo ir modernumo, o apgalvotos spinteli\u0173 formos \u2013 lengvumo ir harmonijos.<\/p>\n<p>Komplekt\u0105 sudaro penkios dalys, kurias galima lanks\u010diai i\u0161d\u0117styti j\u016bs\u0173 virtuv\u0117s erdv\u0117je. D\u0117l frezuotos ranken\u0117li\u0173 sistemos kiekviena spintel\u0117 spinduliuoja \u0161iuolaiki\u0161ku dizainu, pabr\u0117\u017eian\u010diu estetin\u012f j\u016bs\u0173 virtuv\u0117s \u017eaves\u012f. Reguliuojamos kojel\u0117s suteikia papildomo komforto, tod\u0117l baldus lengva pritaikyti individualiems poreikiams, tod\u0117l tai puikus sprendimas bet kokiam interjerui.<\/p>\n<p>D\u0117l \u201eAspen White\u201c komplekto funkcionalumo maisto gaminimas su \u0161eima ir draugais \u012fgis nauj\u0105 dimensij\u0105. D\u0117l apatin\u0117s ir vir\u0161utin\u0117s spinteli\u0173, kurios suteikia daug vietos daiktams susid\u0117ti, kiekviena virtuv\u0117 \u012fgauna tvarkingesn\u0119 ir gerai apgalvot\u0105 i\u0161vaizd\u0105. Savaime u\u017esidaranti vyri\u0173 sistema u\u017etikrina kasdien\u012f naudojim\u0105, pa\u0161alina triuk\u0161m\u0105 ir prailgina bald\u0173 tarnavimo laik\u0105.<\/p>\n<p>Baldai sukurti taip, kad juos b\u016bt\u0173 galima surinkti patiems, tod\u0117l juos galima greitai ir lengvai susikurti. Tai rei\u0161kia, kad gausite ne tik modernius baldus, bet ir pasitenkinim\u0105 kurdami savo svajoni\u0173 virtuv\u0119. Pasirinkdami \u201eAspen White\u201c virtuv\u0117s komplekt\u0105, investuojate \u012f kokyb\u0119, atitikim\u0105 naujausioms tendencijoms ir funkcionalum\u0105, kuris pakels j\u016bs\u0173 virtuv\u0117s erdv\u0119 \u012f auk\u0161tesn\u012f komforto ir elegancijos lyg\u012f.<\/p>","protected":false},"excerpt":{"rendered":"<p>Komplekt\u0105 sudaro: vir\u0161utin\u0117 virtuv\u0117s spintel\u0117 \u201eAspen White G80\u201c (80 | 32 | 72), vir\u0161utin\u0117 virtuv\u0117s spintel\u0117 \u201eAspen White G60KN\u201c (60 | 32 | 36), vir\u0161utin\u0117 virtuv\u0117s spintel\u0117 \u201eAspen White G60-P\u201c (60 | 32 | 72), apatin\u0117 virtuv\u0117s spintel\u0117 \u201eAspen White D80Z\u201c (80 | 47 | 82), apatin\u0117 virtuv\u0117s spintel\u0117 \u201eAspen White D60S1\u201c (60 | 47 | 82)<br \/>\nReguliuojama kojel\u0117: 10 cm \u2013 12,5 cm<br \/>\nPriekin\u0117 dalis: blizgi lakuota MDF plok\u0161t\u0117<br \/>\nVyriai: savaime u\u017esidarantys<br \/>\nSistema: be ranken\u0117l\u0117s su frezavimu<\/p>","protected":false},"featured_media":156795,"comment_status":"open","ping_status":"open","template":"","meta":[],"product_brand":[],"product_cat":[9445,4106],"product_tag":[],"class_list":{"0":"post-156794","1":"product","2":"type-product","3":"status-publish","4":"has-post-thumbnail","6":"product_cat-kitchen-system-aspen-white","7":"product_cat-gala-meble","9":"first","10":"instock","11":"purchasable","12":"product-type-simple"},"_links":{"self":[{"href":"https:\/\/baldumarket.lt\/lt\/wp-json\/wp\/v2\/product\/156794","targetHints":{"allow":["GET"]}}],"collection":[{"href":"https:\/\/baldumarket.lt\/lt\/wp-json\/wp\/v2\/product"}],"about":[{"href":"https:\/\/baldumarket.lt\/lt\/wp-json\/wp\/v2\/types\/product"}],"replies":[{"embeddable":true,"href":"https:\/\/baldumarket.lt\/lt\/wp-json\/wp\/v2\/comments?post=156794"}],"wp:featuredmedia":[{"embeddable":true,"href":"https:\/\/baldumarket.lt\/lt\/wp-json\/wp\/v2\/media\/156795"}],"wp:attachment":[{"href":"https:\/\/baldumarket.lt\/lt\/wp-json\/wp\/v2\/media?parent=156794"}],"wp:term":[{"taxonomy":"product_brand","embeddable":true,"href":"https:\/\/baldumarket.lt\/lt\/wp-json\/wp\/v2\/product_brand?post=156794"},{"taxonomy":"product_cat","embeddable":true,"href":"https:\/\/baldumarket.lt\/lt\/wp-json\/wp\/v2\/product_cat?post=156794"},{"taxonomy":"product_tag","embeddable":true,"href":"https:\/\/baldumarket.lt\/lt\/wp-json\/wp\/v2\/product_tag?post=156794"}],"curies":[{"name":"wp","href":"https:\/\/api.w.org\/{rel}","templated":true}]}}