{"id":156787,"date":"2025-12-18T18:44:38","date_gmt":"2025-12-18T15:44:38","guid":{"rendered":"https:\/\/baldumarket.lt\/product\/tulsa-wm-witryna-2d3s-dab-grandson\/"},"modified":"2026-04-12T09:04:34","modified_gmt":"2026-04-12T06:04:34","slug":"tulsa-wm-witryna-2d3s-dab-grandson","status":"publish","type":"product","link":"https:\/\/baldumarket.lt\/lt\/product\/tulsa-wm-witryna-2d3s-dab-grandson\/","title":{"rendered":"Tulsa WM vitrina 2D3S Grandson Oak"},"content":{"rendered":"<p>Pristatome eleganti\u0161k\u0105 ir funkcionali\u0105 \u201cTulsa WM\u201d kolekcijos vitrin\u0105 \u201eTulsa WM Display Cabinet 2D3S White \/ Gloss White\u201c, kuri \u012fne\u0161 \u012f j\u016bs\u0173 namus gaivumo ir modernumo. M\u016bs\u0173 180 cm plo\u010dio, 103 cm auk\u0161\u010dio ir 39 cm gylio indauja \u2013 tai tobulas estetikos ir prakti\u0161kumo derinys.<\/p>\n<p>\u201cTulsa WM Display Cabinet 2D3S\u201d buvo sukurta tiems, kurie vertina minimalistines, ta\u010diau rafinuotas detales. Pagaminta i\u0161 auk\u0161tos kokyb\u0117s med\u017eiag\u0173, priekin\u0117 dalis pagaminta i\u0161 MDF plok\u0161t\u0117s, padengtos membrana, u\u017etikrinan\u010dia, kad baldas i\u0161laikyt\u0173 savo gro\u017e\u012f ilgus metus, o laminuotos plok\u0161t\u0117s korpusas u\u017etikrina didel\u012f atsparum\u0105 kasdieniam naudojimui.<\/p>\n<p>Indauja susideda i\u0161 dviej\u0173 dali\u0173: dvidur\u0117s, i\u0161 dalies \u012fstiklintos dalies, kurioje galima efektyviai eksponuoti m\u0117gstamus daiktus, ir u\u017erakinamos dalies, u\u017etikrinan\u010dios privatum\u0105. Dizain\u0105 papildo trys erdv\u016bs stal\u010diai su moderniais rutuliniais guoliais, kurie u\u017etikrina tyli\u0105 ir patogi\u0105 prieig\u0105 prie laikom\u0173 daikt\u0173. Tiems, kurie vertina detales, indauja turi juodas metalines rankenas, kurios suteikia eleganti\u0161k\u0173 akcent\u0173 ir palengvina atidarym\u0105.<br \/>\nJei norite sukurti unikali\u0105 atmosfer\u0105, taip pat galite \u012fsigyti \u201eAlabama II Unterbau\u201c LED ap\u0161vietim\u0105 (\u201eLed Quatro\u201c) su dviem LED juostel\u0117mis, kurios subtiliai pary\u0161kins bald\u0173 form\u0105 ir suteiks interjerui \u0161ilt\u0105 atmosfer\u0105.<br \/>\n\u201cTulsa WM Display Cabinet 2D3S White \/ Gloss White\u201d indauja pristatoma patogiose, savaranki\u0161kai surenkamose pakuot\u0117se su tvirtinimo priedais ir ai\u0161kiomis instrukcijomis, u\u017etikrinan\u010diomis greit\u0105 ir paprast\u0105 surinkim\u0105. Gaminiui suteikiama 2 met\u0173 garantija, patvirtinanti jo auk\u0161\u010diausi\u0105 kokyb\u0119 ir patvarum\u0105.<br \/>\nTrumpai tariant, \u201eTulsa WM\u201c indauja ne tik atrodo gra\u017eiai, bet ir yra ne\u012ftik\u0117tinai prakti\u0161ka. Blizgi balta spalva ne tik vizualiai padidins erdv\u0119, bet ir suteiks interjerui modernumo, papildydama daugel\u012f interjero dizain\u0173 ir stili\u0173. Raginame jus pagyvinti savo namus \u0161iuo nesenstan\u010diu baldu.<\/p>","protected":false},"excerpt":{"rendered":"<p>Plotis (cm): 180<br \/>\n\u016agis (cm): 103<br \/>\nGylis (cm): 39<\/p>","protected":false},"featured_media":156788,"comment_status":"open","ping_status":"open","template":"","meta":[],"product_brand":[],"product_cat":[9434,1173,4105],"product_tag":[],"class_list":{"0":"post-156787","1":"product","2":"type-product","3":"status-publish","4":"has-post-thumbnail","6":"product_cat-furniture-system-tulsa","7":"product_cat-chests-of-drawers","8":"product_cat-helvetia","10":"first","11":"instock","12":"purchasable","13":"product-type-simple"},"_links":{"self":[{"href":"https:\/\/baldumarket.lt\/lt\/wp-json\/wp\/v2\/product\/156787","targetHints":{"allow":["GET"]}}],"collection":[{"href":"https:\/\/baldumarket.lt\/lt\/wp-json\/wp\/v2\/product"}],"about":[{"href":"https:\/\/baldumarket.lt\/lt\/wp-json\/wp\/v2\/types\/product"}],"replies":[{"embeddable":true,"href":"https:\/\/baldumarket.lt\/lt\/wp-json\/wp\/v2\/comments?post=156787"}],"wp:featuredmedia":[{"embeddable":true,"href":"https:\/\/baldumarket.lt\/lt\/wp-json\/wp\/v2\/media\/156788"}],"wp:attachment":[{"href":"https:\/\/baldumarket.lt\/lt\/wp-json\/wp\/v2\/media?parent=156787"}],"wp:term":[{"taxonomy":"product_brand","embeddable":true,"href":"https:\/\/baldumarket.lt\/lt\/wp-json\/wp\/v2\/product_brand?post=156787"},{"taxonomy":"product_cat","embeddable":true,"href":"https:\/\/baldumarket.lt\/lt\/wp-json\/wp\/v2\/product_cat?post=156787"},{"taxonomy":"product_tag","embeddable":true,"href":"https:\/\/baldumarket.lt\/lt\/wp-json\/wp\/v2\/product_tag?post=156787"}],"curies":[{"name":"wp","href":"https:\/\/api.w.org\/{rel}","templated":true}]}}