{"id":156781,"date":"2025-12-18T18:44:26","date_gmt":"2025-12-18T15:44:26","guid":{"rendered":"https:\/\/baldumarket.lt\/product\/tulsa-wm-witryna-2d3s-bialy-bialy-polysk\/"},"modified":"2026-04-12T09:04:34","modified_gmt":"2026-04-12T06:04:34","slug":"tulsa-wm-witryna-2d3s-bialy-bialy-polysk","status":"publish","type":"product","link":"https:\/\/baldumarket.lt\/lt\/product\/tulsa-wm-witryna-2d3s-bialy-bialy-polysk\/","title":{"rendered":"Tulsa WM vitrina 2D3S balta \/ blizgi balta"},"content":{"rendered":"<p>Atraskite \u201eTulsa WM 2D3S\u201c vitrinos \u201eGrandson Oak\u201c spalvos unikalum\u0105 ir prakti\u0161kum\u0105 \u2013 baldas, kuris taps ne tik funkcionaliu priedu, bet ir i\u0161skirtiniu akcentu j\u016bs\u0173 interjere. \u0160i \u201eTulsa\u201c kolekcijos indauja yra tikras \u0161edevras, derinantis eleganti\u0161k\u0105 dizain\u0105 su pa\u017eangiais sprendimais, palengvinan\u010diais kasdien\u012f naudojim\u0105. Pasigro\u017e\u0117kite jos meistri\u0161kumo estetika \u2013 i\u0161 auk\u0161tos kokyb\u0117s MDF pagaminti fasadai padengti membrana, kuri apsaugo bald\u0105 ilgus metus, i\u0161saugodama jo nepakitusi\u0105 i\u0161vaizd\u0105. Korpusas, pagamintas i\u0161 laminuotos plok\u0161t\u0117s su folija, garantuoja ilgaam\u017ei\u0161kum\u0105 ir atsparum\u0105 kasdieniam naudojimui. \u0160ilt\u0173 \u201eGrandson Oak\u201c atspalvi\u0173 ir moderni\u0173 element\u0173, toki\u0173 kaip juodos metalin\u0117s rankenos, balansas daro \u201eTulsa WM\u201c indaplov\u0119 puikiai tinkan\u010di\u0105 \u012fvairiems interjero dizainams. Atkreipkime d\u0117mes\u012f \u012f praktinius bald\u0173 aspektus. Kiekvieno susidom\u0117jusio laukia patogus sprendimas: dvi lentynos kair\u0117je ir de\u0161in\u0117je pus\u0117se, u\u017etikrinan\u010dios ergonomi\u0161k\u0105 daikt\u0173 laikym\u0105. Eleganti\u0161ka, i\u0161 dalies \u012fstiklinta dvidur\u0117 dalis puikiai tinka dekoracijoms ar stalo \u012frankiams, kartu apsaugodama juos nuo dulki\u0173. Trys erdv\u016bs stal\u010diai su rutuliniais guoliais u\u017etikrina skland\u0173 atidarym\u0105 net ir pilnai prikrautus, u\u017etikrindami lengv\u0105 prieig\u0105 prie reikaling\u0173 daikt\u0173.<\/p>","protected":false},"excerpt":{"rendered":"<p>Plotis (cm): 180<br \/>\n\u016agis (cm): 103<br \/>\nGylis (cm): 39<\/p>","protected":false},"featured_media":156782,"comment_status":"open","ping_status":"open","template":"","meta":[],"product_brand":[],"product_cat":[9434,1173,4105],"product_tag":[],"class_list":{"0":"post-156781","1":"product","2":"type-product","3":"status-publish","4":"has-post-thumbnail","6":"product_cat-furniture-system-tulsa","7":"product_cat-chests-of-drawers","8":"product_cat-helvetia","10":"first","11":"instock","12":"purchasable","13":"product-type-simple"},"_links":{"self":[{"href":"https:\/\/baldumarket.lt\/lt\/wp-json\/wp\/v2\/product\/156781","targetHints":{"allow":["GET"]}}],"collection":[{"href":"https:\/\/baldumarket.lt\/lt\/wp-json\/wp\/v2\/product"}],"about":[{"href":"https:\/\/baldumarket.lt\/lt\/wp-json\/wp\/v2\/types\/product"}],"replies":[{"embeddable":true,"href":"https:\/\/baldumarket.lt\/lt\/wp-json\/wp\/v2\/comments?post=156781"}],"wp:featuredmedia":[{"embeddable":true,"href":"https:\/\/baldumarket.lt\/lt\/wp-json\/wp\/v2\/media\/156782"}],"wp:attachment":[{"href":"https:\/\/baldumarket.lt\/lt\/wp-json\/wp\/v2\/media?parent=156781"}],"wp:term":[{"taxonomy":"product_brand","embeddable":true,"href":"https:\/\/baldumarket.lt\/lt\/wp-json\/wp\/v2\/product_brand?post=156781"},{"taxonomy":"product_cat","embeddable":true,"href":"https:\/\/baldumarket.lt\/lt\/wp-json\/wp\/v2\/product_cat?post=156781"},{"taxonomy":"product_tag","embeddable":true,"href":"https:\/\/baldumarket.lt\/lt\/wp-json\/wp\/v2\/product_tag?post=156781"}],"curies":[{"name":"wp","href":"https:\/\/api.w.org\/{rel}","templated":true}]}}