{"id":156777,"date":"2025-12-18T18:44:18","date_gmt":"2025-12-18T15:44:18","guid":{"rendered":"https:\/\/baldumarket.lt\/product\/tulsa-wm-witryna-1-drzwiowa-dab-grandson\/"},"modified":"2026-02-05T12:24:19","modified_gmt":"2026-02-05T09:24:19","slug":"tulsa-wm-witryna-1-drzwiowa-dab-grandson","status":"publish","type":"product","link":"https:\/\/baldumarket.lt\/lt\/product\/tulsa-wm-witryna-1-drzwiowa-dab-grandson\/","title":{"rendered":"Tulsa WM 1 dur\u0173 vitrina Grandson Oak"},"content":{"rendered":"<p>Atraskite modernaus dizaino klas\u0119 ir subtil\u0173 spindes\u012f su \u201eTulsa WM\u201c 1 dur\u0173 vitrina, pasi\u017eymin\u010dia eleganti\u0161ku baltos ir blizgios baltos spalv\u0173 deriniu, kuri pakeis bet kok\u012f interjer\u0105, suteikdama jam lengvumo ir gaivumo. \u0160is apgalvotas dizainas, d\u0117ka \u0161iltos baltos blizgios spalvos, vizualiai padidins erdv\u0119, suteikdamas jai modernaus charakterio.<br \/>\n\u201eTulsa Type 05\u201c vitrina yra daugiau nei baldas \u2013 tai dekoratyvinis akcentas, kuris s\u0117kmingai pademonstruos j\u016bs\u0173 vertingiausius daiktus. Priekin\u0117 dalis pagaminta i\u0161 auk\u0161tos kokyb\u0117s MDF plok\u0161t\u0117s, padengtos membrana, u\u017etikrinan\u010dia patvarum\u0105 ir atsparum\u0105 kasdieniam naudojimui. Linijos yra subtilios ir eleganti\u0161kos, o juoda metalin\u0117 rankena suteikia modernaus minimalizmo.<br \/>\nSpintel\u0117s viduje yra penkios prakti\u0161kos lentynos, \u012fskaitant vien\u0105 pagamint\u0105 i\u0161 gr\u016bdinto stiklo, kurioje galite saugiai eksponuoti savo dekoracijas ar knyg\u0173 kolekcijas. Jos matmenys \u2013 60 cm plo\u010dio, 204 cm auk\u0161\u010dio ir 39 cm gylio \u2013 puikiai tinka \u012fvairiems interjero dizainams. Nors vitrina standarti\u0161kai neturi ap\u0161vietimo, galite \u012fsigyti \u201eAlabama Unterbau II 2400AO01 1xLED LED ap\u0161vietimo sistem\u0105, kad dar labiau pagerintum\u0117te savo ekspozicij\u0105. Tai leid\u017eia gra\u017eiai eksponuoti kiekvien\u0105 savo kolekcijos element\u0105, i\u0161laikant klas\u0119 ir subtilum\u0105.<br \/>\nVerta pamin\u0117ti, kad baldai pristatomi plok\u0161\u010diai supakuoti ir skirti savaranki\u0161kam surinkimui. Komplekte yra visi reikalingi surinkimo priedai ir ai\u0161kios instrukcijos, tod\u0117l surinkimas yra paprastas ir nereikalauja speciali\u0173 \u017eini\u0173.<br \/>\n\u0160i vitrina buvo pagaminta itin kruop\u0161\u010diai, k\u0105 \u012frodo gamintojo suteikiama dvej\u0173 met\u0173 garantija. Spintel\u0117s korpusas pagamintas i\u0161 laminuotos bald\u0173 plok\u0161t\u0117s, tod\u0117l ji lengvai valoma ir yra atspari \u012fbr\u0117\u017eimams.<br \/>\nPasirinkdami \u201eTulsa WM\u201c vien\u0173 dur\u0173 vitrin\u0105, pasirinksite nesenstant\u012f elegancij\u0105, funkcionalum\u0105 ir auk\u0161\u010diausi\u0105 meistri\u0161kumo kokyb\u0119. Palepinkite save prabangos prisilietimu savo nam\u0173 jaukumoje.<\/p>","protected":false},"excerpt":{"rendered":"<p>Plotis (cm): 60<br \/>\n\u016agis (cm): 204<br \/>\nGylis (cm): 39<\/p>","protected":false},"featured_media":156778,"comment_status":"open","ping_status":"open","template":"","meta":[],"product_brand":[],"product_cat":[9434,4105,2006],"product_tag":[],"class_list":{"0":"post-156777","1":"product","2":"type-product","3":"status-publish","4":"has-post-thumbnail","6":"product_cat-furniture-system-tulsa","7":"product_cat-helvetia","8":"product_cat-vitrines","10":"first","11":"instock","12":"purchasable","13":"product-type-simple"},"_links":{"self":[{"href":"https:\/\/baldumarket.lt\/lt\/wp-json\/wp\/v2\/product\/156777","targetHints":{"allow":["GET"]}}],"collection":[{"href":"https:\/\/baldumarket.lt\/lt\/wp-json\/wp\/v2\/product"}],"about":[{"href":"https:\/\/baldumarket.lt\/lt\/wp-json\/wp\/v2\/types\/product"}],"replies":[{"embeddable":true,"href":"https:\/\/baldumarket.lt\/lt\/wp-json\/wp\/v2\/comments?post=156777"}],"wp:featuredmedia":[{"embeddable":true,"href":"https:\/\/baldumarket.lt\/lt\/wp-json\/wp\/v2\/media\/156778"}],"wp:attachment":[{"href":"https:\/\/baldumarket.lt\/lt\/wp-json\/wp\/v2\/media?parent=156777"}],"wp:term":[{"taxonomy":"product_brand","embeddable":true,"href":"https:\/\/baldumarket.lt\/lt\/wp-json\/wp\/v2\/product_brand?post=156777"},{"taxonomy":"product_cat","embeddable":true,"href":"https:\/\/baldumarket.lt\/lt\/wp-json\/wp\/v2\/product_cat?post=156777"},{"taxonomy":"product_tag","embeddable":true,"href":"https:\/\/baldumarket.lt\/lt\/wp-json\/wp\/v2\/product_tag?post=156777"}],"curies":[{"name":"wp","href":"https:\/\/api.w.org\/{rel}","templated":true}]}}