{"id":156771,"date":"2025-12-18T18:44:06","date_gmt":"2025-12-18T15:44:06","guid":{"rendered":"https:\/\/baldumarket.lt\/product\/tulsa-wm-witryna-1-drzwiowa-bialy-bialy-polysk\/"},"modified":"2026-02-05T12:24:19","modified_gmt":"2026-02-05T09:24:19","slug":"tulsa-wm-witryna-1-drzwiowa-bialy-bialy-polysk","status":"publish","type":"product","link":"https:\/\/baldumarket.lt\/lt\/product\/tulsa-wm-witryna-1-drzwiowa-bialy-bialy-polysk\/","title":{"rendered":"Tulsa WM 1 dur\u0173 vitrina, balta \/ blizgi balta"},"content":{"rendered":"<p>Pristatome unikali\u0105 \u201eTulsa WM\u201c kolekcijos vitrin\u0105 \u2013 \u201eTulsa WM\u201c vien\u0173 dur\u0173 \u201eGrandson Oak\u201c vitrin\u0105, kuri klasikin\u0117s \u0105\u017euolo spalvos d\u0117ka suteiks j\u016bs\u0173 namams \u0161ilt\u0105 ir jauki\u0105 atmosfer\u0105. \u0160is eleganti\u0161kas ir funkcionalus interjero dizaino elementas i\u0161siskiria rafinuotu dizainu ir puikia meistri\u0161kumo kokybe. I\u0161skirtinis \u201eTulsa Type 05\u201c vitrinos bruo\u017eas \u2013 dalinai \u012fstiklinta vien\u0173 dur\u0173 konstrukcija, kuri leid\u017eia demonstruoti turin\u012f, i\u0161laikant nepriekai\u0161ting\u0105 vaizd\u0105. Spintel\u0117s priekis padengtas patvaria membrana, u\u017etikrinan\u010dia ilgalaik\u012f naudojim\u0105 ir lengv\u0105 valym\u0105. Nor\u0117dami dar labiau pagerinti tiek spintel\u0117s, tiek joje esan\u010di\u0173 daikt\u0173 i\u0161vaizd\u0105, galite \u012fsigyti stiling\u0105 \u201eAlabama Unterbau II 2400AO01\u201c 1xLED LED ap\u0161vietim\u0105. Vitrina yra ne tik vizualiai patraukli, bet ir itin prakti\u0161ka \u2013 viduje yra penkios lentynos, \u012fskaitant vien\u0105, pagamint\u0105 i\u0161 gr\u016bdinto stiklo, leid\u017eian\u010dios efektyviai eksponuoti m\u0117gstamus aksesuarus ar stalo \u012franki\u0173 rinkinius. Juodos metalin\u0117s rankenos suteikia baldams modern\u0173, industrin\u012f charakter\u012f ir u\u017etikrina patog\u0173 naudojim\u0105.<\/p>","protected":false},"excerpt":{"rendered":"<p>Plotis (cm): 60<br \/>\n\u016agis (cm): 204<br \/>\nGylis (cm): 39<\/p>","protected":false},"featured_media":156772,"comment_status":"open","ping_status":"open","template":"","meta":[],"product_brand":[],"product_cat":[9434,4105,2006],"product_tag":[],"class_list":{"0":"post-156771","1":"product","2":"type-product","3":"status-publish","4":"has-post-thumbnail","6":"product_cat-furniture-system-tulsa","7":"product_cat-helvetia","8":"product_cat-vitrines","10":"first","11":"instock","12":"purchasable","13":"product-type-simple"},"_links":{"self":[{"href":"https:\/\/baldumarket.lt\/lt\/wp-json\/wp\/v2\/product\/156771","targetHints":{"allow":["GET"]}}],"collection":[{"href":"https:\/\/baldumarket.lt\/lt\/wp-json\/wp\/v2\/product"}],"about":[{"href":"https:\/\/baldumarket.lt\/lt\/wp-json\/wp\/v2\/types\/product"}],"replies":[{"embeddable":true,"href":"https:\/\/baldumarket.lt\/lt\/wp-json\/wp\/v2\/comments?post=156771"}],"wp:featuredmedia":[{"embeddable":true,"href":"https:\/\/baldumarket.lt\/lt\/wp-json\/wp\/v2\/media\/156772"}],"wp:attachment":[{"href":"https:\/\/baldumarket.lt\/lt\/wp-json\/wp\/v2\/media?parent=156771"}],"wp:term":[{"taxonomy":"product_brand","embeddable":true,"href":"https:\/\/baldumarket.lt\/lt\/wp-json\/wp\/v2\/product_brand?post=156771"},{"taxonomy":"product_cat","embeddable":true,"href":"https:\/\/baldumarket.lt\/lt\/wp-json\/wp\/v2\/product_cat?post=156771"},{"taxonomy":"product_tag","embeddable":true,"href":"https:\/\/baldumarket.lt\/lt\/wp-json\/wp\/v2\/product_tag?post=156771"}],"curies":[{"name":"wp","href":"https:\/\/api.w.org\/{rel}","templated":true}]}}