{"id":156767,"date":"2025-12-18T18:43:59","date_gmt":"2025-12-18T15:43:59","guid":{"rendered":"https:\/\/baldumarket.lt\/product\/tulsa-wm-szafa-2-drzwiowa-dab-grandson\/"},"modified":"2026-02-05T12:24:19","modified_gmt":"2026-02-05T09:24:19","slug":"tulsa-wm-szafa-2-drzwiowa-dab-grandson","status":"publish","type":"product","link":"https:\/\/baldumarket.lt\/lt\/product\/tulsa-wm-szafa-2-drzwiowa-dab-grandson\/","title":{"rendered":"Tulsa WM 2 dur\u0173 spinta Grandson Oak"},"content":{"rendered":"<p>Tulsa WM 2 dur\u0173 spinta \u2013 balta \/ blizgi balta: elegancija ir funkcionalumas viename, puikus pasirinkimas bet kokiam minimalistin\u012f stili\u0173 ir kokyb\u0119 vertinan\u010diam interjerui.<br \/>\nSukurta galvojant apie maksimal\u0173 erdv\u0117s i\u0161naudojim\u0105, \u201eTulsa WM\u201c spinta yra modernaus dizaino kvintesencija. Jos nesenstanti balta spalva kartu su blizgia apdaila ne tik suteikia interjerui lengvumo, bet ir, atspind\u0117dama \u0161vies\u0105, vizualiai padidina erdv\u0119.<br \/>\nSpintos priekis pagamintas i\u0161 auk\u0161\u010diausios kokyb\u0117s MDF plok\u0161t\u0117s, padengtos membrana, kuri garantuoja patvarum\u0105 ir lengv\u0105 valym\u0105. \u0160i membrana taip pat apsaugo nuo pageltimo ir \u012fbr\u0117\u017eim\u0173, u\u017etikrindama ilgus metus d\u017eiaugsmo su \u201eTulsa WM\u201c kolekcija.<br \/>\nSpintos viduje yra funkcionalus pakabos b\u0117gelis ir prakti\u0161ka lentyna vir\u0161 jo, idealiai tinkanti tiek pakabinamiems, tiek sulankstytiems drabu\u017eiams laikyti. Juoda metalin\u0117 rankena stilingai papildo i\u0161vaizd\u0105 \u2013 ne tik palengvina atidarym\u0105, bet ir yra ry\u0161kus dekoratyvinis elementas. \u201ePasidaryk pats\u201c entuziastams \u201eTulsa WM\u201c spinta pristatoma savaranki\u0161kai surenkamose pakuot\u0117se. Pridedami visi reikalingi surinkimo priedai ir ai\u0161kios instrukcijos, tod\u0117l surinkimas yra paprastas ir intuityvus.<\/p>\n<p>\u0160iam gaminiui suteikiama 2 met\u0173 garantija \u2013 tai auk\u0161tos kokyb\u0117s gamybos ir patvarumo \u012frodymas. \u201eTulsa WM\u201c spinta pasi\u017eymi estetika, patvarumu ir prakti\u0161kumu, tod\u0117l tai puikus pasirinkimas j\u016bs\u0173 namams. Suteikite savo interjerui gaivumo ir modernumo su spinta, kuri atitiks visus j\u016bs\u0173 organizacinius poreikius.<\/p>","protected":false},"excerpt":{"rendered":"<p>Plotis (cm): 90<br \/>\n\u016agis (cm): 204<br \/>\nGylis (cm): 60<\/p>","protected":false},"featured_media":156768,"comment_status":"open","ping_status":"open","template":"","meta":[],"product_brand":[],"product_cat":[9434,4105,1177],"product_tag":[],"class_list":{"0":"post-156767","1":"product","2":"type-product","3":"status-publish","4":"has-post-thumbnail","6":"product_cat-furniture-system-tulsa","7":"product_cat-helvetia","8":"product_cat-wardrobes","10":"first","11":"instock","12":"purchasable","13":"product-type-simple"},"_links":{"self":[{"href":"https:\/\/baldumarket.lt\/lt\/wp-json\/wp\/v2\/product\/156767","targetHints":{"allow":["GET"]}}],"collection":[{"href":"https:\/\/baldumarket.lt\/lt\/wp-json\/wp\/v2\/product"}],"about":[{"href":"https:\/\/baldumarket.lt\/lt\/wp-json\/wp\/v2\/types\/product"}],"replies":[{"embeddable":true,"href":"https:\/\/baldumarket.lt\/lt\/wp-json\/wp\/v2\/comments?post=156767"}],"wp:featuredmedia":[{"embeddable":true,"href":"https:\/\/baldumarket.lt\/lt\/wp-json\/wp\/v2\/media\/156768"}],"wp:attachment":[{"href":"https:\/\/baldumarket.lt\/lt\/wp-json\/wp\/v2\/media?parent=156767"}],"wp:term":[{"taxonomy":"product_brand","embeddable":true,"href":"https:\/\/baldumarket.lt\/lt\/wp-json\/wp\/v2\/product_brand?post=156767"},{"taxonomy":"product_cat","embeddable":true,"href":"https:\/\/baldumarket.lt\/lt\/wp-json\/wp\/v2\/product_cat?post=156767"},{"taxonomy":"product_tag","embeddable":true,"href":"https:\/\/baldumarket.lt\/lt\/wp-json\/wp\/v2\/product_tag?post=156767"}],"curies":[{"name":"wp","href":"https:\/\/api.w.org\/{rel}","templated":true}]}}