{"id":156761,"date":"2025-12-18T18:43:46","date_gmt":"2025-12-18T15:43:46","guid":{"rendered":"https:\/\/baldumarket.lt\/product\/tulsa-wm-szafa-2-drzwiowa-bialy-bialy-polysk\/"},"modified":"2026-02-05T12:24:19","modified_gmt":"2026-02-05T09:24:19","slug":"tulsa-wm-szafa-2-drzwiowa-bialy-bialy-polysk","status":"publish","type":"product","link":"https:\/\/baldumarket.lt\/lt\/product\/tulsa-wm-szafa-2-drzwiowa-bialy-bialy-polysk\/","title":{"rendered":"Tulsa WM 2 dur\u0173 spinta, balta \/ blizgi balta"},"content":{"rendered":"<p>Pamir\u0161kite spintas be asmenyb\u0117s ir rinkit\u0117s \u201eTulsa WM\u201c 2 dur\u0173 spint\u0105 \u201eGrandson Oak\u201c spalvos \u2013 bald\u0105, kuris pavers j\u016bs\u0173 interjer\u0105 erdve su siela. Tapkite tikru rafinuoto dizaino \u017einovu, pristatydami spint\u0105, kuri yra ir aki\u0173 vai\u0161\u0117s, ir prakti\u0161kas sprendimas j\u016bs\u0173 daikt\u0173 laikymo poreikiams. Skaitykite toliau ir su\u017einokite, kod\u0117l \u201eTulsa WM\u201c yra daugiau nei baldas; tai j\u016bs\u0173 nauj\u0173j\u0173 nam\u0173 lobynas. Kas daro \u201eTulsa WM\u201c 2 dur\u0173 spint\u0105 unikali\u0105? Jos \u0161erdis \u2013 \u0161ilta, sodri \u201eGrandson Oak\u201c spalva, tiek tiesiogine, tiek perkeltine prasme! Korpusas, pagamintas i\u0161 laminuot\u0173 plok\u0161\u010di\u0173 su folija, spinduliuoja nat\u016brali\u0105 \u0161ilum\u0105, o priekin\u0117 dalis, apdailinta auk\u0161\u010diausios kokyb\u0117s MDF plok\u0161te su membrana, u\u017etikrina ne tik estetik\u0105, bet ir ilgaam\u017ei\u0161kum\u0105. Argi ne gro\u017eis, atlaikantis skon\u012f, tendencijas ir kasdien\u012f naudojim\u0105? Leiskite sau derinti tradicijas su modernumu. Unikali juodo metalo rankena yra ne tik prakti\u0161kas priedas, bet ir eleganti\u0161kas akcentas, pary\u0161kinantis spintos charakter\u012f. O kas slypi \u201eTulsa WM\u201c kolekcijoje? Prakti\u0161kas pakabos karnizas ir tvirta papildoma lentyna vir\u0161 karnizo suteikia laisv\u0119 sutvarkyti erdv\u0119, u\u017etikrinant, kad kiekvienas megztinis ir paltas rast\u0173 savo viet\u0105.<\/p>","protected":false},"excerpt":{"rendered":"<p>Plotis (cm): 90<br \/>\n\u016agis (cm): 204<br \/>\nGylis (cm): 60<\/p>","protected":false},"featured_media":156762,"comment_status":"open","ping_status":"open","template":"","meta":[],"product_brand":[],"product_cat":[9434,4105,1177],"product_tag":[],"class_list":{"0":"post-156761","1":"product","2":"type-product","3":"status-publish","4":"has-post-thumbnail","6":"product_cat-furniture-system-tulsa","7":"product_cat-helvetia","8":"product_cat-wardrobes","10":"first","11":"instock","12":"purchasable","13":"product-type-simple"},"_links":{"self":[{"href":"https:\/\/baldumarket.lt\/lt\/wp-json\/wp\/v2\/product\/156761","targetHints":{"allow":["GET"]}}],"collection":[{"href":"https:\/\/baldumarket.lt\/lt\/wp-json\/wp\/v2\/product"}],"about":[{"href":"https:\/\/baldumarket.lt\/lt\/wp-json\/wp\/v2\/types\/product"}],"replies":[{"embeddable":true,"href":"https:\/\/baldumarket.lt\/lt\/wp-json\/wp\/v2\/comments?post=156761"}],"wp:featuredmedia":[{"embeddable":true,"href":"https:\/\/baldumarket.lt\/lt\/wp-json\/wp\/v2\/media\/156762"}],"wp:attachment":[{"href":"https:\/\/baldumarket.lt\/lt\/wp-json\/wp\/v2\/media?parent=156761"}],"wp:term":[{"taxonomy":"product_brand","embeddable":true,"href":"https:\/\/baldumarket.lt\/lt\/wp-json\/wp\/v2\/product_brand?post=156761"},{"taxonomy":"product_cat","embeddable":true,"href":"https:\/\/baldumarket.lt\/lt\/wp-json\/wp\/v2\/product_cat?post=156761"},{"taxonomy":"product_tag","embeddable":true,"href":"https:\/\/baldumarket.lt\/lt\/wp-json\/wp\/v2\/product_tag?post=156761"}],"curies":[{"name":"wp","href":"https:\/\/api.w.org\/{rel}","templated":true}]}}