{"id":156757,"date":"2025-12-18T18:43:39","date_gmt":"2025-12-18T15:43:39","guid":{"rendered":"https:\/\/baldumarket.lt\/product\/tulsa-wm-stolik-kawowy-dab-grandson\/"},"modified":"2026-02-05T12:24:19","modified_gmt":"2026-02-05T09:24:19","slug":"tulsa-wm-stolik-kawowy-dab-grandson","status":"publish","type":"product","link":"https:\/\/baldumarket.lt\/lt\/product\/tulsa-wm-stolik-kawowy-dab-grandson\/","title":{"rendered":"Tulsa WM Grandson \u0105\u017euolo kavos staliukas"},"content":{"rendered":"<p>Pristatome puik\u0173 modernumo ir funkcionalumo derinio pavyzd\u012f \u2013 baltos spalvos \u201eTulsa WM\u201c kavos staliuk\u0105 su blizgios apdailos elementais. \u0160is eleganti\u0161kas ir rafinuotas baldas yra puikus pasirinkimas tiems, kurie vertina minimalistin\u012f gro\u017e\u012f ir prakti\u0161kus sprendimus.<br \/>\n\u201eTulsa WM\u201c kavos staliukas yra 110 cm plo\u010dio, 44 cm auk\u0161\u010dio ir 60 cm gylio, tod\u0117l jis yra ne tik gra\u017eus, bet ir funkcionalus j\u016bs\u0173 svetain\u0117s papildymas. Paprastas, ta\u010diau intriguojantis dizainas su \u012fmontuota ni\u0161a po stalvir\u0161iu leid\u017eia laikyti knygas, nuotolinio valdymo pultelius ar smulkius dekoratyvinius daiktus, padeda palaikyti tvark\u0105 ir stilingai eksponuoti aksesuarus.<br \/>\nPagamintas i\u0161 auk\u0161tos kokyb\u0117s laminuotos bald\u0173 plok\u0161t\u0117s, \u201eTulsa WM\u201c kavos staliukas yra atsparus \u012fbr\u0117\u017eimams ir lengvai valomas, tod\u0117l tarnauja ilgai. Blizgi balta apdaila ne tik vizualiai padidina erdv\u0119, bet ir puikiai dera prie \u012fvairi\u0173 interjero stili\u0173 \u2013 nuo klasikinio iki ultramodernaus. Kruop\u0161\u010diai apgalvot\u0105 dizain\u0105 saugo membrana, kuri apsaugo nuo kasdienio nusid\u0117v\u0117jimo, tod\u0117l staliukas daugel\u012f met\u0173 i\u0161laikys savo patrauklum\u0105. Be to, eleganti\u0161ka blizgi apdaila papuo\u0161 bet kok\u012f interjer\u0105, suteikdama prabangos ir gaivumo.<\/p>\n<p>Stalas pristatomas savaranki\u0161kai surenkamose pakuot\u0117se. Pridedami visi reikalingi surinkimo priedai ir ai\u0161kios instrukcijos, tod\u0117l surinkimas greitas ir paprastas. Tai puikus pasirinkimas tiems, kurie vertina ne tik gro\u017e\u012f, bet ir laisv\u0119 kurti savo erdv\u0119.<\/p>\n<p>Be to, \u201eTulsa WM\u201c kavos staliukui suteikiame 2 met\u0173 garantij\u0105, tod\u0117l galite b\u016bti ram\u016bs ir u\u017etikrinti pirkdami \u0161\u012f staliuk\u0105. Pasinaudokite proga suteikti savo interjerui daugiau stiliaus, elegancijos ir prakti\u0161kumo su \u0161iuo gerai apgalvotu \u201eTulsa WM\u201c kolekcijos baldu. Jis neabejotinai atliks ne tik funkcin\u0119, bet ir dekoratyvi\u0105 funkcij\u0105, atspind\u0117damas \u0161iuolaikinio dizaino estetik\u0105.<\/p>","protected":false},"excerpt":{"rendered":"<p>Plotis (cm): 110<br \/>\n\u016agis (cm): 44<br \/>\nGylis (cm): 60<\/p>","protected":false},"featured_media":156758,"comment_status":"open","ping_status":"open","template":"","meta":[],"product_brand":[],"product_cat":[9434,866,4105],"product_tag":[],"class_list":{"0":"post-156757","1":"product","2":"type-product","3":"status-publish","4":"has-post-thumbnail","6":"product_cat-furniture-system-tulsa","7":"product_cat-coffee-tables","8":"product_cat-helvetia","10":"first","11":"instock","12":"purchasable","13":"product-type-simple"},"_links":{"self":[{"href":"https:\/\/baldumarket.lt\/lt\/wp-json\/wp\/v2\/product\/156757","targetHints":{"allow":["GET"]}}],"collection":[{"href":"https:\/\/baldumarket.lt\/lt\/wp-json\/wp\/v2\/product"}],"about":[{"href":"https:\/\/baldumarket.lt\/lt\/wp-json\/wp\/v2\/types\/product"}],"replies":[{"embeddable":true,"href":"https:\/\/baldumarket.lt\/lt\/wp-json\/wp\/v2\/comments?post=156757"}],"wp:featuredmedia":[{"embeddable":true,"href":"https:\/\/baldumarket.lt\/lt\/wp-json\/wp\/v2\/media\/156758"}],"wp:attachment":[{"href":"https:\/\/baldumarket.lt\/lt\/wp-json\/wp\/v2\/media?parent=156757"}],"wp:term":[{"taxonomy":"product_brand","embeddable":true,"href":"https:\/\/baldumarket.lt\/lt\/wp-json\/wp\/v2\/product_brand?post=156757"},{"taxonomy":"product_cat","embeddable":true,"href":"https:\/\/baldumarket.lt\/lt\/wp-json\/wp\/v2\/product_cat?post=156757"},{"taxonomy":"product_tag","embeddable":true,"href":"https:\/\/baldumarket.lt\/lt\/wp-json\/wp\/v2\/product_tag?post=156757"}],"curies":[{"name":"wp","href":"https:\/\/api.w.org\/{rel}","templated":true}]}}