{"id":156752,"date":"2025-12-18T18:43:29","date_gmt":"2025-12-18T15:43:29","guid":{"rendered":"https:\/\/baldumarket.lt\/product\/tulsa-wm-stolik-kawowy-bialy-bialy-polysk\/"},"modified":"2026-02-05T12:24:19","modified_gmt":"2026-02-05T09:24:19","slug":"tulsa-wm-stolik-kawowy-bialy-bialy-polysk","status":"publish","type":"product","link":"https:\/\/baldumarket.lt\/lt\/product\/tulsa-wm-stolik-kawowy-bialy-bialy-polysk\/","title":{"rendered":"Tulsa WM kavos staliukas, baltas \/ blizgus baltas"},"content":{"rendered":"<p>Leiskite man pakviesti jus \u012f komforto ir harmoningo dizaino pasaul\u012f su m\u016bs\u0173 \u201eTulsa WM\u201c kavos staliuku i\u0161 \u201eGrandson Oak\u201c \u0105\u017euolo spalvos. \u0160is unikalus baldas, kurio plotis \u2013 110 cm, auk\u0161tis \u2013 44 cm, o gylis \u2013 60 cm, skland\u017eiai \u012fsilieja \u012f bet kok\u012f interjer\u0105, suteikdamas nat\u016bralios medienos \u0161ilum\u0105 ir modernaus elegancijos prisilietim\u0105. \u201eTulsa WM\u201c kolekcijoje svarbi kiekviena detal\u0117. Baldo priekin\u0117 dalis apdailinta novatori\u0161ka membrana, kuri padidina atsparum\u0105 kasdieniam naudojimui ir leid\u017eia m\u0117gautis nekintan\u010dia estetika ilgus metus. Nesenstanti \u201eGrandson Oak\u201c spalva ne tik pagra\u017eins j\u016bs\u0173 svetain\u0119, bet ir suteiks i\u0161rai\u0161kingumo bei charakterio. \u0160io baldo prakti\u0161kum\u0105 garantuoja \u012fduba po stalvir\u0161iu \u2013 puikiai tinka \u017eurnalams, nuotolinio valdymo pultams ar smulkiems aksesuarams laikyti, suteikianti papildomos erdv\u0117s ir palaikanti tvark\u0105 kambaryje. Laminuota bald\u0173 plok\u0161t\u0117, i\u0161 kurios pagamintas korpusas, \u017eada patvarum\u0105 ir lengv\u0105 prie\u017ei\u016br\u0105.<\/p>","protected":false},"excerpt":{"rendered":"<p>Plotis (cm): 110<br \/>\n\u016agis (cm): 44<br \/>\nGylis (cm): 60<\/p>","protected":false},"featured_media":156753,"comment_status":"open","ping_status":"open","template":"","meta":[],"product_brand":[],"product_cat":[9434,866,4105],"product_tag":[],"class_list":{"0":"post-156752","1":"product","2":"type-product","3":"status-publish","4":"has-post-thumbnail","6":"product_cat-furniture-system-tulsa","7":"product_cat-coffee-tables","8":"product_cat-helvetia","10":"first","11":"instock","12":"purchasable","13":"product-type-simple"},"_links":{"self":[{"href":"https:\/\/baldumarket.lt\/lt\/wp-json\/wp\/v2\/product\/156752","targetHints":{"allow":["GET"]}}],"collection":[{"href":"https:\/\/baldumarket.lt\/lt\/wp-json\/wp\/v2\/product"}],"about":[{"href":"https:\/\/baldumarket.lt\/lt\/wp-json\/wp\/v2\/types\/product"}],"replies":[{"embeddable":true,"href":"https:\/\/baldumarket.lt\/lt\/wp-json\/wp\/v2\/comments?post=156752"}],"wp:featuredmedia":[{"embeddable":true,"href":"https:\/\/baldumarket.lt\/lt\/wp-json\/wp\/v2\/media\/156753"}],"wp:attachment":[{"href":"https:\/\/baldumarket.lt\/lt\/wp-json\/wp\/v2\/media?parent=156752"}],"wp:term":[{"taxonomy":"product_brand","embeddable":true,"href":"https:\/\/baldumarket.lt\/lt\/wp-json\/wp\/v2\/product_brand?post=156752"},{"taxonomy":"product_cat","embeddable":true,"href":"https:\/\/baldumarket.lt\/lt\/wp-json\/wp\/v2\/product_cat?post=156752"},{"taxonomy":"product_tag","embeddable":true,"href":"https:\/\/baldumarket.lt\/lt\/wp-json\/wp\/v2\/product_tag?post=156752"}],"curies":[{"name":"wp","href":"https:\/\/api.w.org\/{rel}","templated":true}]}}