{"id":156748,"date":"2025-12-18T18:43:22","date_gmt":"2025-12-18T15:43:22","guid":{"rendered":"https:\/\/baldumarket.lt\/product\/tulsa-wm-polka-wiszaca-krotka-dab-grandson\/"},"modified":"2026-02-05T12:24:27","modified_gmt":"2026-02-05T09:24:27","slug":"tulsa-wm-polka-wiszaca-krotka-dab-grandson","status":"publish","type":"product","link":"https:\/\/baldumarket.lt\/lt\/product\/tulsa-wm-polka-wiszaca-krotka-dab-grandson\/","title":{"rendered":"Tulsa WM trumpa pakabinama lentyna, an\u016bkas \u0105\u017euolas"},"content":{"rendered":"<p>Trumpa pakabinama lentyna i\u0161 \u201cTulsa WM\u201d kolekcijos pasi\u017eymi elegancijos ir funkcionalumo deriniu. Minimalistin\u0117 forma ir blizgi balta apdaila suteikia bet kokiam interjerui gaivumo ir modernumo. \u201eTulsa WM Short Hanging Shelf White \/ Gloss White\u201c modelis yra ne tik prakti\u0161kas, bet ir labai dekoratyvus sprendimas tiems, kurie vertina estetikos ir funkcionalumo derin\u012f.<\/p>\n<p>\u0160is baldas pasi\u017eymi ne tik nesenstan\u010diu gro\u017eiu, bet ir auk\u0161tos kokyb\u0117s meistri\u0161kumu. D\u0117l laminuotos plok\u0161t\u0117s naudojimo lentyn\u0173 pavir\u0161iai yra atspar\u016bs dilimui ir lengvai valomi. Membranin\u0117 priekin\u0117s plok\u0161t\u0117s apdaila garantuoja ilgaam\u017ei\u0161kum\u0105 be baim\u0117s, kad ji bus pa\u017eeista ar nepraras blizgesio.<\/p>\n<p>Lentynos matmenys kalba patys u\u017e save \u2013 plotis 160 cm, auk\u0161tis 22 cm ir gylis 22 cm \u2013 \u0161ie matmenys leid\u017eia patogiai ir esteti\u0161kai laikyti knygas, dekoracijas ir kitus daiktus, o maksimali apkrova yra 3 kg. Balta spalva kartu su blizgiu baltu korpusu suteikia lentynai unikaliai eleganti\u0161k\u0105 i\u0161vaizd\u0105 ir gali b\u016bti dekoratyvinis svetain\u0117s, miegamojo ar biuro akcentas.<br \/>\nNaudojimo paprastum\u0105 dar labiau padidina tai, kad lentyna pristatoma savaranki\u0161kai surenkamose pakuot\u0117se. Rinkinyje yra visi reikalingi tvirtinimo priedai ir ai\u0161kios instrukcijos, tod\u0117l lentyn\u0105 ant sienos pakabinti greita ir paprasta. Be to, siekiant u\u017etikrinti visi\u0161k\u0105 klient\u0173 pasitenkinim\u0105, gaminiui suteikiama 2 met\u0173 garantija.<br \/>\n\u0160is stilingas \u201cTulsa WM\u201d kolekcijos baldas \u2013 puikus pasirinkimas tiems, kurie vertina minimalistin\u012f dizain\u0105 ir maksimal\u0173 funkcionalum\u0105. Sukurkite ideali\u0105 nam\u0173 aplink\u0105 su trumpa pakabinama lentyna \u201eTulsa WM\u201c, kuri taps ne tik prakti\u0161ku, bet ir itin patraukliu bet kokio interjero elementu.<\/p>","protected":false},"excerpt":{"rendered":"<p>Plotis (cm): 160<br \/>\n\u016agis (cm): 22<br \/>\nGylis (cm): 23<\/p>","protected":false},"featured_media":156749,"comment_status":"open","ping_status":"open","template":"","meta":[],"product_brand":[],"product_cat":[9434,1174,4105],"product_tag":[],"class_list":{"0":"post-156748","1":"product","2":"type-product","3":"status-publish","4":"has-post-thumbnail","6":"product_cat-furniture-system-tulsa","7":"product_cat-hanging-shelves","8":"product_cat-helvetia","10":"first","11":"instock","12":"purchasable","13":"product-type-simple"},"_links":{"self":[{"href":"https:\/\/baldumarket.lt\/lt\/wp-json\/wp\/v2\/product\/156748","targetHints":{"allow":["GET"]}}],"collection":[{"href":"https:\/\/baldumarket.lt\/lt\/wp-json\/wp\/v2\/product"}],"about":[{"href":"https:\/\/baldumarket.lt\/lt\/wp-json\/wp\/v2\/types\/product"}],"replies":[{"embeddable":true,"href":"https:\/\/baldumarket.lt\/lt\/wp-json\/wp\/v2\/comments?post=156748"}],"wp:featuredmedia":[{"embeddable":true,"href":"https:\/\/baldumarket.lt\/lt\/wp-json\/wp\/v2\/media\/156749"}],"wp:attachment":[{"href":"https:\/\/baldumarket.lt\/lt\/wp-json\/wp\/v2\/media?parent=156748"}],"wp:term":[{"taxonomy":"product_brand","embeddable":true,"href":"https:\/\/baldumarket.lt\/lt\/wp-json\/wp\/v2\/product_brand?post=156748"},{"taxonomy":"product_cat","embeddable":true,"href":"https:\/\/baldumarket.lt\/lt\/wp-json\/wp\/v2\/product_cat?post=156748"},{"taxonomy":"product_tag","embeddable":true,"href":"https:\/\/baldumarket.lt\/lt\/wp-json\/wp\/v2\/product_tag?post=156748"}],"curies":[{"name":"wp","href":"https:\/\/api.w.org\/{rel}","templated":true}]}}