{"id":156743,"date":"2025-12-18T18:43:12","date_gmt":"2025-12-18T15:43:12","guid":{"rendered":"https:\/\/baldumarket.lt\/product\/tulsa-wm-polka-wiszaca-krotka-bialy-bialy-polysk\/"},"modified":"2026-02-05T12:24:27","modified_gmt":"2026-02-05T09:24:27","slug":"tulsa-wm-polka-wiszaca-krotka-bialy-bialy-polysk","status":"publish","type":"product","link":"https:\/\/baldumarket.lt\/lt\/product\/tulsa-wm-polka-wiszaca-krotka-bialy-bialy-polysk\/","title":{"rendered":"Tulsa WM trumpa sienin\u0117 lentyna, balta \/ blizgi balta"},"content":{"rendered":"<p>Atraskite nepaprast\u0105 \u201eTulsa WM\u201c trumpos pakabinamos lentynos \u201eGrandson Oak\u201c spalvos elegancij\u0105 ir prakti\u0161kum\u0105. \u0160i unikali \u201eTulsa\u201c kolekcijos lentyna, pasi\u017eyminti subtiliai apgaubian\u010dia \u201eGrandson Oak\u201c spalva, suteiks j\u016bs\u0173 namams \u0161ilt\u0105 ir jauki\u0105 atmosfer\u0105. Kruop\u0161\u010diai apdirbtas priekis su patvaria membrana u\u017etikrina, kad baldas ilgai i\u0161laikys nepriekai\u0161ting\u0105 i\u0161vaizd\u0105, leisdamas m\u0117gautis m\u0117gstamiausia kolekcija nesijaudinant d\u0117l pa\u017eeidim\u0173. Funkcionalumo ir modernaus dizaino derinys paver\u010dia \u201eTulsa WM\u201c trump\u0105 pakabinam\u0105 lentyn\u0105 idealiu sprendimu daiktams, kuri\u0173 maksimali keliamoji galia yra 3 kg. Ant jos galite laisvai sud\u0117ti knygas, dekoracijas ar smulkius kasdienius daiktus, i\u0161laikydami tvark\u0105 ir harmonij\u0105 kambaryje. Lentynos matmenys \u2013 160 cm plo\u010dio, 22 cm auk\u0161\u010dio ir 23 cm gylio \u2013 kruop\u0161\u010diai suprojektuoti taip, kad maksimaliai i\u0161naudot\u0173 turim\u0105 erdv\u0119, neu\u017egriozdindami interjero. Nesenstanti \u201eGrandson Oak\u201c spalva kartu su auk\u0161tos kokyb\u0117s laminuota bald\u0173 plok\u0161te sukuria patvar\u0173 bald\u0105, kuris atlaikys laiko i\u0161bandym\u0105.<\/p>","protected":false},"excerpt":{"rendered":"<p>Plotis (cm): 160<br \/>\n\u016agis (cm): 22<br \/>\nGylis (cm): 22<\/p>","protected":false},"featured_media":156744,"comment_status":"open","ping_status":"open","template":"","meta":[],"product_brand":[],"product_cat":[9434,1174,4105],"product_tag":[],"class_list":{"0":"post-156743","1":"product","2":"type-product","3":"status-publish","4":"has-post-thumbnail","6":"product_cat-furniture-system-tulsa","7":"product_cat-hanging-shelves","8":"product_cat-helvetia","10":"first","11":"instock","12":"purchasable","13":"product-type-simple"},"_links":{"self":[{"href":"https:\/\/baldumarket.lt\/lt\/wp-json\/wp\/v2\/product\/156743","targetHints":{"allow":["GET"]}}],"collection":[{"href":"https:\/\/baldumarket.lt\/lt\/wp-json\/wp\/v2\/product"}],"about":[{"href":"https:\/\/baldumarket.lt\/lt\/wp-json\/wp\/v2\/types\/product"}],"replies":[{"embeddable":true,"href":"https:\/\/baldumarket.lt\/lt\/wp-json\/wp\/v2\/comments?post=156743"}],"wp:featuredmedia":[{"embeddable":true,"href":"https:\/\/baldumarket.lt\/lt\/wp-json\/wp\/v2\/media\/156744"}],"wp:attachment":[{"href":"https:\/\/baldumarket.lt\/lt\/wp-json\/wp\/v2\/media?parent=156743"}],"wp:term":[{"taxonomy":"product_brand","embeddable":true,"href":"https:\/\/baldumarket.lt\/lt\/wp-json\/wp\/v2\/product_brand?post=156743"},{"taxonomy":"product_cat","embeddable":true,"href":"https:\/\/baldumarket.lt\/lt\/wp-json\/wp\/v2\/product_cat?post=156743"},{"taxonomy":"product_tag","embeddable":true,"href":"https:\/\/baldumarket.lt\/lt\/wp-json\/wp\/v2\/product_tag?post=156743"}],"curies":[{"name":"wp","href":"https:\/\/api.w.org\/{rel}","templated":true}]}}