{"id":156739,"date":"2025-12-18T18:43:05","date_gmt":"2025-12-18T15:43:05","guid":{"rendered":"https:\/\/baldumarket.lt\/product\/tulsa-wm-polka-wiszaca-dluga-dab-grandson\/"},"modified":"2026-02-05T12:24:27","modified_gmt":"2026-02-05T09:24:27","slug":"tulsa-wm-polka-wiszaca-dluga-dab-grandson","status":"publish","type":"product","link":"https:\/\/baldumarket.lt\/lt\/product\/tulsa-wm-polka-wiszaca-dluga-dab-grandson\/","title":{"rendered":"Tulsa WM ilga pakabinama lentyna, An\u016bkas \u0104\u017euolas"},"content":{"rendered":"<p>J\u016bs\u0173 namai nusipelno eleganti\u0161ko elemento, kuris pabr\u0117\u017eia j\u0173 charakter\u012f ir si\u016blo prakti\u0161kus sprendimus. Balta ilga sienin\u0117 lentyna \u201cTulsa WM\u201d su blizgiu priekiu yra ne tik puiki vieta dekoracijoms ar knygoms, bet ir unikalus priedas, suteikiantis modernios estetikos.<br \/>\n\u201eTulsa WM\u201c kolekcija yra paprastumo ir funkcionalumo sinonimas. D\u0117l savo matmen\u0173 (plotis: 180 cm, auk\u0161tis: 22 cm, gylis: 22 cm) \u0161i lentyna puikiai tiks \u012fvairiuose kambariuose \u2013 nuo svetain\u0117s iki miegamojo ir modernaus biuro. Lengva konstrukcija, kurios maksimali apkrova yra 3 kg, leid\u017eia eksponuoti m\u0117gstamus daiktus nesijaudinant d\u0117l stabilumo.<br \/>\nBaldas pagamintas i\u0161 auk\u0161tos kokyb\u0117s laminuotos bald\u0173 plok\u0161t\u0117s, u\u017etikrinan\u010dios ilgalaik\u012f naudojim\u0105 ir lengv\u0105 valym\u0105. Labai atsparus \u012fbr\u0117\u017eimams laminatas taip pat puikiai tinka \u0161eimoms su vaikais, o eleganti\u0161kai blizgus priekis suteikia interjerui elegancijos ir modernumo. \u201cTulsa WM\u201d lentyna yra plok\u0161\u010diai surenkama, tod\u0117l j\u0105 galima surinkti savaranki\u0161kai. Komplekte yra visi reikalingi surinkimo priedai ir lengvai suprantamos instrukcijos, tod\u0117l gal\u0117site akimirksniu m\u0117gautis nauju baldu. Be to, gaminiui suteikiama 2 met\u0173 garantija, patvirtinanti jo auk\u0161t\u0105 kokyb\u0119.<\/p>\n<p>Rinkit\u0117s pakabinam\u0105 lentyn\u0105 \u201cTulsa WM White \/ Gloss White\u201d ir m\u0117gaukit\u0117s stiliaus, kokyb\u0117s ir funkcionalumo deriniu, kuris neabejotinai pakeis bet kok\u012f interjer\u0105, suteikdamas jam unikal\u0173 charakter\u012f.<\/p>","protected":false},"excerpt":{"rendered":"<p>Plotis (cm): 180<br \/>\n\u016agis (cm): 22<br \/>\nGylis (cm): 23<\/p>","protected":false},"featured_media":156740,"comment_status":"open","ping_status":"open","template":"","meta":[],"product_brand":[],"product_cat":[9434,1174,4105],"product_tag":[],"class_list":{"0":"post-156739","1":"product","2":"type-product","3":"status-publish","4":"has-post-thumbnail","6":"product_cat-furniture-system-tulsa","7":"product_cat-hanging-shelves","8":"product_cat-helvetia","10":"first","11":"instock","12":"purchasable","13":"product-type-simple"},"_links":{"self":[{"href":"https:\/\/baldumarket.lt\/lt\/wp-json\/wp\/v2\/product\/156739","targetHints":{"allow":["GET"]}}],"collection":[{"href":"https:\/\/baldumarket.lt\/lt\/wp-json\/wp\/v2\/product"}],"about":[{"href":"https:\/\/baldumarket.lt\/lt\/wp-json\/wp\/v2\/types\/product"}],"replies":[{"embeddable":true,"href":"https:\/\/baldumarket.lt\/lt\/wp-json\/wp\/v2\/comments?post=156739"}],"wp:featuredmedia":[{"embeddable":true,"href":"https:\/\/baldumarket.lt\/lt\/wp-json\/wp\/v2\/media\/156740"}],"wp:attachment":[{"href":"https:\/\/baldumarket.lt\/lt\/wp-json\/wp\/v2\/media?parent=156739"}],"wp:term":[{"taxonomy":"product_brand","embeddable":true,"href":"https:\/\/baldumarket.lt\/lt\/wp-json\/wp\/v2\/product_brand?post=156739"},{"taxonomy":"product_cat","embeddable":true,"href":"https:\/\/baldumarket.lt\/lt\/wp-json\/wp\/v2\/product_cat?post=156739"},{"taxonomy":"product_tag","embeddable":true,"href":"https:\/\/baldumarket.lt\/lt\/wp-json\/wp\/v2\/product_tag?post=156739"}],"curies":[{"name":"wp","href":"https:\/\/api.w.org\/{rel}","templated":true}]}}