{"id":156734,"date":"2025-12-18T18:42:55","date_gmt":"2025-12-18T15:42:55","guid":{"rendered":"https:\/\/baldumarket.lt\/product\/tulsa-wm-polka-wiszaca-dluga-bialy-bialy-polysk\/"},"modified":"2026-02-05T12:24:27","modified_gmt":"2026-02-05T09:24:27","slug":"tulsa-wm-polka-wiszaca-dluga-bialy-bialy-polysk","status":"publish","type":"product","link":"https:\/\/baldumarket.lt\/lt\/product\/tulsa-wm-polka-wiszaca-dluga-bialy-bialy-polysk\/","title":{"rendered":"Tulsa WM ilga sienin\u0117 lentyna, balta \/ blizgi balta"},"content":{"rendered":"<p>Atraskite pakabinam\u0105 lentyn\u0105, kurioje dera tradicin\u0117 elegancija ir modernaus dizaino funkcionalumas \u2013 \u201eTulsa WM Long Hanging Shelf\u201c rafinuoto \u201eGrandson Oak\u201c atspalvio. \u0160i unikali lentyna i\u0161 \u201eTulsa\u201c kolekcijos suteiks j\u016bs\u0173 interjerui \u0161ilt\u0105 ir jauk\u0173 poj\u016bt\u012f, o kruop\u0161\u010diai atrinkt\u0173 med\u017eiag\u0173 d\u0117ka tarnaus jums ilgus metus. \u0160is gaminys i\u0161siskiria savo patvarumu ir esteti\u0161ku meistri\u0161kumu. Lentynos priekis padengtas membrana, kuri ne tik suteikia sodri\u0105 vizualin\u0119 tekst\u016br\u0105, bet ir padidina atsparum\u0105 kasdieniam naudojimui. \u201eTulsa WM Long Hanging Shelf\u201c yra ne tik prakti\u0161kas, bet ir stilingas bet kuri\u0173 nam\u0173 papildymas, suteikiantis papildomos vietos j\u016bs\u0173 m\u0117gstamiausiems daiktams laikyti ar eksponuoti, o maksimali apkrova yra 3 kg. Be to, lentyna pristatoma savaranki\u0161kai surenkamose pakuot\u0117se. Pakuot\u0117je yra visi reikalingi tvirtinimo priedai ir i\u0161samios, ai\u0161kios instrukcijos, tod\u0117l surinkimas yra paprastas ir malonus u\u017esi\u0117mimas. Gaminio matmenys \u2013 plotis 180 cm, auk\u0161tis 22 cm ir gylis 23 cm \u2013 leis jums lengvai pritvirtinti lentyn\u0105 pasirinktoje vietoje.<\/p>","protected":false},"excerpt":{"rendered":"<p>Plotis (cm): 180<br \/>\n\u016agis (cm): 22<br \/>\nGylis (cm): 22<\/p>","protected":false},"featured_media":156735,"comment_status":"open","ping_status":"open","template":"","meta":[],"product_brand":[],"product_cat":[9434,1174,4105],"product_tag":[],"class_list":{"0":"post-156734","1":"product","2":"type-product","3":"status-publish","4":"has-post-thumbnail","6":"product_cat-furniture-system-tulsa","7":"product_cat-hanging-shelves","8":"product_cat-helvetia","10":"first","11":"instock","12":"purchasable","13":"product-type-simple"},"_links":{"self":[{"href":"https:\/\/baldumarket.lt\/lt\/wp-json\/wp\/v2\/product\/156734","targetHints":{"allow":["GET"]}}],"collection":[{"href":"https:\/\/baldumarket.lt\/lt\/wp-json\/wp\/v2\/product"}],"about":[{"href":"https:\/\/baldumarket.lt\/lt\/wp-json\/wp\/v2\/types\/product"}],"replies":[{"embeddable":true,"href":"https:\/\/baldumarket.lt\/lt\/wp-json\/wp\/v2\/comments?post=156734"}],"wp:featuredmedia":[{"embeddable":true,"href":"https:\/\/baldumarket.lt\/lt\/wp-json\/wp\/v2\/media\/156735"}],"wp:attachment":[{"href":"https:\/\/baldumarket.lt\/lt\/wp-json\/wp\/v2\/media?parent=156734"}],"wp:term":[{"taxonomy":"product_brand","embeddable":true,"href":"https:\/\/baldumarket.lt\/lt\/wp-json\/wp\/v2\/product_brand?post=156734"},{"taxonomy":"product_cat","embeddable":true,"href":"https:\/\/baldumarket.lt\/lt\/wp-json\/wp\/v2\/product_cat?post=156734"},{"taxonomy":"product_tag","embeddable":true,"href":"https:\/\/baldumarket.lt\/lt\/wp-json\/wp\/v2\/product_tag?post=156734"}],"curies":[{"name":"wp","href":"https:\/\/api.w.org\/{rel}","templated":true}]}}