{"id":156730,"date":"2025-12-18T18:42:48","date_gmt":"2025-12-18T15:42:48","guid":{"rendered":"https:\/\/baldumarket.lt\/product\/tulsa-wm-komoda-wysoka-2d1s-lewa-dab-grandson\/"},"modified":"2026-04-12T09:04:24","modified_gmt":"2026-04-12T06:04:24","slug":"tulsa-wm-komoda-wysoka-2d1s-lewa-dab-grandson","status":"publish","type":"product","link":"https:\/\/baldumarket.lt\/lt\/product\/tulsa-wm-komoda-wysoka-2d1s-lewa-dab-grandson\/","title":{"rendered":"Tulsa WM auk\u0161ta komoda, 2 stal\u010diai, 2 stal\u010diai, kair\u0117, \u0105\u017euolo spalvos, an\u016bkas"},"content":{"rendered":"<p>Pristatome unikali\u0105 auk\u0161t\u0105 komod\u0105 i\u0161 \u201eTulsa WM\u201c kolekcijos, model\u012f 2D1S Left White \/ Gloss White, kuri pavers j\u016bs\u0173 interjer\u0105 stilinga ir eleganti\u0161ka erdve. \u201eTulsa Type 42\u201c komoda \u2013 tai funkcionalus ir esteti\u0161kai patrauklus \u012fvairi\u0173 daikt\u0173 laikymo sprendimas, papildytas modernaus dizaino detal\u0117mis.<br \/>\nKomodos dizainerio i\u0161vaizd\u0105 dar labiau sustiprina dviej\u0173 dureli\u0173 sekcija, i\u0161 kuri\u0173 vienos pasi\u017eymi eleganti\u0161ku stiklu. Priekin\u0117 dalis pagaminta i\u0161 auk\u0161tos kokyb\u0117s MDF plok\u0161t\u0117s, padengtos membrana, u\u017etikrinan\u010dia patvarum\u0105 ir gaivum\u0105 ilgus metus. Blizgi balta apdaila suteikia erdv\u0117s poj\u016bt\u012f, atspindi \u0161vies\u0105 ir vizualiai padidina kambar\u012f.<br \/>\nKalbant apie erdv\u0117s organizavim\u0105, komoda si\u016blo \u0161e\u0161ias funkcines lentynas, simetri\u0161kai i\u0161d\u0117stytas abiejose spintel\u0117s pus\u0117se, leid\u017eian\u010dias patogiai sud\u0117ti aksesuarus, drabu\u017eius ar dokumentus ir lengvai pasiekti visk\u0105, ko reikia. Papildoma apdaila, pavyzd\u017eiui, juoda metalin\u0117 rankena, suteikia klas\u0117s ir subtiliai pabr\u0117\u017eia modern\u0173 komodos charakter\u012f. Tiek \u2019Tulsa WM\u201c kolekcijos komod\u0173 r\u0117mai, tiek fasadai yra itin patvar\u016bs, nes naudojamos laminuotos bald\u0173 plok\u0161t\u0117s, kurios yra atsparios pa\u017eeidimams ir lengvai valomos. Tiems, kurie vertina subtilius ap\u0161vietimo akcentus, galima \u012fsigyti modern\u0173 \u201eAlabama Unterbau II 2400AO01 1xLED\u201c LED ap\u0161vietim\u0105, kuris sukuria unikali\u0105 atmosfer\u0105 ir i\u0161ry\u0161kina komodos detales.<\/p>\n<p>Pasinerkite \u012f unikalios komodos prabang\u0105, kuri ne tik suteiks harmonijos j\u016bs\u0173 interjerui, bet ir taps dekoratyviniu elementu. Stikliavimui naudojamas gr\u016bdintas stiklas u\u017etikrina saugum\u0105 ir nesenstant\u012f charakter\u012f. \u201eTulsa WM\u201c komoda, kurios plotis \u2013 90 cm, auk\u0161tis \u2013 136 cm, o gylis \u2013 39 cm, pristatoma plok\u0161\u010diai supakuota, kad gal\u0117tum\u0117te surinkti patys, su paprastomis ir ai\u0161kiomis instrukcijomis bei visais reikalingais surinkimo priedais.<\/p>\n<p>\u012esigijus bald\u0105 i\u0161 \u0161ios kolekcijos, suteikiama papildoma 2 met\u0173 garantija, patvirtinanti auk\u0161t\u0105 kokyb\u0119 ir d\u0117mes\u012f kiekvienai detalei. Rinkit\u0117s \u201eTulsa WM\u201c komod\u0105 ir m\u0117gaukit\u0117s gro\u017eiu bei funkcionalumu kiekvien\u0105 dien\u0105.<\/p>","protected":false},"excerpt":{"rendered":"<p>Plotis (cm): 90<br \/>\n\u016agis (cm): 136<br \/>\nGylis (cm): 39<\/p>","protected":false},"featured_media":156731,"comment_status":"open","ping_status":"open","template":"","meta":[],"product_brand":[],"product_cat":[9434,1173,4105,2006],"product_tag":[],"class_list":{"0":"post-156730","1":"product","2":"type-product","3":"status-publish","4":"has-post-thumbnail","6":"product_cat-furniture-system-tulsa","7":"product_cat-chests-of-drawers","8":"product_cat-helvetia","9":"product_cat-vitrines","11":"first","12":"instock","13":"purchasable","14":"product-type-simple"},"_links":{"self":[{"href":"https:\/\/baldumarket.lt\/lt\/wp-json\/wp\/v2\/product\/156730","targetHints":{"allow":["GET"]}}],"collection":[{"href":"https:\/\/baldumarket.lt\/lt\/wp-json\/wp\/v2\/product"}],"about":[{"href":"https:\/\/baldumarket.lt\/lt\/wp-json\/wp\/v2\/types\/product"}],"replies":[{"embeddable":true,"href":"https:\/\/baldumarket.lt\/lt\/wp-json\/wp\/v2\/comments?post=156730"}],"wp:featuredmedia":[{"embeddable":true,"href":"https:\/\/baldumarket.lt\/lt\/wp-json\/wp\/v2\/media\/156731"}],"wp:attachment":[{"href":"https:\/\/baldumarket.lt\/lt\/wp-json\/wp\/v2\/media?parent=156730"}],"wp:term":[{"taxonomy":"product_brand","embeddable":true,"href":"https:\/\/baldumarket.lt\/lt\/wp-json\/wp\/v2\/product_brand?post=156730"},{"taxonomy":"product_cat","embeddable":true,"href":"https:\/\/baldumarket.lt\/lt\/wp-json\/wp\/v2\/product_cat?post=156730"},{"taxonomy":"product_tag","embeddable":true,"href":"https:\/\/baldumarket.lt\/lt\/wp-json\/wp\/v2\/product_tag?post=156730"}],"curies":[{"name":"wp","href":"https:\/\/api.w.org\/{rel}","templated":true}]}}