{"id":156723,"date":"2025-12-18T18:42:35","date_gmt":"2025-12-18T15:42:35","guid":{"rendered":"https:\/\/baldumarket.lt\/product\/tulsa-wm-komoda-wysoka-2d1s-lewa-bialy-bialy-polysk\/"},"modified":"2026-04-12T09:04:24","modified_gmt":"2026-04-12T06:04:24","slug":"tulsa-wm-komoda-wysoka-2d1s-lewa-bialy-bialy-polysk","status":"publish","type":"product","link":"https:\/\/baldumarket.lt\/lt\/product\/tulsa-wm-komoda-wysoka-2d1s-lewa-bialy-bialy-polysk\/","title":{"rendered":"Tulsa WM auk\u0161ta komoda su stal\u010diais, 2 stal\u010diais, kair\u0117, balta \/ blizgi balta"},"content":{"rendered":"<p>Tai modernus m\u016bs\u0173 \u201eTulsa WM\u201c kolekcijos papildymas \u2013 auk\u0161ta \u201eGrandson Oak 2-D1S\u201c komoda, kair\u0117. \u0160i nuostabi, funkcionali komoda sukurta suteikti \u0161ilumos ir elegancijos bet kokiam interjerui, kartu u\u017etikrinant prakti\u0161k\u0105 daikt\u0173 laikymo viet\u0105. \u201eTulsa Type 42\u201c komoda s\u0117kmingai derina estetik\u0105 ir prakti\u0161kum\u0105. Jos \u201eGrandson Oak\u201c apdaila suteikia kambariui jauki\u0105 atmosfer\u0105, sukurdama gamtos prisilietim\u0105 j\u016bs\u0173 nam\u0173 jaukumoje. Komodos priekis pagamintas i\u0161 MDF, kurio membranin\u0117 apdaila u\u017etikrina ilgalaik\u012f malonum\u0105 ir lengv\u0105 prie\u017ei\u016br\u0105. Spintel\u0117s korpusas pagamintas i\u0161 laminuotos plok\u0161t\u0117s, kuri suteikia patvarumo ir charakterio. J\u0105 sudaro dviej\u0173 dureli\u0173 sekcija su \u012fsp\u016bdingu stiklo skydeliu, puikiai tinkan\u010diu dekoracijoms ar knygoms eksponuoti. Komodoje yra \u0161e\u0161ios prakti\u0161kos lentynos \u2013 trys kair\u0117je ir trys de\u0161in\u0117je \u2013 leid\u017eian\u010dios tvarkingai laikyti \u012fvairius daiktus. Juoda metalin\u0117 rankena taip pat suteikia elegancijos, nes ji yra ne tik funkcionali, bet ir patraukli dekoratyvin\u0117 detal\u0117, o gr\u016bdintas stiklas suteikia komodai modernumo ir stiliaus.<\/p>","protected":false},"excerpt":{"rendered":"<p>Plotis (cm): 90<br \/>\n\u016agis (cm): 136<br \/>\nGylis (cm): 39<\/p>","protected":false},"featured_media":156724,"comment_status":"open","ping_status":"open","template":"","meta":[],"product_brand":[],"product_cat":[9434,1173,4105,2006],"product_tag":[],"class_list":{"0":"post-156723","1":"product","2":"type-product","3":"status-publish","4":"has-post-thumbnail","6":"product_cat-furniture-system-tulsa","7":"product_cat-chests-of-drawers","8":"product_cat-helvetia","9":"product_cat-vitrines","11":"first","12":"instock","13":"purchasable","14":"product-type-simple"},"_links":{"self":[{"href":"https:\/\/baldumarket.lt\/lt\/wp-json\/wp\/v2\/product\/156723","targetHints":{"allow":["GET"]}}],"collection":[{"href":"https:\/\/baldumarket.lt\/lt\/wp-json\/wp\/v2\/product"}],"about":[{"href":"https:\/\/baldumarket.lt\/lt\/wp-json\/wp\/v2\/types\/product"}],"replies":[{"embeddable":true,"href":"https:\/\/baldumarket.lt\/lt\/wp-json\/wp\/v2\/comments?post=156723"}],"wp:featuredmedia":[{"embeddable":true,"href":"https:\/\/baldumarket.lt\/lt\/wp-json\/wp\/v2\/media\/156724"}],"wp:attachment":[{"href":"https:\/\/baldumarket.lt\/lt\/wp-json\/wp\/v2\/media?parent=156723"}],"wp:term":[{"taxonomy":"product_brand","embeddable":true,"href":"https:\/\/baldumarket.lt\/lt\/wp-json\/wp\/v2\/product_brand?post=156723"},{"taxonomy":"product_cat","embeddable":true,"href":"https:\/\/baldumarket.lt\/lt\/wp-json\/wp\/v2\/product_cat?post=156723"},{"taxonomy":"product_tag","embeddable":true,"href":"https:\/\/baldumarket.lt\/lt\/wp-json\/wp\/v2\/product_tag?post=156723"}],"curies":[{"name":"wp","href":"https:\/\/api.w.org\/{rel}","templated":true}]}}