{"id":156718,"date":"2025-12-18T18:42:26","date_gmt":"2025-12-18T15:42:26","guid":{"rendered":"https:\/\/baldumarket.lt\/product\/tulsa-wm-komoda-rtv-mala-dab-grandson\/"},"modified":"2026-02-05T12:24:27","modified_gmt":"2026-02-05T09:24:27","slug":"tulsa-wm-komoda-rtv-mala-dab-grandson","status":"publish","type":"product","link":"https:\/\/baldumarket.lt\/lt\/product\/tulsa-wm-komoda-rtv-mala-dab-grandson\/","title":{"rendered":"Tulsa WM TV spintel\u0117, ma\u017ea, \u0105\u017euolo spalvos, An\u016bkas"},"content":{"rendered":"<p>Pasigro\u017e\u0117kite ma\u017eos \u201eTulsa WM\u201c televizoriaus spintel\u0117s \u201eGrandson Oak\u201c spalvos elegancija ir funkcionalumu. \u0160is baldas suteiks j\u016bs\u0173 svetainei jauki\u0105 atmosfer\u0105 ir bus puiki vieta demonstruoti j\u016bs\u0173 garso ir vaizdo \u012frang\u0105. Jis puikiai tinka tiek moderniam, tiek klasikiniam interjerui. \u201eTulsa 41\u201c televizoriaus spintel\u0117 derina modern\u0173 dizain\u0105 ir prakti\u0161kum\u0105. Dviejuose erdviuose stal\u010diuose, sujungtuose vienu priekiu, ir prakti\u0161koje ni\u0161oje vaizdo \u012frangai, ji leid\u017eia palaikyti tvark\u0105 ir esteti\u0161kai eksponuoti j\u016bs\u0173 pramog\u0173 centr\u0105. \u0160is baldas buvo sukurtas galvojant apie eleganti\u0161k\u0173 ir moderni\u0173 erdvi\u0173 m\u0117g\u0117jus. Papildomos \u0161ios spintel\u0117s savyb\u0117s \u2013 galimyb\u0117 j\u0105 apr\u016bpinti \u012fsp\u016bdingu \u201eAlabama II Unterbau\u201c (Led Quatro) 2xLED LED ap\u0161vietimu, kuris suteiks interjerui unikali\u0105 atmosfer\u0105 ir i\u0161ry\u0161kins jo privalumus. Ergonomi\u0161kos juodos metalin\u0117s ranken\u0117l\u0117s, kontrastuojan\u010dios su \u0161iltu \u201eGrandson Oak\u201c atspalviu, suteikia charakterio ir palengvina kasdien\u012f naudojim\u0105.<\/p>","protected":false},"excerpt":{"rendered":"<p>Plotis (cm): 140<br \/>\n\u016agis (cm): 52<br \/>\nGylis (cm): 50<\/p>","protected":false},"featured_media":156719,"comment_status":"open","ping_status":"open","template":"","meta":[],"product_brand":[],"product_cat":[9434,4105,1175],"product_tag":[],"class_list":{"0":"post-156718","1":"product","2":"type-product","3":"status-publish","4":"has-post-thumbnail","6":"product_cat-furniture-system-tulsa","7":"product_cat-helvetia","8":"product_cat-tv-stands","10":"first","11":"instock","12":"purchasable","13":"product-type-simple"},"_links":{"self":[{"href":"https:\/\/baldumarket.lt\/lt\/wp-json\/wp\/v2\/product\/156718","targetHints":{"allow":["GET"]}}],"collection":[{"href":"https:\/\/baldumarket.lt\/lt\/wp-json\/wp\/v2\/product"}],"about":[{"href":"https:\/\/baldumarket.lt\/lt\/wp-json\/wp\/v2\/types\/product"}],"replies":[{"embeddable":true,"href":"https:\/\/baldumarket.lt\/lt\/wp-json\/wp\/v2\/comments?post=156718"}],"wp:featuredmedia":[{"embeddable":true,"href":"https:\/\/baldumarket.lt\/lt\/wp-json\/wp\/v2\/media\/156719"}],"wp:attachment":[{"href":"https:\/\/baldumarket.lt\/lt\/wp-json\/wp\/v2\/media?parent=156718"}],"wp:term":[{"taxonomy":"product_brand","embeddable":true,"href":"https:\/\/baldumarket.lt\/lt\/wp-json\/wp\/v2\/product_brand?post=156718"},{"taxonomy":"product_cat","embeddable":true,"href":"https:\/\/baldumarket.lt\/lt\/wp-json\/wp\/v2\/product_cat?post=156718"},{"taxonomy":"product_tag","embeddable":true,"href":"https:\/\/baldumarket.lt\/lt\/wp-json\/wp\/v2\/product_tag?post=156718"}],"curies":[{"name":"wp","href":"https:\/\/api.w.org\/{rel}","templated":true}]}}