{"id":156711,"date":"2025-12-18T18:42:12","date_gmt":"2025-12-18T15:42:12","guid":{"rendered":"https:\/\/baldumarket.lt\/product\/tulsa-wm-komoda-rtv-mala-bialy-bialy-polysk\/"},"modified":"2026-02-05T12:24:27","modified_gmt":"2026-02-05T09:24:27","slug":"tulsa-wm-komoda-rtv-mala-bialy-bialy-polysk","status":"publish","type":"product","link":"https:\/\/baldumarket.lt\/lt\/product\/tulsa-wm-komoda-rtv-mala-bialy-bialy-polysk\/","title":{"rendered":"Tulsa WM ma\u017ea televizoriaus spintel\u0117, balta \/ blizgi balta"},"content":{"rendered":"<p>Pristatome unikal\u0173 televizoriaus staliuk\u0105 i\u0161 naujausios \u201eTulsa WM\u201c kolekcijos \u2013 ma\u017e\u0105 \u201eTulsa WM\u201c televizoriaus staliuk\u0105 baltos\/blizgios baltos spalvos. Jis i\u0161siskiria ne tik prakti\u0161kumu, bet ir stilingu dizainu, atitinkan\u010diu dabartines interjero dizaino tendencijas. \u0160is baldas sukurtas tiems, kurie vertina minimalizm\u0105 ir funkcionalum\u0105. Ma\u017eas \u201eTulsa 41\u201c televizoriaus staliukas yra universalus baldas, kuris d\u0117l kompakti\u0161k\u0173 matmen\u0173 (140 cm plo\u010dio, 52 cm auk\u0161\u010dio ir 50 cm gylio) puikiai tiks j\u016bs\u0173 nam\u0173 pramog\u0173 centre. Jame yra du eleganti\u0161ki, erdv\u016bs stal\u010diai, sujungti vienu priekiu, puikiai tinkantys \u012fvairiems priedams laikyti \u2013 nuo nuotolinio valdymo pulteli\u0173 iki film\u0173 ar \u017eaidim\u0173 kolekcij\u0173. Staliukas su rutuliniais guoliais skland\u017eiai atsidaro ir u\u017esidaro, padidindamas kasdien\u012f komfort\u0105. Renkantis \u012fmontuot\u0105 vaizdo \u012frang\u0105, buvo atsi\u017evelgta \u012f ergonomik\u0105, tod\u0117l sukurta funkcionali ni\u0161a, leid\u017eianti patogiai pastatyti dekoder\u012f ar konsol\u0119. D\u0117l blizgios baltos spalv\u0173 schemos \u201eTulsa WM\u201c indauja pagyvina ir vizualiai padidina kambar\u012f, tinka tiek klasikiniam, tiek modernesniam interjerui. Priekin\u0117 \u012frenginio dalis padengta specialia membrana, kuri padidina jo patvarum\u0105 ir estetin\u012f patrauklum\u0105.<\/p>","protected":false},"excerpt":{"rendered":"<p>Plotis (cm): 140<br \/>\n\u016agis (cm): 52<br \/>\nGylis (cm): 50<\/p>","protected":false},"featured_media":156712,"comment_status":"open","ping_status":"open","template":"","meta":[],"product_brand":[],"product_cat":[9434,4105,1175],"product_tag":[],"class_list":{"0":"post-156711","1":"product","2":"type-product","3":"status-publish","4":"has-post-thumbnail","6":"product_cat-furniture-system-tulsa","7":"product_cat-helvetia","8":"product_cat-tv-stands","10":"first","11":"instock","12":"purchasable","13":"product-type-simple"},"_links":{"self":[{"href":"https:\/\/baldumarket.lt\/lt\/wp-json\/wp\/v2\/product\/156711","targetHints":{"allow":["GET"]}}],"collection":[{"href":"https:\/\/baldumarket.lt\/lt\/wp-json\/wp\/v2\/product"}],"about":[{"href":"https:\/\/baldumarket.lt\/lt\/wp-json\/wp\/v2\/types\/product"}],"replies":[{"embeddable":true,"href":"https:\/\/baldumarket.lt\/lt\/wp-json\/wp\/v2\/comments?post=156711"}],"wp:featuredmedia":[{"embeddable":true,"href":"https:\/\/baldumarket.lt\/lt\/wp-json\/wp\/v2\/media\/156712"}],"wp:attachment":[{"href":"https:\/\/baldumarket.lt\/lt\/wp-json\/wp\/v2\/media?parent=156711"}],"wp:term":[{"taxonomy":"product_brand","embeddable":true,"href":"https:\/\/baldumarket.lt\/lt\/wp-json\/wp\/v2\/product_brand?post=156711"},{"taxonomy":"product_cat","embeddable":true,"href":"https:\/\/baldumarket.lt\/lt\/wp-json\/wp\/v2\/product_cat?post=156711"},{"taxonomy":"product_tag","embeddable":true,"href":"https:\/\/baldumarket.lt\/lt\/wp-json\/wp\/v2\/product_tag?post=156711"}],"curies":[{"name":"wp","href":"https:\/\/api.w.org\/{rel}","templated":true}]}}