{"id":156706,"date":"2025-12-18T18:42:02","date_gmt":"2025-12-18T15:42:02","guid":{"rendered":"https:\/\/baldumarket.lt\/product\/tulsa-wm-komoda-rtv-duza-dab-grandson\/"},"modified":"2026-02-05T12:24:36","modified_gmt":"2026-02-05T09:24:36","slug":"tulsa-wm-komoda-rtv-duza-dab-grandson","status":"publish","type":"product","link":"https:\/\/baldumarket.lt\/lt\/product\/tulsa-wm-komoda-rtv-duza-dab-grandson\/","title":{"rendered":"Tulsa WM didel\u0117s televizoriaus spintel\u0117, \u0105\u017euolo spalvos, Grandson"},"content":{"rendered":"<p>Suteikite savo svetainei \u0161ilumos ir stilingos elegancijos su didele \u2019Tulsa WM\u201c televizoriaus spintele \u201eGrandson Oak\u201c spalvos. \u0160i erdvi ir funkcionali televizoriaus spintel\u0117, priklausanti \u017eavingai \u201eTulsa\u201c kolekcijai, yra tobulas klasikinio dizaino ir moderni\u0173 apdailos element\u0173 derinys, puikiai \u012fsiliejantis \u012f dabartines interjero dizaino tendencijas. 160 cm plo\u010dio, 52 cm auk\u0161\u010dio ir 50 cm gylio didel\u0117 spintel\u0117 suteikia daug vietos dideliems, moderniems televizoriams. Jos i\u0161manus dizainas, su dviem erdviais stal\u010diais, sujungtais eleganti\u0161ku priekiu, ir prakti\u0161ka ni\u0161a vaizdo \u012frangai, pad\u0117s j\u016bs\u0173 nam\u0173 pramog\u0173 centre i\u0161likti tvarkingam ir tvarkingam. Kiekvienas stal\u010dius turi auk\u0161tos kokyb\u0117s rutulinius guolius, u\u017etikrinan\u010dius skland\u0173 ir tyl\u0173 veikim\u0105. Rafinuota \u201eGrandson Oak\u201c spalva derina med\u017eio \u0161ilum\u0105 su subtiliu, moderniu prisilietimu, suteikdama interjerui maloni\u0105, jauki\u0105 atmosfer\u0105. Komodos priekis pagamintas i\u0161 MDF plok\u0161t\u0117s, padengtos patvaria membrana, kuri ne tik apsaugo, bet ir pagerina baldo elegancij\u0105. Laminuotos bald\u0173 plok\u0161t\u0117s korpusas puikiai papildo priekin\u0119 dal\u012f, sukurdamas harmoning\u0105 visum\u0105.<\/p>","protected":false},"excerpt":{"rendered":"<p>Plotis (cm): 160<br \/>\n\u016agis (cm): 52<br \/>\nGylis (cm): 50<\/p>","protected":false},"featured_media":156707,"comment_status":"open","ping_status":"open","template":"","meta":[],"product_brand":[],"product_cat":[9434,4105,1175],"product_tag":[],"class_list":{"0":"post-156706","1":"product","2":"type-product","3":"status-publish","4":"has-post-thumbnail","6":"product_cat-furniture-system-tulsa","7":"product_cat-helvetia","8":"product_cat-tv-stands","10":"first","11":"instock","12":"purchasable","13":"product-type-simple"},"_links":{"self":[{"href":"https:\/\/baldumarket.lt\/lt\/wp-json\/wp\/v2\/product\/156706","targetHints":{"allow":["GET"]}}],"collection":[{"href":"https:\/\/baldumarket.lt\/lt\/wp-json\/wp\/v2\/product"}],"about":[{"href":"https:\/\/baldumarket.lt\/lt\/wp-json\/wp\/v2\/types\/product"}],"replies":[{"embeddable":true,"href":"https:\/\/baldumarket.lt\/lt\/wp-json\/wp\/v2\/comments?post=156706"}],"wp:featuredmedia":[{"embeddable":true,"href":"https:\/\/baldumarket.lt\/lt\/wp-json\/wp\/v2\/media\/156707"}],"wp:attachment":[{"href":"https:\/\/baldumarket.lt\/lt\/wp-json\/wp\/v2\/media?parent=156706"}],"wp:term":[{"taxonomy":"product_brand","embeddable":true,"href":"https:\/\/baldumarket.lt\/lt\/wp-json\/wp\/v2\/product_brand?post=156706"},{"taxonomy":"product_cat","embeddable":true,"href":"https:\/\/baldumarket.lt\/lt\/wp-json\/wp\/v2\/product_cat?post=156706"},{"taxonomy":"product_tag","embeddable":true,"href":"https:\/\/baldumarket.lt\/lt\/wp-json\/wp\/v2\/product_tag?post=156706"}],"curies":[{"name":"wp","href":"https:\/\/api.w.org\/{rel}","templated":true}]}}