{"id":156699,"date":"2025-12-18T18:41:48","date_gmt":"2025-12-18T15:41:48","guid":{"rendered":"https:\/\/baldumarket.lt\/product\/tulsa-wm-komoda-rtv-duza-bialy-bialy-polysk\/"},"modified":"2026-02-05T12:24:36","modified_gmt":"2026-02-05T09:24:36","slug":"tulsa-wm-komoda-rtv-duza-bialy-bialy-polysk","status":"publish","type":"product","link":"https:\/\/baldumarket.lt\/lt\/product\/tulsa-wm-komoda-rtv-duza-bialy-bialy-polysk\/","title":{"rendered":"Tulsa WM didel\u0117s televizoriaus spintel\u0117, balta \/ blizgi balta"},"content":{"rendered":"<p>Atraskite paprastumo ir funkcionalumo gro\u017e\u012f su dideliu \u201eTulsa WM\u201c televizoriaus stovu \u2013 bet kurio modernaus svetain\u0117s brangakmeniu. \u0160is unikalus \u201eTulsa WM\u201c kolekcijos baldas \u012fk\u016bnija modernaus dizaino esm\u0119, puikiai proporcingas. 160 cm plo\u010dio, 52 cm auk\u0161\u010dio ir 50 cm gylio \u201eTulsa WM\u201c stovas puikiai tinka tiek erdviems, tiek ma\u017eesniems kambariams, suteikdamas joms stiling\u0105 charakter\u012f. Svarbiausias \u0161io baldo bruo\u017eas \u2013 blizgi balta apdaila, kuri ne tik patraukia d\u0117mes\u012f, bet ir vizualiai padidina erdv\u0119. Kad stovo priekis b\u016bt\u0173 ilgalaikis, jis pagamintas i\u0161 MDF plok\u0161t\u0117s ir padengtas atsparia pa\u017eeidimams membrana. Tikslus kiekvienos detal\u0117s apdirbimas rodo auk\u0161t\u0105 stovo kokyb\u0119. Estetika neatsiejama nuo funkcionalumo \u2013 du erdv\u016bs stal\u010diai, sujungti vienu priekiu, u\u017etikrina patog\u0173 \u012fvairi\u0173 daikt\u0173 laikym\u0105. Stovas apr\u016bpintas moderniais rutuliniais guoliais, u\u017etikrinan\u010diais skland\u0173 ir tyl\u0173 veikim\u0105. Unikalus akcentas \u2013 juoda metalin\u0117 rankena, suteikianti elegancijos ir pasitik\u0117jimo kasdienio naudojimo metu.<\/p>","protected":false},"excerpt":{"rendered":"<p>Plotis (cm): 160<br \/>\n\u016agis (cm): 52<br \/>\nGylis (cm): 50<\/p>","protected":false},"featured_media":156700,"comment_status":"open","ping_status":"open","template":"","meta":[],"product_brand":[],"product_cat":[9434,4105,1175],"product_tag":[],"class_list":{"0":"post-156699","1":"product","2":"type-product","3":"status-publish","4":"has-post-thumbnail","6":"product_cat-furniture-system-tulsa","7":"product_cat-helvetia","8":"product_cat-tv-stands","10":"first","11":"instock","12":"purchasable","13":"product-type-simple"},"_links":{"self":[{"href":"https:\/\/baldumarket.lt\/lt\/wp-json\/wp\/v2\/product\/156699","targetHints":{"allow":["GET"]}}],"collection":[{"href":"https:\/\/baldumarket.lt\/lt\/wp-json\/wp\/v2\/product"}],"about":[{"href":"https:\/\/baldumarket.lt\/lt\/wp-json\/wp\/v2\/types\/product"}],"replies":[{"embeddable":true,"href":"https:\/\/baldumarket.lt\/lt\/wp-json\/wp\/v2\/comments?post=156699"}],"wp:featuredmedia":[{"embeddable":true,"href":"https:\/\/baldumarket.lt\/lt\/wp-json\/wp\/v2\/media\/156700"}],"wp:attachment":[{"href":"https:\/\/baldumarket.lt\/lt\/wp-json\/wp\/v2\/media?parent=156699"}],"wp:term":[{"taxonomy":"product_brand","embeddable":true,"href":"https:\/\/baldumarket.lt\/lt\/wp-json\/wp\/v2\/product_brand?post=156699"},{"taxonomy":"product_cat","embeddable":true,"href":"https:\/\/baldumarket.lt\/lt\/wp-json\/wp\/v2\/product_cat?post=156699"},{"taxonomy":"product_tag","embeddable":true,"href":"https:\/\/baldumarket.lt\/lt\/wp-json\/wp\/v2\/product_tag?post=156699"}],"curies":[{"name":"wp","href":"https:\/\/api.w.org\/{rel}","templated":true}]}}