{"id":156695,"date":"2025-12-18T18:41:40","date_gmt":"2025-12-18T15:41:40","guid":{"rendered":"https:\/\/baldumarket.lt\/product\/tulsa-wm-komoda-2d3s-dab-grandson\/"},"modified":"2026-02-05T12:24:36","modified_gmt":"2026-02-05T09:24:36","slug":"tulsa-wm-komoda-2d3s-dab-grandson","status":"publish","type":"product","link":"https:\/\/baldumarket.lt\/lt\/product\/tulsa-wm-komoda-2d3s-dab-grandson\/","title":{"rendered":"Tulsa WM komoda, 2D3S, \u0105\u017euolo spalvos, an\u016bkas"},"content":{"rendered":"<p>Pristatome eleganti\u0161k\u0105 ir funkcionali\u0105 \u201eTulsa WM 2D3S\u201c komod\u0105 blizgios baltos spalvos \u2013 modernaus dizaino ir prakti\u0161kumo sinonim\u0105. \u0160i unikali dviej\u0173 dur\u0173 komoda su trimis erdviais stal\u010diais ne tik puikiai papildys j\u016bs\u0173 namus, bet ir suteiks daug vietos daiktams susid\u0117ti.<br \/>\nKomoda, pagaminta i\u0161 auk\u0161tos kokyb\u0117s MDF plok\u0161t\u0117s, pasi\u017eymi blizgia apdaila, kuri puikiai dera prie bet kokio interjero, suteikdama spindesio ir erdv\u0117s poj\u016bt\u012f. Priekin\u0119 dal\u012f dengianti membrana ne tik pagerina estetik\u0105, bet ir u\u017etikrina didesn\u012f patvarum\u0105 bei atsparum\u0105 kasdieniam naudojimui.<br \/>\nKiekvienas stal\u010dius turi patvarius rutulinius guolius, kurie garantuoja skland\u0173 ir tyl\u0173 veikim\u0105, o juodos metalin\u0117s rankenos, kontrastuojan\u010dios su baltais fasadais, suteikia eleganti\u0161k\u0105 dekoratyvin\u012f akcent\u0105. \u201eTulsa WM\u201c komoda taip pat sukurta atsi\u017evelgiant \u012f paprast\u0105 naudojim\u0105 \u2013 tiek kair\u0117je, tiek de\u0161in\u0117je pus\u0117je yra po vien\u0105 lentyn\u0105, kad b\u016bt\u0173 lengviau susitvarkyti daiktus. Tvirta laminuotos bald\u0173 plok\u0161t\u0117s konstrukcija garantuoja ilgamet\u012f patvarum\u0105, pabr\u0117\u017eiant \u0161ios indauja prakti\u0161kum\u0105. Visas blokas pristatomas savaranki\u0161kai surenkamose pakuot\u0117se su visais reikalingais surinkimo priedais ir ai\u0161kiomis instrukcijomis, tod\u0117l surinkimas yra greitas ir be r\u016bpes\u010di\u0173.<\/p>\n<p>J\u016bs\u0173 pirkiniui suteikiama dvej\u0173 met\u0173 garantija, rodanti j\u016bs\u0173 pasitik\u0117jim\u0105 \u0161io gaminio kokybe ir patvarumu. Komodos specifikacijos kalba pa\u010dios u\u017e save: plotis 180 cm, auk\u0161tis 86 cm ir gylis 39 cm, tod\u0117l joje yra pakankamai vietos visiems j\u016bs\u0173 reikmenims, tod\u0117l ji idealiai tinka net ir ma\u017eesn\u0117ms erdv\u0117ms.<\/p>\n<p>Su\u017einokite, kaip blizgios baltos spalvos \u201eTulsa WM 2D3S\u201c indauja puikiai tiks j\u016bs\u0173 namams ir taps ne tik i\u0161skirtinai erdvia daikt\u0173 laikymo vieta, bet ir unikaliu baldu, suteiksian\u010diu j\u016bs\u0173 interjerui charakterio.<\/p>","protected":false},"excerpt":{"rendered":"<p>Plotis (cm): 180<br \/>\n\u016agis (cm): 86<br \/>\nGylis (cm): 39<\/p>","protected":false},"featured_media":156696,"comment_status":"open","ping_status":"open","template":"","meta":[],"product_brand":[],"product_cat":[9434,1173,4105],"product_tag":[],"class_list":{"0":"post-156695","1":"product","2":"type-product","3":"status-publish","4":"has-post-thumbnail","6":"product_cat-furniture-system-tulsa","7":"product_cat-chests-of-drawers","8":"product_cat-helvetia","10":"first","11":"instock","12":"purchasable","13":"product-type-simple"},"_links":{"self":[{"href":"https:\/\/baldumarket.lt\/lt\/wp-json\/wp\/v2\/product\/156695","targetHints":{"allow":["GET"]}}],"collection":[{"href":"https:\/\/baldumarket.lt\/lt\/wp-json\/wp\/v2\/product"}],"about":[{"href":"https:\/\/baldumarket.lt\/lt\/wp-json\/wp\/v2\/types\/product"}],"replies":[{"embeddable":true,"href":"https:\/\/baldumarket.lt\/lt\/wp-json\/wp\/v2\/comments?post=156695"}],"wp:featuredmedia":[{"embeddable":true,"href":"https:\/\/baldumarket.lt\/lt\/wp-json\/wp\/v2\/media\/156696"}],"wp:attachment":[{"href":"https:\/\/baldumarket.lt\/lt\/wp-json\/wp\/v2\/media?parent=156695"}],"wp:term":[{"taxonomy":"product_brand","embeddable":true,"href":"https:\/\/baldumarket.lt\/lt\/wp-json\/wp\/v2\/product_brand?post=156695"},{"taxonomy":"product_cat","embeddable":true,"href":"https:\/\/baldumarket.lt\/lt\/wp-json\/wp\/v2\/product_cat?post=156695"},{"taxonomy":"product_tag","embeddable":true,"href":"https:\/\/baldumarket.lt\/lt\/wp-json\/wp\/v2\/product_tag?post=156695"}],"curies":[{"name":"wp","href":"https:\/\/api.w.org\/{rel}","templated":true}]}}