{"id":156689,"date":"2025-12-18T18:41:28","date_gmt":"2025-12-18T15:41:28","guid":{"rendered":"https:\/\/baldumarket.lt\/product\/tulsa-wm-komoda-2d3s-bialy-bialy-polysk\/"},"modified":"2026-02-05T12:24:36","modified_gmt":"2026-02-05T09:24:36","slug":"tulsa-wm-komoda-2d3s-bialy-bialy-polysk","status":"publish","type":"product","link":"https:\/\/baldumarket.lt\/lt\/product\/tulsa-wm-komoda-2d3s-bialy-bialy-polysk\/","title":{"rendered":"Tulsa WM komoda su stal\u010diais 2D3S balta \/ blizgi balta"},"content":{"rendered":"<p>Atraskite nepaprast\u0105 stili\u0173 ir funkcionalum\u0105 su \u2019Tulsa WM 2D3S\u201c komoda \u201eGrandson Oak\u201c spalvos, kuri nepriekai\u0161tingai derina tradicin\u012f gro\u017e\u012f su moderniais dizaino sprendimais. Puikiai tinkanti erdvioms svetain\u0117ms, ma\u017eesniems miegamiesiems ir sve\u010di\u0173 kambariams, \u201eTulsa Type 26\u201c komoda \u012fne\u0161 \u012f j\u016bs\u0173 namus \u0161ilumos ir harmonijos atmosfer\u0105. I\u0161skirtinis \u0161ios eleganti\u0161kos komodos bruo\u017eas \u2013 membranin\u0117 apdaila, suteikianti ne tik unikal\u0173 fasad\u0173 akcent\u0105 ir i\u0161vaizd\u0105, bet ir papildom\u0105 apsaug\u0105 bei ilgaam\u017ei\u0161kum\u0105. Tai u\u017etikrina, kad \u201eTulsa\u201c kolekcija tarnaus ilgus metus neprarandant savo pirminio \u017eavesio. Komodos dizainas derina stiling\u0105 minimalizm\u0105 ir i\u0161skirtin\u012f prakti\u0161kum\u0105. Jos matmenys: plotis 180 cm, auk\u0161tis 86 cm ir gylis 39 cm, tod\u0117l tai puikus pasirinkimas tiems, kurie vertina apgalvot\u0105 erdv\u0117s organizavim\u0105. Dvi tvirtos dur\u0173 sekcijos kiekvienoje pus\u0117je slepia lentyn\u0105, leid\u017eian\u010di\u0105 tvarkingai susid\u0117ti \u012fvairius daiktus.<\/p>","protected":false},"excerpt":{"rendered":"<p>Plotis (cm): 180<br \/>\n\u016agis (cm): 86<br \/>\nGylis (cm): 39<\/p>","protected":false},"featured_media":156690,"comment_status":"open","ping_status":"open","template":"","meta":[],"product_brand":[],"product_cat":[9434,1173,4105],"product_tag":[],"class_list":{"0":"post-156689","1":"product","2":"type-product","3":"status-publish","4":"has-post-thumbnail","6":"product_cat-furniture-system-tulsa","7":"product_cat-chests-of-drawers","8":"product_cat-helvetia","10":"first","11":"instock","12":"purchasable","13":"product-type-simple"},"_links":{"self":[{"href":"https:\/\/baldumarket.lt\/lt\/wp-json\/wp\/v2\/product\/156689","targetHints":{"allow":["GET"]}}],"collection":[{"href":"https:\/\/baldumarket.lt\/lt\/wp-json\/wp\/v2\/product"}],"about":[{"href":"https:\/\/baldumarket.lt\/lt\/wp-json\/wp\/v2\/types\/product"}],"replies":[{"embeddable":true,"href":"https:\/\/baldumarket.lt\/lt\/wp-json\/wp\/v2\/comments?post=156689"}],"wp:featuredmedia":[{"embeddable":true,"href":"https:\/\/baldumarket.lt\/lt\/wp-json\/wp\/v2\/media\/156690"}],"wp:attachment":[{"href":"https:\/\/baldumarket.lt\/lt\/wp-json\/wp\/v2\/media?parent=156689"}],"wp:term":[{"taxonomy":"product_brand","embeddable":true,"href":"https:\/\/baldumarket.lt\/lt\/wp-json\/wp\/v2\/product_brand?post=156689"},{"taxonomy":"product_cat","embeddable":true,"href":"https:\/\/baldumarket.lt\/lt\/wp-json\/wp\/v2\/product_cat?post=156689"},{"taxonomy":"product_tag","embeddable":true,"href":"https:\/\/baldumarket.lt\/lt\/wp-json\/wp\/v2\/product_tag?post=156689"}],"curies":[{"name":"wp","href":"https:\/\/api.w.org\/{rel}","templated":true}]}}